{"id":883,"date":"2018-02-15T19:26:32","date_gmt":"2018-02-15T18:26:32","guid":{"rendered":"http:\/\/novidan.ba\/?post_type=product&#038;p=883"},"modified":"2024-01-18T02:42:04","modified_gmt":"2024-01-18T01:42:04","slug":"helichrysum-italicum-essential-oil","status":"publish","type":"product","link":"https:\/\/novidan.ba\/de\/produkt\/helichrysum-italicum-essential-oil\/","title":{"rendered":"\u00c4therisches Helichrysum italicum-\u00d6l"},"content":{"rendered":"<h1 style=\"text-align: center;\"><strong>HELICHRYSUM ITALICUM ESSENTIAL OIL <\/strong><\/h1>\n<h4 style=\"text-align: center;\"><strong>&#8211; IMPORTANT NOTE ON ESSENTIAL OIL QUALITY &#8211;\u00a0<\/strong><\/h4>\n<p><em><strong>Before making any particular purchase of helichrysum italicum essential oil or any other essential oils, especially online, everyone should take a good look at what they buy and what the seller claims for their product.<\/strong><\/em><\/p>\n<p><em><strong>Wir empfehlen Ihnen, sich vor dem Kauf einen Moment Zeit zu nehmen und etwas \u00fcber uns und unser Produkt zu lesen, f\u00fcr das wir stolz stehen.<\/strong><\/em><\/p>\n<p>Die Einf\u00fchrung des \u00d6ls von <i>H. italicum<\/i> in Aromatherapie stammt urspr\u00fcnglich aus Frankreich und wurde in englischsprachigen L\u00e4ndern durch den Aromatherapeuten und Autor Kurt Schnaubelt popul\u00e4r gemacht.<\/p>\n<p>M\u00f6chte mit kurzen Worten vom Blog beginnen <a href=\"http:\/\/www.kurtschnaubelt.com\/my-favorite-oils\/\" target=\"_blank\" rel=\"noopener noreferrer\">Dr. Kurt Schnaubelt<\/a> ein bekannter Name in der Welt der Aromatherapie und der \u00e4therischen \u00d6le., als sie ihn fragten, welches \u00d6l er als sein Favorit ausw\u00e4hlen w\u00fcrde.<\/p>\n<blockquote><p>&#8220;<strong>Helichrysum<\/strong><\/p>\n<p>Nehmen wir Helichrysum. <strong>Ein \u00d6l, ohne das man fast nicht mehr leben kann, wenn man es erlebt hat.<\/strong> Und wenn Sie sich unsere Liste ansehen, versuchen wir im Allgemeinen, eine Vielzahl von Helichrysum-\u00d6len unterschiedlicher Herkunft anzubieten. Jetzt ist die Reflexfrage, welches von allen am effektivsten oder, Trommelwirbel, \u201edas Beste\u201c ist. Ich glaube nicht, dass das eine besser ist als das andere. Ich wei\u00df, dass viele Aromatherapie-Enthusiasten die korsischen Sorten wegen ihres h\u00f6heren Estergehalts (Nerylacetat) bevorzugen werden. Aber dann gibt es noch die italienischen Provenienzen, die den korsischen sehr \u00e4hnlich sind.<\/p>\n<p>Und dann gibt es nat\u00fcrlich noch die bosnischen Sorten. Wir sind stolz auf die \u00fcberpr\u00fcfbare Echtheit all unserer \u00d6le. Wir waren an ihrem Produktionsort, haben gesehen, wie sie an mediterranen H\u00e4ngen geerntet wurden, sei es in einem Dorf auf Korsika oder einer kleinen Stadt in Bosnien-Herzegowina. Wir kaufen diese \u00d6le seit weit \u00fcber einem Jahrzehnt von denselben Herstellern und haben sehr enge Beziehungen zu ihnen aufgebaut.<\/p>\n<p>Ich pers\u00f6nlich verwende gerne das \u00d6l aus Bosnien, das wir als Nummer 118 auflisten. Es ist vielleicht nicht das spektakul\u00e4rste, und ich finde keinen logischen Grund. Ich glaube, es mag etwas mystisch sein, warum wir mit einem \u00d6l engere Beziehungen aufbauen als mit dem anderen. Ich wei\u00df auch, dass andere Personen die gleiche intime und mystische Vorliebe f\u00fcr die korsischen \u00d6le wie unser Grundnahrungsmittel 4135 entwickelt haben. Obwohl alle unsere \u00d6le von eindeutiger Authentizit\u00e4t sind, kann es schwierig bleiben, genau zu sagen, warum unser K\u00f6rper und Geist diese mysteri\u00f6sen Vorlieben entwickeln.\u201c<\/p><\/blockquote>\n<p>&nbsp;<\/p>\n<p>&nbsp;<\/p>\n<p>Viele \u00d6le, die Sie in der Drogerie oder \u00fcber das Internet finden k\u00f6nnen, sind <strong>NICHT AUCH IN DER N\u00c4HE<\/strong> hochwertig, rein und biologisch. Aufgrund fehlender Industriestandards und Vorschriften zu Begriffen wie z <strong>&quot;nat\u00fcrlich&quot;<\/strong> oder <strong>&quot;rein&quot;<\/strong> oder auch <strong>\u201eBio\u201c\u00a0 <\/strong>und ganz zu schweigen von \u201e<strong>therapeutischer Grad<\/strong> \u201c und einige andere.<\/p>\n<p>Diese Art von <a href=\"https:\/\/novidan.ba\/de\/2018\/01\/03\/fake-essential-oils\/\" target=\"_blank\" rel=\"noopener noreferrer\">FALSCHE \u00e4therische \u00d6le<\/a> ohne Analyse, Bio-Zertifikate etc. enthalten Schadstoffe oder Verf\u00e4lschungen und k\u00f6nnen sogar mit 0 echten \u00e4therischen \u00d6len beworben werden. (in viel mehr F\u00e4llen als man denkt).<\/p>\n<p>Um 1 Liter \u00e4therisches Helichrysum italicum-\u00d6l herzustellen, werden im Durchschnitt 500 bis 1000 kg (1100 lb, 5 OZ bis 2200 lb, 10 OZ) Pflanzenspitzen ben\u00f6tigt. Unter Ber\u00fccksichtigung der Kosten von <a href=\"http:\/\/novidan.ba\/de\/helichrysum-italicum-growing-firsthand-experience\/\" target=\"_blank\" rel=\"noopener noreferrer\">Helichrysum w\u00e4chst<\/a> und <a href=\"http:\/\/novidan.ba\/de\/helichrysum-distillery\/\">destillieren<\/a> Wir kommen zu sehr hohen Produktionspreiskalkulationen und das trotz <a href=\"http:\/\/novidan.ba\/de\/about-helichrysum\/\">heilenden Eigenschaften<\/a> von Helichrysum italicum ist dies ein weiterer Grund f\u00fcr hohe \u00d6lpreise.<\/p>\n<p>Der hohe Produktionspreis und der hohe Marktpreis von Helichrysum\u00f6l machen es attraktiv f\u00fcr F\u00e4lscher, und deshalb gibt es viele \u201egef\u00e4lschte \u00d6le\u201c auf dem Markt <strong>Robert Pappas, Ph.D.<\/strong> hinweisen <a href=\"https:\/\/www.facebook.com\/notes\/essential-oil-university\/dr-ps-price-guide-for-recognizing-fake-essential-oils-part-4-helichrysum\/10154858764468083\" target=\"_blank\" rel=\"noopener noreferrer\">diese Artikel.<\/a><\/p>\n<p><strong> Eine gute Marke sollte diese Richtlinien befolgen:<\/strong><\/p>\n<ul>\n<li>Jeder Verk\u00e4ufer muss liefern <a href=\"http:\/\/novidan.ba\/de\/gc-analysis-oil-samples\/\" target=\"_blank\" rel=\"noopener noreferrer\">GC-Analyse<\/a> und <strong>GARANTIE<\/strong> f\u00fcr den Analysewert \u2013 das Wichtigste ist die Reinheit.<\/li>\n<li>Sollte liefern <a href=\"https:\/\/novidan.ba\/de\/organic-certificate-helichrysum-ecocert\/\" target=\"_blank\" rel=\"noopener noreferrer\">Bio-Zertifikat<\/a> ( seri\u00f6ses Unternehmen ) Es ist wichtig, dass die Pflanzen biologisch angebaut werden, schlie\u00dflich wird das \u00d6l in unserem K\u00f6rper enden.<\/li>\n<li>Richtige Pflanzensorten (Helichrysum-Familie hat 500 verschiedene Arten, aber nur eine ist \u2013 <strong>kursiv<\/strong> \u2013 Arten mit echten (immortelle \u2013 ewigen) Sortenwirkungen.<\/li>\n<li>Jede Pflanze, die einheimisch angebaut wird, ist die ges\u00fcndeste Pflanze.<\/li>\n<li>Ohne chemische Pestizide, Herbizide usw. angebaut (wir sind wieder bei den Zertifikaten).<\/li>\n<li><strong>Helichrysum<\/strong> sollte mit pr\u00e4zisem Timing f\u00fcr Spitzeneigenschaften geerntet werden.<\/li>\n<li><strong>Helichrysum<\/strong> \u00d6l sollte mit der richtigen Temperatur und dem richtigen Druck extrahiert werden, um \u00d6lmolek\u00fcle zu erhalten \u2013 <a href=\"https:\/\/novidan.ba\/de\/helichrysum-distillery\/\" target=\"_blank\" rel=\"noopener noreferrer\">Kunst der Destillation<\/a> \u2013 zeitgem\u00e4\u00dfe Destillationsausr\u00fcstung.<\/li>\n<\/ul>\n<p>Wir haben 100% positive R\u00fcckmeldungen von unseren Kunden weltweit zu allen unseren Einzelhandelsgesch\u00e4ften, was genug f\u00fcr sich selbst spricht.<\/p>\n<p>Schlie\u00dflich glauben wir so sehr an unser Produkt, dass wir jedem eine anbieten <strong>voll<\/strong> <strong>Erstattung<\/strong> wenn unser Produkt nicht alle oben genannten Punkte erf\u00fcllt und der Kunde mit unserem Produkt nicht zufrieden ist.<\/p>\n<h4>These is helichrysum italicum essential oil retail shop on site, for wholesale quantities and inquiry contact us on <a href=\"mailto:novidan365@gmail.com\" target=\"_blank\" rel=\"noopener noreferrer\">Email<\/a> oder f\u00fcllen <a href=\"http:\/\/novidan.ba\/de\/#contact\">Kontaktformular vor Ort.<\/a><\/h4>\n<h5><a href=\"http:\/\/novidan.ba\/de\/shipping-return-refund-policy\/\">Versand-, R\u00fcckgabe- und R\u00fcckerstattungsrichtlinie<\/a><\/h5>","protected":false},"excerpt":{"rendered":"<p style=\"text-align: right;\">Buy your helichrysum oil straight from <b>BRENNEREI, Sie werden den Unterschied sp\u00fcren.<br \/>\n<\/b><\/p>","protected":false},"featured_media":6420,"comment_status":"open","ping_status":"closed","template":"","meta":{"_monsterinsights_skip_tracking":false,"_monsterinsights_sitenote_active":false,"_monsterinsights_sitenote_note":"","_monsterinsights_sitenote_category":0,"_joinchat":[]},"product_brand":[],"product_cat":[17],"product_tag":[],"class_list":{"0":"post-883","1":"product","2":"type-product","3":"status-publish","4":"has-post-thumbnail","6":"product_cat-essential-oils-hydrosol","7":"product_shipping_class-economy","9":"first","10":"instock","11":"sale","12":"featured","13":"taxable","14":"shipping-taxable","15":"purchasable","16":"product-type-variable","17":"has-default-attributes"},"yoast_head":"<!-- This site is optimized with the Yoast SEO plugin v27.3 - https:\/\/yoast.com\/product\/yoast-seo-wordpress\/ -->\n<title>Helichrysum italicum essential oil- Immortelle - Direct from Distillery<\/title>\n<meta name=\"description\" content=\"Buy your organic helichrysum italicum essential oil direct from farm and distillery. You will feel the difference. GC\/MS Tested, organic certificated.\" \/>\n<meta name=\"robots\" content=\"index, follow, max-snippet:-1, max-image-preview:large, max-video-preview:-1\" \/>\n<link rel=\"canonical\" href=\"https:\/\/novidan.ba\/de\/produkt\/helichrysum-italicum-essential-oil\/\" \/>\n<meta property=\"og:locale\" content=\"de_DE\" \/>\n<meta property=\"og:type\" content=\"article\" \/>\n<meta property=\"og:title\" content=\"Helichrysum italicum essential oil- Immortelle - Direct from Distillery\" \/>\n<meta property=\"og:description\" content=\"Buy your organic helichrysum italicum essential oil direct from farm and distillery. You will feel the difference. GC\/MS Tested, organic certificated.\" \/>\n<meta property=\"og:url\" content=\"https:\/\/novidan.ba\/de\/produkt\/helichrysum-italicum-essential-oil\/\" \/>\n<meta property=\"og:site_name\" content=\"Helichrysum italicum oil\" \/>\n<meta property=\"article:publisher\" content=\"https:\/\/www.facebook.com\/novidannn\/\" \/>\n<meta property=\"article:modified_time\" content=\"2024-01-18T01:42:04+00:00\" \/>\n<meta property=\"og:image\" content=\"https:\/\/novidan.ba\/wp-content\/uploads\/2018\/02\/HELICHRYSUM-OIL-BOTTLE-NOVI-DAN-5ml.jpg\" \/>\n\t<meta property=\"og:image:width\" content=\"1134\" \/>\n\t<meta property=\"og:image:height\" content=\"986\" \/>\n\t<meta property=\"og:image:type\" content=\"image\/jpeg\" \/>\n<meta name=\"twitter:card\" content=\"summary_large_image\" \/>\n<meta name=\"twitter:site\" content=\"@HelichrysumOrg\" \/>\n<meta name=\"twitter:label1\" content=\"Gesch\u00e4tzte Lesezeit\" \/>\n\t<meta name=\"twitter:data1\" content=\"3\u00a0Minuten\" \/>\n<script type=\"application\/ld+json\" class=\"yoast-schema-graph\">{\"@context\":\"https:\\\/\\\/schema.org\",\"@graph\":[{\"@type\":\"WebPage\",\"@id\":\"https:\\\/\\\/novidan.ba\\\/product\\\/helichrysum-italicum-essential-oil\\\/\",\"url\":\"https:\\\/\\\/novidan.ba\\\/product\\\/helichrysum-italicum-essential-oil\\\/\",\"name\":\"Helichrysum italicum essential oil- Immortelle - Direct from Distillery\",\"isPartOf\":{\"@id\":\"https:\\\/\\\/novidan.ba\\\/#website\"},\"primaryImageOfPage\":{\"@id\":\"https:\\\/\\\/novidan.ba\\\/product\\\/helichrysum-italicum-essential-oil\\\/#primaryimage\"},\"image\":{\"@id\":\"https:\\\/\\\/novidan.ba\\\/product\\\/helichrysum-italicum-essential-oil\\\/#primaryimage\"},\"thumbnailUrl\":\"https:\\\/\\\/novidan.ba\\\/wp-content\\\/uploads\\\/2018\\\/02\\\/HELICHRYSUM-OIL-BOTTLE-NOVI-DAN-5ml.jpg\",\"datePublished\":\"2018-02-15T18:26:32+00:00\",\"dateModified\":\"2024-01-18T01:42:04+00:00\",\"description\":\"Buy your organic helichrysum italicum essential oil direct from farm and distillery. You will feel the difference. GC\\\/MS Tested, organic certificated.\",\"breadcrumb\":{\"@id\":\"https:\\\/\\\/novidan.ba\\\/product\\\/helichrysum-italicum-essential-oil\\\/#breadcrumb\"},\"inLanguage\":\"de\",\"potentialAction\":[{\"@type\":\"ReadAction\",\"target\":[\"https:\\\/\\\/novidan.ba\\\/product\\\/helichrysum-italicum-essential-oil\\\/\"]}]},{\"@type\":\"ImageObject\",\"inLanguage\":\"de\",\"@id\":\"https:\\\/\\\/novidan.ba\\\/product\\\/helichrysum-italicum-essential-oil\\\/#primaryimage\",\"url\":\"https:\\\/\\\/novidan.ba\\\/wp-content\\\/uploads\\\/2018\\\/02\\\/HELICHRYSUM-OIL-BOTTLE-NOVI-DAN-5ml.jpg\",\"contentUrl\":\"https:\\\/\\\/novidan.ba\\\/wp-content\\\/uploads\\\/2018\\\/02\\\/HELICHRYSUM-OIL-BOTTLE-NOVI-DAN-5ml.jpg\",\"width\":1134,\"height\":986,\"caption\":\"Organic Helichrysum italicum essential oil\"},{\"@type\":\"BreadcrumbList\",\"@id\":\"https:\\\/\\\/novidan.ba\\\/product\\\/helichrysum-italicum-essential-oil\\\/#breadcrumb\",\"itemListElement\":[{\"@type\":\"ListItem\",\"position\":1,\"name\":\"Home\",\"item\":\"https:\\\/\\\/novidan.ba\\\/\"},{\"@type\":\"ListItem\",\"position\":2,\"name\":\"Helichrysum italicum oil\",\"item\":\"https:\\\/\\\/novidan.ba\\\/shop\\\/\"},{\"@type\":\"ListItem\",\"position\":3,\"name\":\"Helichrysum italicum essential oil\"}]},{\"@type\":\"WebSite\",\"@id\":\"https:\\\/\\\/novidan.ba\\\/#website\",\"url\":\"https:\\\/\\\/novidan.ba\\\/\",\"name\":\"Helichrysum italicum oil\",\"description\":\"Helichrysum Italicum oil Farm and Distillery\",\"publisher\":{\"@id\":\"https:\\\/\\\/novidan.ba\\\/#organization\"},\"alternateName\":\"Helichrysum oil\",\"potentialAction\":[{\"@type\":\"SearchAction\",\"target\":{\"@type\":\"EntryPoint\",\"urlTemplate\":\"https:\\\/\\\/novidan.ba\\\/?s={search_term_string}\"},\"query-input\":{\"@type\":\"PropertyValueSpecification\",\"valueRequired\":true,\"valueName\":\"search_term_string\"}}],\"inLanguage\":\"de\"},{\"@type\":\"Organization\",\"@id\":\"https:\\\/\\\/novidan.ba\\\/#organization\",\"name\":\"Helichrysum essential oil farm\",\"alternateName\":\"Essential oil distillery - New Day\",\"url\":\"https:\\\/\\\/novidan.ba\\\/\",\"logo\":{\"@type\":\"ImageObject\",\"inLanguage\":\"de\",\"@id\":\"https:\\\/\\\/novidan.ba\\\/#\\\/schema\\\/logo\\\/image\\\/\",\"url\":\"https:\\\/\\\/novidan.ba\\\/wp-content\\\/uploads\\\/2020\\\/03\\\/heichrysum_italicum.jpg\",\"contentUrl\":\"https:\\\/\\\/novidan.ba\\\/wp-content\\\/uploads\\\/2020\\\/03\\\/heichrysum_italicum.jpg\",\"width\":200,\"height\":200,\"caption\":\"Helichrysum essential oil farm\"},\"image\":{\"@id\":\"https:\\\/\\\/novidan.ba\\\/#\\\/schema\\\/logo\\\/image\\\/\"},\"sameAs\":[\"https:\\\/\\\/www.facebook.com\\\/novidannn\\\/\",\"https:\\\/\\\/x.com\\\/HelichrysumOrg\",\"https:\\\/\\\/www.instagram.com\\\/helichrysum_italicum\\\/\",\"https:\\\/\\\/www.linkedin.com\\\/in\\\/helichrysum-italicum\\\/\",\"https:\\\/\\\/www.youtube.com\\\/channel\\\/UCOhCOan0gVq1RFDPZDDo9Pw\"]}]}<\/script>\n<!-- \/ Yoast SEO plugin. -->","yoast_head_json":{"title":"Helichrysum italicum essential oil- Immortelle - Direct from Distillery","description":"Buy your organic helichrysum italicum essential oil direct from farm and distillery. You will feel the difference. GC\/MS Tested, organic certificated.","robots":{"index":"index","follow":"follow","max-snippet":"max-snippet:-1","max-image-preview":"max-image-preview:large","max-video-preview":"max-video-preview:-1"},"canonical":"https:\/\/novidan.ba\/de\/produkt\/helichrysum-italicum-essential-oil\/","og_locale":"de_DE","og_type":"article","og_title":"Helichrysum italicum essential oil- Immortelle - Direct from Distillery","og_description":"Buy your organic helichrysum italicum essential oil direct from farm and distillery. You will feel the difference. GC\/MS Tested, organic certificated.","og_url":"https:\/\/novidan.ba\/de\/produkt\/helichrysum-italicum-essential-oil\/","og_site_name":"Helichrysum italicum oil","article_publisher":"https:\/\/www.facebook.com\/novidannn\/","article_modified_time":"2024-01-18T01:42:04+00:00","og_image":[{"width":1134,"height":986,"url":"https:\/\/novidan.ba\/wp-content\/uploads\/2018\/02\/HELICHRYSUM-OIL-BOTTLE-NOVI-DAN-5ml.jpg","type":"image\/jpeg"}],"twitter_card":"summary_large_image","twitter_site":"@HelichrysumOrg","twitter_misc":{"Gesch\u00e4tzte Lesezeit":"3\u00a0Minuten"},"schema":{"@context":"https:\/\/schema.org","@graph":[{"@type":"WebPage","@id":"https:\/\/novidan.ba\/product\/helichrysum-italicum-essential-oil\/","url":"https:\/\/novidan.ba\/product\/helichrysum-italicum-essential-oil\/","name":"Helichrysum italicum essential oil- Immortelle - Direct from Distillery","isPartOf":{"@id":"https:\/\/novidan.ba\/#website"},"primaryImageOfPage":{"@id":"https:\/\/novidan.ba\/product\/helichrysum-italicum-essential-oil\/#primaryimage"},"image":{"@id":"https:\/\/novidan.ba\/product\/helichrysum-italicum-essential-oil\/#primaryimage"},"thumbnailUrl":"https:\/\/novidan.ba\/wp-content\/uploads\/2018\/02\/HELICHRYSUM-OIL-BOTTLE-NOVI-DAN-5ml.jpg","datePublished":"2018-02-15T18:26:32+00:00","dateModified":"2024-01-18T01:42:04+00:00","description":"Buy your organic helichrysum italicum essential oil direct from farm and distillery. You will feel the difference. GC\/MS Tested, organic certificated.","breadcrumb":{"@id":"https:\/\/novidan.ba\/product\/helichrysum-italicum-essential-oil\/#breadcrumb"},"inLanguage":"de","potentialAction":[{"@type":"ReadAction","target":["https:\/\/novidan.ba\/product\/helichrysum-italicum-essential-oil\/"]}]},{"@type":"ImageObject","inLanguage":"de","@id":"https:\/\/novidan.ba\/product\/helichrysum-italicum-essential-oil\/#primaryimage","url":"https:\/\/novidan.ba\/wp-content\/uploads\/2018\/02\/HELICHRYSUM-OIL-BOTTLE-NOVI-DAN-5ml.jpg","contentUrl":"https:\/\/novidan.ba\/wp-content\/uploads\/2018\/02\/HELICHRYSUM-OIL-BOTTLE-NOVI-DAN-5ml.jpg","width":1134,"height":986,"caption":"Organic Helichrysum italicum essential oil"},{"@type":"BreadcrumbList","@id":"https:\/\/novidan.ba\/product\/helichrysum-italicum-essential-oil\/#breadcrumb","itemListElement":[{"@type":"ListItem","position":1,"name":"Home","item":"https:\/\/novidan.ba\/"},{"@type":"ListItem","position":2,"name":"Helichrysum italicum oil","item":"https:\/\/novidan.ba\/shop\/"},{"@type":"ListItem","position":3,"name":"Helichrysum italicum essential oil"}]},{"@type":"WebSite","@id":"https:\/\/novidan.ba\/#website","url":"https:\/\/novidan.ba\/","name":"Helichrysum italicum \u00d6l","description":"Helichrysum Italicum oil Farm and Distillery","publisher":{"@id":"https:\/\/novidan.ba\/#organization"},"alternateName":"Helichrysum oil","potentialAction":[{"@type":"SearchAction","target":{"@type":"EntryPoint","urlTemplate":"https:\/\/novidan.ba\/?s={search_term_string}"},"query-input":{"@type":"PropertyValueSpecification","valueRequired":true,"valueName":"search_term_string"}}],"inLanguage":"de"},{"@type":"Organization","@id":"https:\/\/novidan.ba\/#organization","name":"Helichrysum essential oil farm","alternateName":"Essential oil distillery - New Day","url":"https:\/\/novidan.ba\/","logo":{"@type":"ImageObject","inLanguage":"de","@id":"https:\/\/novidan.ba\/#\/schema\/logo\/image\/","url":"https:\/\/novidan.ba\/wp-content\/uploads\/2020\/03\/heichrysum_italicum.jpg","contentUrl":"https:\/\/novidan.ba\/wp-content\/uploads\/2020\/03\/heichrysum_italicum.jpg","width":200,"height":200,"caption":"Helichrysum essential oil farm"},"image":{"@id":"https:\/\/novidan.ba\/#\/schema\/logo\/image\/"},"sameAs":["https:\/\/www.facebook.com\/novidannn\/","https:\/\/x.com\/HelichrysumOrg","https:\/\/www.instagram.com\/helichrysum_italicum\/","https:\/\/www.linkedin.com\/in\/helichrysum-italicum\/","https:\/\/www.youtube.com\/channel\/UCOhCOan0gVq1RFDPZDDo9Pw"]}]}},"_links":{"self":[{"href":"https:\/\/novidan.ba\/de\/wp-json\/wp\/v2\/product\/883","targetHints":{"allow":["GET"]}}],"collection":[{"href":"https:\/\/novidan.ba\/de\/wp-json\/wp\/v2\/product"}],"about":[{"href":"https:\/\/novidan.ba\/de\/wp-json\/wp\/v2\/types\/product"}],"replies":[{"embeddable":true,"href":"https:\/\/novidan.ba\/de\/wp-json\/wp\/v2\/comments?post=883"}],"wp:featuredmedia":[{"embeddable":true,"href":"https:\/\/novidan.ba\/de\/wp-json\/wp\/v2\/media\/6420"}],"wp:attachment":[{"href":"https:\/\/novidan.ba\/de\/wp-json\/wp\/v2\/media?parent=883"}],"wp:term":[{"taxonomy":"product_brand","embeddable":true,"href":"https:\/\/novidan.ba\/de\/wp-json\/wp\/v2\/product_brand?post=883"},{"taxonomy":"product_cat","embeddable":true,"href":"https:\/\/novidan.ba\/de\/wp-json\/wp\/v2\/product_cat?post=883"},{"taxonomy":"product_tag","embeddable":true,"href":"https:\/\/novidan.ba\/de\/wp-json\/wp\/v2\/product_tag?post=883"}],"curies":[{"name":"wp","href":"https:\/\/api.w.org\/{rel}","templated":true}]}}