{"id":7845,"date":"2022-06-12T16:04:25","date_gmt":"2022-06-12T15:04:25","guid":{"rendered":"https:\/\/novidan.ba\/?post_type=product&#038;p=7845"},"modified":"2025-07-04T11:26:38","modified_gmt":"2025-07-04T10:26:38","slug":"helichrysum-hydrolate-organic-5-l","status":"publish","type":"product","link":"https:\/\/novidan.ba\/de\/produkt\/helichrysum-hydrolate-organic-5-l\/","title":{"rendered":"HELICHRYSUM ITALICUM HYDROLATE | Organic | 5 L |"},"content":{"rendered":"<p>KAUFEN SIE IHR HELICHRYSUM ITALICUM HYDROSOL ( HYDROLAT ) DIREKT VON UNSEREM BAUERNHOF UND BRENNEREI,<\/p>\n<p>Sie werden den Unterschied sp\u00fcren.<\/p>\n<p><em><strong>Great offer for anyone who needs hydrolate whether for cosmetics or further resale at retail<\/strong><\/em><\/p>\n<p><strong><em>US ONLY &#8211; for now available only for US market<\/em> <\/strong><\/p>\n<p>www.novidan.ba<\/p>\n<p>100% ORGANIC Certified Pure, Helichrysum italicum HYDROSOL<\/p>\n<p>Helichrysum (Helichrysum italicum), bekannt als Immortelle und Everlasting, ist bekannt f\u00fcr seine starke Unterst\u00fctzung der Hautgesundheit.<\/p>\n<p>Wir bieten Hydrolate aus unserem Bio-Bauernhof an und garantieren Sauberkeit und Bio-Qualit\u00e4t. Wir f\u00fcgen dem Hydrolat keine Konservierungsstoffe hinzu und verwenden es am besten 6-12 Monate nach dem Kauf.<\/p>\n<p>Helichrysum Hydrolat wirkt entz\u00fcndungshemmend und schmerzlindernd und verbessert Hauterkrankungen wie Rosacea, Couperose und andere Irritationen.<br \/>\nAuch ideal f\u00fcr empfindliche Haut und Hautausschl\u00e4ge, unterst\u00fctzt die Linderung von Haut, die durch Strahlung (Verbrennungen) und Sonnenbrand beeintr\u00e4chtigt wurde, wirksam bei Prellungen und Beulen. Gro\u00dfe Spray-Erleichterung, nachdem man sich beim Training \u00fcberm\u00e4\u00dfig angestrengt hat.<\/p>\n<p>Wir gewinnen unsere Hydrolate durch die Gewinnung \u00e4therischer \u00d6le aus Pflanzen in unserer Destillerie. Das so gewonnene Hydrosol hat alle Vorteile \u00e4therischer \u00d6le, ist aber viel milder und kann direkt auf der Haut angewendet werden.<\/p>\n<p>ANWENDUNG<\/p>\n<p>Auf die gereinigte Haut aufspr\u00fchen und immer dann, wenn Ihre Haut eine Erfrischung braucht, auch ideal bei Sonnenbrand oder Windbrand.<\/p>\n<p>Vor dem Auftragen von Feuchtigkeitscreme oder Gesichts\u00f6l auf die gereinigte Haut spr\u00fchen.<\/p>\n<p>Leistungen:<\/p>\n<p>Antiphlogistikum<br \/>\nAnti-H\u00e4matom<br \/>\nLindert Sonnenbrand<br \/>\nReduziert Schwellungen<br \/>\nErdung<br \/>\nAntialterung<br \/>\nHauttoner<\/p>\n<p>Lieferdauer:<\/p>\n<p>&nbsp;<\/p>\n<p><strong>USA: 5 &#8211; 7 working days<\/strong><\/p>\n<p>Anderes Land: 20 \u2013 30 Werktage<\/p>\n<p>*Nur zur \u00e4u\u00dferlichen Anwendung. Von Kindern fernhalten. Beenden Sie die Anwendung und konsultieren Sie Ihren Arzt, wenn Reizungen auftreten. Augen- und Schleimhautkontakt vermeiden. Konsultieren Sie einen Arzt, wenn Sie schwanger sind und stillen. Alle obigen Aussagen dienen zu Informationszwecken,New Day Ltd. ( Novi Dan doo ) erhebt keine medizinischen Anspr\u00fcche. Produkte, die nicht zur Diagnose, Heilung, Behandlung oder Vorbeugung von Krankheiten oder Beschwerden bestimmt sind. Die von New Day Ltd. ( New Day ltd ) wurde nicht von der FDA bewertet. Alle Produkte sind nur f\u00fcr den kosmetischen Gebrauch bestimmt.<\/p>\n<h3>F\u00dcR DEN GROSSHANDEL <b>HELICHRYSUM HYDROSOL MENGE<\/b> <a href=\"mailto:novidan365@gmail.com\"> KONTAKTIERE UNS !!!<\/a><\/h3>\n<p><a href=\"http:\/\/novidan.ba\/de\/shipping-return-refund-policy\/\">Versand-, R\u00fcckgabe- und R\u00fcckerstattungsrichtlinie<\/a><\/p>","protected":false},"excerpt":{"rendered":"<p>Kaufen Sie Ihr Helichrysum-Hydrolat direkt bei der <b>BRENNEREI, Sie werden den Unterschied sp\u00fcren.<br \/>\n<\/b><\/p>","protected":false},"featured_media":7848,"comment_status":"open","ping_status":"closed","template":"","meta":{"_monsterinsights_skip_tracking":false,"_monsterinsights_sitenote_active":false,"_monsterinsights_sitenote_note":"","_monsterinsights_sitenote_category":0,"_joinchat":[]},"product_brand":[],"product_cat":[17],"product_tag":[],"class_list":{"0":"post-7845","1":"product","2":"type-product","3":"status-publish","4":"has-post-thumbnail","6":"product_cat-essential-oils-hydrosol","7":"product_shipping_class-economy","9":"first","10":"instock","11":"featured","12":"taxable","13":"shipping-taxable","14":"purchasable","15":"product-type-variable","16":"has-default-attributes"},"yoast_head":"<!-- This site is optimized with the Yoast SEO plugin v27.3 - https:\/\/yoast.com\/product\/yoast-seo-wordpress\/ -->\n<title>Helichrysum italicum hydrosol - hydrolate<\/title>\n<meta name=\"description\" content=\"BUY YOUR ORGANIC HELICHRYSUM ITALICUM HYDROSOL - HYDROLATE DIRECT FROM OUR FARM AND DISTILLERY You will feel the difference\" \/>\n<meta name=\"robots\" content=\"index, follow, max-snippet:-1, max-image-preview:large, max-video-preview:-1\" \/>\n<link rel=\"canonical\" href=\"https:\/\/novidan.ba\/de\/produkt\/helichrysum-hydrolate-organic-5-l\/\" \/>\n<meta property=\"og:locale\" content=\"de_DE\" \/>\n<meta property=\"og:type\" content=\"article\" \/>\n<meta property=\"og:title\" content=\"Helichrysum italicum hydrosol - hydrolate\" \/>\n<meta property=\"og:description\" content=\"BUY YOUR ORGANIC HELICHRYSUM ITALICUM HYDROSOL - HYDROLATE DIRECT FROM OUR FARM AND DISTILLERY You will feel the difference\" \/>\n<meta property=\"og:url\" content=\"https:\/\/novidan.ba\/de\/produkt\/helichrysum-hydrolate-organic-5-l\/\" \/>\n<meta property=\"og:site_name\" content=\"Helichrysum italicum oil\" \/>\n<meta property=\"article:publisher\" content=\"https:\/\/www.facebook.com\/novidannn\/\" \/>\n<meta property=\"article:modified_time\" content=\"2025-07-04T10:26:38+00:00\" \/>\n<meta property=\"og:image\" content=\"https:\/\/novidan.ba\/wp-content\/uploads\/2022\/06\/HIDROLAT_BIDON__5lEN_priprema.jpg\" \/>\n\t<meta property=\"og:image:width\" content=\"1134\" \/>\n\t<meta property=\"og:image:height\" content=\"1134\" \/>\n\t<meta property=\"og:image:type\" content=\"image\/jpeg\" \/>\n<meta name=\"twitter:card\" content=\"summary_large_image\" \/>\n<meta name=\"twitter:site\" content=\"@HelichrysumOrg\" \/>\n<meta name=\"twitter:label1\" content=\"Gesch\u00e4tzte Lesezeit\" \/>\n\t<meta name=\"twitter:data1\" content=\"2\u00a0Minuten\" \/>\n<script type=\"application\/ld+json\" class=\"yoast-schema-graph\">{\"@context\":\"https:\\\/\\\/schema.org\",\"@graph\":[{\"@type\":\"WebPage\",\"@id\":\"https:\\\/\\\/novidan.ba\\\/product\\\/helichrysum-hydrolate-organic-5-l\\\/\",\"url\":\"https:\\\/\\\/novidan.ba\\\/product\\\/helichrysum-hydrolate-organic-5-l\\\/\",\"name\":\"Helichrysum italicum hydrosol - hydrolate\",\"isPartOf\":{\"@id\":\"https:\\\/\\\/novidan.ba\\\/#website\"},\"primaryImageOfPage\":{\"@id\":\"https:\\\/\\\/novidan.ba\\\/product\\\/helichrysum-hydrolate-organic-5-l\\\/#primaryimage\"},\"image\":{\"@id\":\"https:\\\/\\\/novidan.ba\\\/product\\\/helichrysum-hydrolate-organic-5-l\\\/#primaryimage\"},\"thumbnailUrl\":\"https:\\\/\\\/novidan.ba\\\/wp-content\\\/uploads\\\/2022\\\/06\\\/HIDROLAT_BIDON__5lEN_priprema.jpg\",\"datePublished\":\"2022-06-12T15:04:25+00:00\",\"dateModified\":\"2025-07-04T10:26:38+00:00\",\"description\":\"BUY YOUR ORGANIC HELICHRYSUM ITALICUM HYDROSOL - HYDROLATE DIRECT FROM OUR FARM AND DISTILLERY You will feel the difference\",\"breadcrumb\":{\"@id\":\"https:\\\/\\\/novidan.ba\\\/product\\\/helichrysum-hydrolate-organic-5-l\\\/#breadcrumb\"},\"inLanguage\":\"de\",\"potentialAction\":[{\"@type\":\"ReadAction\",\"target\":[\"https:\\\/\\\/novidan.ba\\\/product\\\/helichrysum-hydrolate-organic-5-l\\\/\"]}]},{\"@type\":\"ImageObject\",\"inLanguage\":\"de\",\"@id\":\"https:\\\/\\\/novidan.ba\\\/product\\\/helichrysum-hydrolate-organic-5-l\\\/#primaryimage\",\"url\":\"https:\\\/\\\/novidan.ba\\\/wp-content\\\/uploads\\\/2022\\\/06\\\/HIDROLAT_BIDON__5lEN_priprema.jpg\",\"contentUrl\":\"https:\\\/\\\/novidan.ba\\\/wp-content\\\/uploads\\\/2022\\\/06\\\/HIDROLAT_BIDON__5lEN_priprema.jpg\",\"width\":1134,\"height\":1134,\"caption\":\"Organic Helichrysum hydrolate novi dan\"},{\"@type\":\"BreadcrumbList\",\"@id\":\"https:\\\/\\\/novidan.ba\\\/product\\\/helichrysum-hydrolate-organic-5-l\\\/#breadcrumb\",\"itemListElement\":[{\"@type\":\"ListItem\",\"position\":1,\"name\":\"Home\",\"item\":\"https:\\\/\\\/novidan.ba\\\/\"},{\"@type\":\"ListItem\",\"position\":2,\"name\":\"Helichrysum italicum oil\",\"item\":\"https:\\\/\\\/novidan.ba\\\/shop\\\/\"},{\"@type\":\"ListItem\",\"position\":3,\"name\":\"HELICHRYSUM ITALICUM HYDROLATE | Organic | 5 L |\"}]},{\"@type\":\"WebSite\",\"@id\":\"https:\\\/\\\/novidan.ba\\\/#website\",\"url\":\"https:\\\/\\\/novidan.ba\\\/\",\"name\":\"Helichrysum italicum oil\",\"description\":\"Helichrysum Italicum oil Farm and Distillery\",\"publisher\":{\"@id\":\"https:\\\/\\\/novidan.ba\\\/#organization\"},\"alternateName\":\"Helichrysum oil\",\"potentialAction\":[{\"@type\":\"SearchAction\",\"target\":{\"@type\":\"EntryPoint\",\"urlTemplate\":\"https:\\\/\\\/novidan.ba\\\/?s={search_term_string}\"},\"query-input\":{\"@type\":\"PropertyValueSpecification\",\"valueRequired\":true,\"valueName\":\"search_term_string\"}}],\"inLanguage\":\"de\"},{\"@type\":\"Organization\",\"@id\":\"https:\\\/\\\/novidan.ba\\\/#organization\",\"name\":\"Helichrysum essential oil farm\",\"alternateName\":\"Essential oil distillery - New Day\",\"url\":\"https:\\\/\\\/novidan.ba\\\/\",\"logo\":{\"@type\":\"ImageObject\",\"inLanguage\":\"de\",\"@id\":\"https:\\\/\\\/novidan.ba\\\/#\\\/schema\\\/logo\\\/image\\\/\",\"url\":\"https:\\\/\\\/novidan.ba\\\/wp-content\\\/uploads\\\/2020\\\/03\\\/heichrysum_italicum.jpg\",\"contentUrl\":\"https:\\\/\\\/novidan.ba\\\/wp-content\\\/uploads\\\/2020\\\/03\\\/heichrysum_italicum.jpg\",\"width\":200,\"height\":200,\"caption\":\"Helichrysum essential oil farm\"},\"image\":{\"@id\":\"https:\\\/\\\/novidan.ba\\\/#\\\/schema\\\/logo\\\/image\\\/\"},\"sameAs\":[\"https:\\\/\\\/www.facebook.com\\\/novidannn\\\/\",\"https:\\\/\\\/x.com\\\/HelichrysumOrg\",\"https:\\\/\\\/www.instagram.com\\\/helichrysum_italicum\\\/\",\"https:\\\/\\\/www.linkedin.com\\\/in\\\/helichrysum-italicum\\\/\",\"https:\\\/\\\/www.youtube.com\\\/channel\\\/UCOhCOan0gVq1RFDPZDDo9Pw\"]}]}<\/script>\n<!-- \/ Yoast SEO plugin. -->","yoast_head_json":{"title":"Helichrysum italicum hydrosol - hydrolate","description":"BUY YOUR ORGANIC HELICHRYSUM ITALICUM HYDROSOL - HYDROLATE DIRECT FROM OUR FARM AND DISTILLERY You will feel the difference","robots":{"index":"index","follow":"follow","max-snippet":"max-snippet:-1","max-image-preview":"max-image-preview:large","max-video-preview":"max-video-preview:-1"},"canonical":"https:\/\/novidan.ba\/de\/produkt\/helichrysum-hydrolate-organic-5-l\/","og_locale":"de_DE","og_type":"article","og_title":"Helichrysum italicum hydrosol - hydrolate","og_description":"BUY YOUR ORGANIC HELICHRYSUM ITALICUM HYDROSOL - HYDROLATE DIRECT FROM OUR FARM AND DISTILLERY You will feel the difference","og_url":"https:\/\/novidan.ba\/de\/produkt\/helichrysum-hydrolate-organic-5-l\/","og_site_name":"Helichrysum italicum oil","article_publisher":"https:\/\/www.facebook.com\/novidannn\/","article_modified_time":"2025-07-04T10:26:38+00:00","og_image":[{"width":1134,"height":1134,"url":"https:\/\/novidan.ba\/wp-content\/uploads\/2022\/06\/HIDROLAT_BIDON__5lEN_priprema.jpg","type":"image\/jpeg"}],"twitter_card":"summary_large_image","twitter_site":"@HelichrysumOrg","twitter_misc":{"Gesch\u00e4tzte Lesezeit":"2\u00a0Minuten"},"schema":{"@context":"https:\/\/schema.org","@graph":[{"@type":"WebPage","@id":"https:\/\/novidan.ba\/product\/helichrysum-hydrolate-organic-5-l\/","url":"https:\/\/novidan.ba\/product\/helichrysum-hydrolate-organic-5-l\/","name":"Helichrysum italicum hydrosol - hydrolate","isPartOf":{"@id":"https:\/\/novidan.ba\/#website"},"primaryImageOfPage":{"@id":"https:\/\/novidan.ba\/product\/helichrysum-hydrolate-organic-5-l\/#primaryimage"},"image":{"@id":"https:\/\/novidan.ba\/product\/helichrysum-hydrolate-organic-5-l\/#primaryimage"},"thumbnailUrl":"https:\/\/novidan.ba\/wp-content\/uploads\/2022\/06\/HIDROLAT_BIDON__5lEN_priprema.jpg","datePublished":"2022-06-12T15:04:25+00:00","dateModified":"2025-07-04T10:26:38+00:00","description":"BUY YOUR ORGANIC HELICHRYSUM ITALICUM HYDROSOL - HYDROLATE DIRECT FROM OUR FARM AND DISTILLERY You will feel the difference","breadcrumb":{"@id":"https:\/\/novidan.ba\/product\/helichrysum-hydrolate-organic-5-l\/#breadcrumb"},"inLanguage":"de","potentialAction":[{"@type":"ReadAction","target":["https:\/\/novidan.ba\/product\/helichrysum-hydrolate-organic-5-l\/"]}]},{"@type":"ImageObject","inLanguage":"de","@id":"https:\/\/novidan.ba\/product\/helichrysum-hydrolate-organic-5-l\/#primaryimage","url":"https:\/\/novidan.ba\/wp-content\/uploads\/2022\/06\/HIDROLAT_BIDON__5lEN_priprema.jpg","contentUrl":"https:\/\/novidan.ba\/wp-content\/uploads\/2022\/06\/HIDROLAT_BIDON__5lEN_priprema.jpg","width":1134,"height":1134,"caption":"Organic Helichrysum hydrolate novi dan"},{"@type":"BreadcrumbList","@id":"https:\/\/novidan.ba\/product\/helichrysum-hydrolate-organic-5-l\/#breadcrumb","itemListElement":[{"@type":"ListItem","position":1,"name":"Home","item":"https:\/\/novidan.ba\/"},{"@type":"ListItem","position":2,"name":"Helichrysum italicum oil","item":"https:\/\/novidan.ba\/shop\/"},{"@type":"ListItem","position":3,"name":"HELICHRYSUM ITALICUM HYDROLATE | Organic | 5 L |"}]},{"@type":"WebSite","@id":"https:\/\/novidan.ba\/#website","url":"https:\/\/novidan.ba\/","name":"Helichrysum italicum \u00d6l","description":"Helichrysum Italicum oil Farm and Distillery","publisher":{"@id":"https:\/\/novidan.ba\/#organization"},"alternateName":"Helichrysum oil","potentialAction":[{"@type":"SearchAction","target":{"@type":"EntryPoint","urlTemplate":"https:\/\/novidan.ba\/?s={search_term_string}"},"query-input":{"@type":"PropertyValueSpecification","valueRequired":true,"valueName":"search_term_string"}}],"inLanguage":"de"},{"@type":"Organization","@id":"https:\/\/novidan.ba\/#organization","name":"Helichrysum essential oil farm","alternateName":"Essential oil distillery - New Day","url":"https:\/\/novidan.ba\/","logo":{"@type":"ImageObject","inLanguage":"de","@id":"https:\/\/novidan.ba\/#\/schema\/logo\/image\/","url":"https:\/\/novidan.ba\/wp-content\/uploads\/2020\/03\/heichrysum_italicum.jpg","contentUrl":"https:\/\/novidan.ba\/wp-content\/uploads\/2020\/03\/heichrysum_italicum.jpg","width":200,"height":200,"caption":"Helichrysum essential oil farm"},"image":{"@id":"https:\/\/novidan.ba\/#\/schema\/logo\/image\/"},"sameAs":["https:\/\/www.facebook.com\/novidannn\/","https:\/\/x.com\/HelichrysumOrg","https:\/\/www.instagram.com\/helichrysum_italicum\/","https:\/\/www.linkedin.com\/in\/helichrysum-italicum\/","https:\/\/www.youtube.com\/channel\/UCOhCOan0gVq1RFDPZDDo9Pw"]}]}},"_links":{"self":[{"href":"https:\/\/novidan.ba\/de\/wp-json\/wp\/v2\/product\/7845","targetHints":{"allow":["GET"]}}],"collection":[{"href":"https:\/\/novidan.ba\/de\/wp-json\/wp\/v2\/product"}],"about":[{"href":"https:\/\/novidan.ba\/de\/wp-json\/wp\/v2\/types\/product"}],"replies":[{"embeddable":true,"href":"https:\/\/novidan.ba\/de\/wp-json\/wp\/v2\/comments?post=7845"}],"wp:featuredmedia":[{"embeddable":true,"href":"https:\/\/novidan.ba\/de\/wp-json\/wp\/v2\/media\/7848"}],"wp:attachment":[{"href":"https:\/\/novidan.ba\/de\/wp-json\/wp\/v2\/media?parent=7845"}],"wp:term":[{"taxonomy":"product_brand","embeddable":true,"href":"https:\/\/novidan.ba\/de\/wp-json\/wp\/v2\/product_brand?post=7845"},{"taxonomy":"product_cat","embeddable":true,"href":"https:\/\/novidan.ba\/de\/wp-json\/wp\/v2\/product_cat?post=7845"},{"taxonomy":"product_tag","embeddable":true,"href":"https:\/\/novidan.ba\/de\/wp-json\/wp\/v2\/product_tag?post=7845"}],"curies":[{"name":"wp","href":"https:\/\/api.w.org\/{rel}","templated":true}]}}