{"id":747,"date":"2017-10-20T20:28:35","date_gmt":"2017-10-20T18:28:35","guid":{"rendered":"http:\/\/novidan.ba\/?page_id=747"},"modified":"2024-01-21T00:00:10","modified_gmt":"2024-01-20T23:00:10","slug":"helichrysum-itallicum-immortelle","status":"publish","type":"page","link":"https:\/\/novidan.ba\/de\/helichrysum-itallicum-immortelle\/","title":{"rendered":"Helichrysum Italicum \u2013 Immortelle\u00f6l"},"content":{"rendered":"<div class=\"yoast-breadcrumbs\"><span><span><a href=\"https:\/\/novidan.ba\/de\/\">Heim<\/a><\/span> \u00bb <span class=\"breadcrumb_last\" aria-current=\"page\"><strong>Helichrysum Italicum \u2013 Immortelle\u00f6l<\/strong><\/span><\/span><\/div>\n\n\n<h1 class=\"wp-block-heading\">Organic Helichrysum italicum immortelle oil <\/h1>\n\n\n\n<p class=\"has-text-align-center\">Buy your helichrysum italicum immortelle essential oil directly from our farm and distillery. <br><strong>Sie werden den Unterschied sp\u00fcren<\/strong><\/p>\n\n\n\n<div style=\"height:40px\" aria-hidden=\"true\" class=\"wp-block-spacer\"><\/div>\n\n\n\n<h3 class=\"wp-block-heading has-text-align-center\">Nachfolgend finden Sie Links zu unseren Einzelhandelsgesch\u00e4ften bei ebay und etsy.<\/h3>\n\n\n\n<p class=\"has-text-align-center\">Sie k\u00f6nnen auch Bio kaufen <a href=\"https:\/\/novidan.ba\/de\/helichrysum-oil\/\" target=\"_blank\" rel=\"noreferrer noopener\">Helichrysum-\u00d6l<\/a> direkt auf unserer Seite \u2013 <strong><a href=\"http:\/\/novidan.ba\/de\/shop\/\">HIER.<\/a><\/strong><\/p>\n\n\n\n<h2 class=\"wp-block-heading has-text-align-center\"><strong><a href=\"http:\/\/stores.ebay.com\/helichrysumitalicum\/\" target=\"_blank\" rel=\"noopener noreferrer\">Ebay<\/a> und <a href=\"https:\/\/www.etsy.com\/shop\/HelichrysumEssential\" target=\"_blank\" rel=\"noopener noreferrer\">Etsy<\/a> Einzelhandelsgesch\u00e4ft<\/strong><\/h2>\n\n\n\n<h3 class=\"wp-block-heading has-text-align-center\">100% Positives Feedback von Hunderten unserer Kunden spricht f\u00fcr sich<\/h3>\n\n\n\n<div class=\"wp-block-columns is-layout-flex wp-container-core-columns-is-layout-28f84493 wp-block-columns-is-layout-flex\">\n<div class=\"wp-block-column is-layout-flow wp-block-column-is-layout-flow\">\n<figure class=\"wp-block-image size-full\"><a href=\"https:\/\/www.ebay.com\/str\/helichrysumitalicum\" target=\"_blank\" rel=\"noopener\"><img loading=\"lazy\" decoding=\"async\" width=\"425\" height=\"531\" src=\"https:\/\/novidan.ba\/wp-content\/uploads\/2022\/01\/helichrysum_oil_ebay_retail_immortelle_small.jpg\" alt=\"helichrysum_oil_ebay_retail_immortelle_small\" class=\"wp-image-7720\" srcset=\"https:\/\/novidan.ba\/wp-content\/uploads\/2022\/01\/helichrysum_oil_ebay_retail_immortelle_small.jpg 425w, https:\/\/novidan.ba\/wp-content\/uploads\/2022\/01\/helichrysum_oil_ebay_retail_immortelle_small-240x300.jpg 240w, https:\/\/novidan.ba\/wp-content\/uploads\/2022\/01\/helichrysum_oil_ebay_retail_immortelle_small-10x12.jpg 10w, https:\/\/novidan.ba\/wp-content\/uploads\/2022\/01\/helichrysum_oil_ebay_retail_immortelle_small-230x287.jpg 230w, https:\/\/novidan.ba\/wp-content\/uploads\/2022\/01\/helichrysum_oil_ebay_retail_immortelle_small-48x60.jpg 48w, https:\/\/novidan.ba\/wp-content\/uploads\/2022\/01\/helichrysum_oil_ebay_retail_immortelle_small-72x90.jpg 72w\" sizes=\"auto, (max-width: 425px) 100vw, 425px\" \/><\/a><figcaption class=\"wp-element-caption\">Dr\u00fccken Sie das Bild, um Helichrysum-\u00d6l im eBay-Shop zu kaufen<\/figcaption><\/figure>\n<\/div>\n\n\n\n<div class=\"wp-block-column is-layout-flow wp-block-column-is-layout-flow\">\n<figure class=\"wp-block-image size-full\"><a href=\"https:\/\/www.etsy.com\/shop\/HelichrysumEssential\" target=\"_blank\" rel=\"noopener\"><img loading=\"lazy\" decoding=\"async\" width=\"425\" height=\"531\" src=\"https:\/\/novidan.ba\/wp-content\/uploads\/2022\/01\/helichrysum_oil_etsy_retail_immortelle_small.jpg\" alt=\"helichrysum_oil_etsy_retail_immortelle_small\" class=\"wp-image-7721\" srcset=\"https:\/\/novidan.ba\/wp-content\/uploads\/2022\/01\/helichrysum_oil_etsy_retail_immortelle_small.jpg 425w, https:\/\/novidan.ba\/wp-content\/uploads\/2022\/01\/helichrysum_oil_etsy_retail_immortelle_small-240x300.jpg 240w, https:\/\/novidan.ba\/wp-content\/uploads\/2022\/01\/helichrysum_oil_etsy_retail_immortelle_small-10x12.jpg 10w, https:\/\/novidan.ba\/wp-content\/uploads\/2022\/01\/helichrysum_oil_etsy_retail_immortelle_small-230x287.jpg 230w, https:\/\/novidan.ba\/wp-content\/uploads\/2022\/01\/helichrysum_oil_etsy_retail_immortelle_small-48x60.jpg 48w, https:\/\/novidan.ba\/wp-content\/uploads\/2022\/01\/helichrysum_oil_etsy_retail_immortelle_small-72x90.jpg 72w\" sizes=\"auto, (max-width: 425px) 100vw, 425px\" \/><\/a><figcaption class=\"wp-element-caption\"> Dr\u00fccken Sie das Bild, um Helichrysum-\u00d6l im Etsy-Shop zu kaufen <\/figcaption><\/figure>\n<\/div>\n<\/div>\n\n\n\n<p>Auf den obigen Links k\u00f6nnen Sie Muster- und Einzelhandelsgr\u00f6\u00dfen kaufen <a href=\"https:\/\/novidan.ba\/de\/helichrysum-italicum-growing-firsthand-experience\/\" target=\"_blank\" rel=\"noopener noreferrer\">helichrysum italicum immortelle essential oil<\/a> von 5 ml bis 100 ml., und sehen Sie auch Feedbacks von anderen Kunden.<\/p>\n\n\n\n<hr class=\"wp-block-separator has-alpha-channel-opacity is-style-wide\"\/>\n\n\n\n<h3 class=\"wp-block-heading\">100% K\u00e4uferzufriedenheit<\/h3>\n\n\n\n<h3 class=\"wp-block-heading\">F\u00fcr gr\u00f6\u00dfere Mengen und Anfragen senden Sie uns bitte eine <a href=\"mailto:novidan365@gmail.com\" target=\"_blank\" rel=\"noopener noreferrer\">Email<\/a> oder f\u00fcllen <a href=\"https:\/\/novidan.ba\/de\/#contact\" target=\"_blank\" rel=\"noopener noreferrer\">Kontakt Formular<\/a><\/h3>\n\n\n\n<p>Es wird VIEL in die Herstellung eines hochwertigen \u00e4therischen \u00d6ls investiert. K\u00e4ufer sollten nach Herstellern suchen, die:<\/p>\n\n\n\n<ul class=\"wp-block-list\">\n<li>Sollte liefern <a href=\"https:\/\/novidan.ba\/de\/gc-analysis-oil-samples\/\" target=\"_blank\" rel=\"noopener noreferrer\">GC-Analyse<\/a><\/li>\n\n\n\n<li>Sollte liefern <a href=\"https:\/\/novidan.ba\/de\/organic-certificate-helichrysum-ecocert\/\" target=\"_blank\" rel=\"noopener noreferrer\">Bio-Zertifikat<\/a> (Renommiertes Unternehmen)<\/li>\n\n\n\n<li>Geeignete Pflanzensorten (es m\u00fcssen Italicum-Sorten sein, wenn wir \u00fcber Helichrysum sprechen)<\/li>\n\n\n\n<li>Jede Pflanze, die einheimisch angebaut wird, ist die ges\u00fcndeste Pflanze<\/li>\n\n\n\n<li>Ohne chemische Pestizide, Herbizide usw. angebaut (Verk\u00e4ufer sollte ein Bio-Zertifikat von einem angesehenen Unternehmen haben)<\/li>\n\n\n\n<li>Mit pr\u00e4zisem Timing geerntet, um Spitzeneigenschaften zu gew\u00e4hrleisten<\/li>\n\n\n\n<li>Extrahiert mit der richtigen Temperatur und dem richtigen Druck, um die \u00d6lmolek\u00fcle zu erhalten <a href=\"https:\/\/novidan.ba\/de\/helichrysum-distillery\/\" target=\"_blank\" rel=\"noopener noreferrer\">(Brennerei)<\/a><\/li>\n<\/ul>\n\n\n\n<h2 class=\"wp-block-heading\"><a href=\"https:\/\/www.youtube.com\/watch?v=0E9ZmJtFDJE&amp;t=7s\" target=\"_blank\" rel=\"noopener noreferrer\">KLICKEN SIE F\u00dcR EIN KURZES VIDEO \u00dcBER UNSERE FARM UND BRENNEREI<\/a><\/h2>\n\n\n\n<p>Nicht alle \u00d6le sind gleich, und nicht alle \u00d6le sind von hoher Qualit\u00e4t, rein und biologisch. Aufgrund fehlender Industriestandards und einer fehlenden Regulierung von Begriffen wie \u201enat\u00fcrlich\u201c oder \u201erein\u201c kann vieles von dem, was Sie in der Drogerie finden, m\u00f6glicherweise&nbsp;<a href=\"https:\/\/novidan.ba\/de\/fake-essential-oils\/\" target=\"_blank\" rel=\"noopener noreferrer\"> nicht von echter Qualit\u00e4t sind oder sogar Verunreinigungen oder Verf\u00e4lschungen enthalten <\/a> (viel h\u00e4ufiger als man denkt).<\/p>\n\n\n\n<p>Because of its great price, helichrysum italicum immortelle oil is even more attractive to counterfeiters and they often fake it. We often receive messages from our customers ( mostly retails ) who only after have tried our oil understand that they may have used either diluted oils or even 100% counterfeit oils before. This causes great damage to us as manufacturers and to buyers, because people do not get what they expect from essential oil and lose faith in its healing properties.<\/p>\n\n\n\n<p>Wenn Sie bei uns kaufen, erhalten Sie eine Garantie f\u00fcr Qualit\u00e4t, Herkunft und biologische Herstellung von \u00e4therischen \u00d6len. Wir bieten allen Kunden, die mit unserem \u00d6l unzufrieden sind, nachdem sie es probiert haben, eine R\u00fcckerstattung an.<\/p>\n\n\n\n<h4 class=\"wp-block-heading\">Schlie\u00dflich kaufen Sie Ihr \u00d6l direkt von der <b><a href=\"https:\/\/novidan.ba\/de\/essential-oil-distillery\/\" target=\"_blank\" rel=\"noreferrer noopener\">BRENNEREI<\/a>.<\/b> Sie werden den Unterschied sp\u00fcren.<\/h4>\n\n\n\n<h3 class=\"wp-block-heading\"><a target=\"_blank\" rel=\"noopener noreferrer\" href=\"https:\/\/novidan.ba\/de\/\">Klicken Sie hier, um weitere Informationen dar\u00fcber zu erhalten, wie wir dieses fl\u00fcssige Gold herstellen \u2013 HAUPTSEITE<br><\/a><\/h3>\n\n\n\n<figure class=\"wp-block-embed is-type-video is-provider-youtube wp-block-embed-youtube wp-embed-aspect-16-9 wp-has-aspect-ratio\"><div class=\"wp-block-embed__wrapper\">\n<iframe loading=\"lazy\" title=\"Helichrysum Italicum Essential oil Farm and distillery - Organic -Immortelle\" width=\"750\" height=\"422\" src=\"https:\/\/www.youtube.com\/embed\/q670DITvYIU?feature=oembed\" frameborder=\"0\" allow=\"accelerometer; autoplay; clipboard-write; encrypted-media; gyroscope; picture-in-picture; web-share\" allowfullscreen><\/iframe>\n<\/div><\/figure>","protected":false},"excerpt":{"rendered":"<p>Organic Helichrysum italicum immortelle oil Buy your helichrysum italicum immortelle essential oil directly from our farm and distillery. You will feel the difference Below are links our retail stores on ebay and etsy. You can also buy organic helichrysum oil directly on our site &#8211; HERE. Ebay and Etsy Retail [&hellip;]<\/p>\n","protected":false},"author":2,"featured_media":6557,"parent":0,"menu_order":0,"comment_status":"closed","ping_status":"closed","template":"page-templates\/template-page-sidebar.php","meta":{"_monsterinsights_skip_tracking":false,"_monsterinsights_sitenote_active":false,"_monsterinsights_sitenote_note":"","_monsterinsights_sitenote_category":0,"_joinchat":[],"footnotes":""},"class_list":["post-747","page","type-page","status-publish","has-post-thumbnail","hentry"],"yoast_head":"<!-- This site is optimized with the Yoast SEO plugin v27.3 - https:\/\/yoast.com\/product\/yoast-seo-wordpress\/ -->\n<title>Helichrysum Italicum - Immortelle Oil - Helichrysum italicum oil<\/title>\n<meta name=\"description\" content=\"Not all oils are created equal, and not all oil are high quality, pure and organic. Buy your helichrysum oil direct from farm and distillery.\" \/>\n<meta name=\"robots\" content=\"index, follow, max-snippet:-1, max-image-preview:large, max-video-preview:-1\" \/>\n<link rel=\"canonical\" href=\"https:\/\/novidan.ba\/de\/helichrysum-itallicum-immortelle\/\" \/>\n<meta property=\"og:locale\" content=\"de_DE\" \/>\n<meta property=\"og:type\" content=\"article\" \/>\n<meta property=\"og:title\" content=\"Helichrysum Italicum - Immortelle Oil - Helichrysum italicum oil\" \/>\n<meta property=\"og:description\" content=\"Not all oils are created equal, and not all oil are high quality, pure and organic. Buy your helichrysum oil direct from farm and distillery.\" \/>\n<meta property=\"og:url\" content=\"https:\/\/novidan.ba\/de\/helichrysum-itallicum-immortelle\/\" \/>\n<meta property=\"og:site_name\" content=\"Helichrysum italicum oil\" \/>\n<meta property=\"article:publisher\" content=\"https:\/\/www.facebook.com\/novidannn\/\" \/>\n<meta property=\"article:modified_time\" content=\"2024-01-20T23:00:10+00:00\" \/>\n<meta property=\"og:image\" content=\"https:\/\/novidan.ba\/wp-content\/uploads\/2020\/01\/Immortelle_-_Curry_plant_-_Everlasting.jpg\" \/>\n\t<meta property=\"og:image:width\" content=\"1200\" \/>\n\t<meta property=\"og:image:height\" content=\"900\" \/>\n\t<meta property=\"og:image:type\" content=\"image\/jpeg\" \/>\n<meta name=\"twitter:card\" content=\"summary_large_image\" \/>\n<meta name=\"twitter:site\" content=\"@HelichrysumOrg\" \/>\n<meta name=\"twitter:label1\" content=\"Gesch\u00e4tzte Lesezeit\" \/>\n\t<meta name=\"twitter:data1\" content=\"3\u00a0Minuten\" \/>\n<script type=\"application\/ld+json\" class=\"yoast-schema-graph\">{\"@context\":\"https:\\\/\\\/schema.org\",\"@graph\":[{\"@type\":\"WebPage\",\"@id\":\"https:\\\/\\\/novidan.ba\\\/helichrysum-itallicum-immortelle\\\/\",\"url\":\"https:\\\/\\\/novidan.ba\\\/helichrysum-itallicum-immortelle\\\/\",\"name\":\"Helichrysum Italicum - Immortelle Oil - Helichrysum italicum oil\",\"isPartOf\":{\"@id\":\"https:\\\/\\\/novidan.ba\\\/#website\"},\"primaryImageOfPage\":{\"@id\":\"https:\\\/\\\/novidan.ba\\\/helichrysum-itallicum-immortelle\\\/#primaryimage\"},\"image\":{\"@id\":\"https:\\\/\\\/novidan.ba\\\/helichrysum-itallicum-immortelle\\\/#primaryimage\"},\"thumbnailUrl\":\"https:\\\/\\\/novidan.ba\\\/wp-content\\\/uploads\\\/2020\\\/01\\\/Immortelle_-_Curry_plant_-_Everlasting.jpg\",\"datePublished\":\"2017-10-20T18:28:35+00:00\",\"dateModified\":\"2024-01-20T23:00:10+00:00\",\"description\":\"Not all oils are created equal, and not all oil are high quality, pure and organic. Buy your helichrysum oil direct from farm and distillery.\",\"breadcrumb\":{\"@id\":\"https:\\\/\\\/novidan.ba\\\/helichrysum-itallicum-immortelle\\\/#breadcrumb\"},\"inLanguage\":\"de\",\"potentialAction\":[{\"@type\":\"ReadAction\",\"target\":[\"https:\\\/\\\/novidan.ba\\\/helichrysum-itallicum-immortelle\\\/\"]}]},{\"@type\":\"ImageObject\",\"inLanguage\":\"de\",\"@id\":\"https:\\\/\\\/novidan.ba\\\/helichrysum-itallicum-immortelle\\\/#primaryimage\",\"url\":\"https:\\\/\\\/novidan.ba\\\/wp-content\\\/uploads\\\/2020\\\/01\\\/Immortelle_-_Curry_plant_-_Everlasting.jpg\",\"contentUrl\":\"https:\\\/\\\/novidan.ba\\\/wp-content\\\/uploads\\\/2020\\\/01\\\/Immortelle_-_Curry_plant_-_Everlasting.jpg\",\"width\":1200,\"height\":900,\"caption\":\"Helichrysum on our farm\"},{\"@type\":\"BreadcrumbList\",\"@id\":\"https:\\\/\\\/novidan.ba\\\/helichrysum-itallicum-immortelle\\\/#breadcrumb\",\"itemListElement\":[{\"@type\":\"ListItem\",\"position\":1,\"name\":\"Home\",\"item\":\"https:\\\/\\\/novidan.ba\\\/\"},{\"@type\":\"ListItem\",\"position\":2,\"name\":\"Helichrysum Italicum &#8211; Immortelle Oil\"}]},{\"@type\":\"WebSite\",\"@id\":\"https:\\\/\\\/novidan.ba\\\/#website\",\"url\":\"https:\\\/\\\/novidan.ba\\\/\",\"name\":\"Helichrysum italicum oil\",\"description\":\"Helichrysum Italicum oil Farm and Distillery\",\"publisher\":{\"@id\":\"https:\\\/\\\/novidan.ba\\\/#organization\"},\"alternateName\":\"Helichrysum oil\",\"potentialAction\":[{\"@type\":\"SearchAction\",\"target\":{\"@type\":\"EntryPoint\",\"urlTemplate\":\"https:\\\/\\\/novidan.ba\\\/?s={search_term_string}\"},\"query-input\":{\"@type\":\"PropertyValueSpecification\",\"valueRequired\":true,\"valueName\":\"search_term_string\"}}],\"inLanguage\":\"de\"},{\"@type\":\"Organization\",\"@id\":\"https:\\\/\\\/novidan.ba\\\/#organization\",\"name\":\"Helichrysum essential oil farm\",\"alternateName\":\"Essential oil distillery - New Day\",\"url\":\"https:\\\/\\\/novidan.ba\\\/\",\"logo\":{\"@type\":\"ImageObject\",\"inLanguage\":\"de\",\"@id\":\"https:\\\/\\\/novidan.ba\\\/#\\\/schema\\\/logo\\\/image\\\/\",\"url\":\"https:\\\/\\\/novidan.ba\\\/wp-content\\\/uploads\\\/2020\\\/03\\\/heichrysum_italicum.jpg\",\"contentUrl\":\"https:\\\/\\\/novidan.ba\\\/wp-content\\\/uploads\\\/2020\\\/03\\\/heichrysum_italicum.jpg\",\"width\":200,\"height\":200,\"caption\":\"Helichrysum essential oil farm\"},\"image\":{\"@id\":\"https:\\\/\\\/novidan.ba\\\/#\\\/schema\\\/logo\\\/image\\\/\"},\"sameAs\":[\"https:\\\/\\\/www.facebook.com\\\/novidannn\\\/\",\"https:\\\/\\\/x.com\\\/HelichrysumOrg\",\"https:\\\/\\\/www.instagram.com\\\/helichrysum_italicum\\\/\",\"https:\\\/\\\/www.linkedin.com\\\/in\\\/helichrysum-italicum\\\/\",\"https:\\\/\\\/www.youtube.com\\\/channel\\\/UCOhCOan0gVq1RFDPZDDo9Pw\"]}]}<\/script>\n<!-- \/ Yoast SEO plugin. -->","yoast_head_json":{"title":"Helichrysum Italicum - Immortelle Oil - Helichrysum italicum oil","description":"Not all oils are created equal, and not all oil are high quality, pure and organic. Buy your helichrysum oil direct from farm and distillery.","robots":{"index":"index","follow":"follow","max-snippet":"max-snippet:-1","max-image-preview":"max-image-preview:large","max-video-preview":"max-video-preview:-1"},"canonical":"https:\/\/novidan.ba\/de\/helichrysum-itallicum-immortelle\/","og_locale":"de_DE","og_type":"article","og_title":"Helichrysum Italicum - Immortelle Oil - Helichrysum italicum oil","og_description":"Not all oils are created equal, and not all oil are high quality, pure and organic. Buy your helichrysum oil direct from farm and distillery.","og_url":"https:\/\/novidan.ba\/de\/helichrysum-itallicum-immortelle\/","og_site_name":"Helichrysum italicum oil","article_publisher":"https:\/\/www.facebook.com\/novidannn\/","article_modified_time":"2024-01-20T23:00:10+00:00","og_image":[{"width":1200,"height":900,"url":"https:\/\/novidan.ba\/wp-content\/uploads\/2020\/01\/Immortelle_-_Curry_plant_-_Everlasting.jpg","type":"image\/jpeg"}],"twitter_card":"summary_large_image","twitter_site":"@HelichrysumOrg","twitter_misc":{"Gesch\u00e4tzte Lesezeit":"3\u00a0Minuten"},"schema":{"@context":"https:\/\/schema.org","@graph":[{"@type":"WebPage","@id":"https:\/\/novidan.ba\/helichrysum-itallicum-immortelle\/","url":"https:\/\/novidan.ba\/helichrysum-itallicum-immortelle\/","name":"Helichrysum Italicum - Immortelle Oil - Helichrysum italicum oil","isPartOf":{"@id":"https:\/\/novidan.ba\/#website"},"primaryImageOfPage":{"@id":"https:\/\/novidan.ba\/helichrysum-itallicum-immortelle\/#primaryimage"},"image":{"@id":"https:\/\/novidan.ba\/helichrysum-itallicum-immortelle\/#primaryimage"},"thumbnailUrl":"https:\/\/novidan.ba\/wp-content\/uploads\/2020\/01\/Immortelle_-_Curry_plant_-_Everlasting.jpg","datePublished":"2017-10-20T18:28:35+00:00","dateModified":"2024-01-20T23:00:10+00:00","description":"Not all oils are created equal, and not all oil are high quality, pure and organic. Buy your helichrysum oil direct from farm and distillery.","breadcrumb":{"@id":"https:\/\/novidan.ba\/helichrysum-itallicum-immortelle\/#breadcrumb"},"inLanguage":"de","potentialAction":[{"@type":"ReadAction","target":["https:\/\/novidan.ba\/helichrysum-itallicum-immortelle\/"]}]},{"@type":"ImageObject","inLanguage":"de","@id":"https:\/\/novidan.ba\/helichrysum-itallicum-immortelle\/#primaryimage","url":"https:\/\/novidan.ba\/wp-content\/uploads\/2020\/01\/Immortelle_-_Curry_plant_-_Everlasting.jpg","contentUrl":"https:\/\/novidan.ba\/wp-content\/uploads\/2020\/01\/Immortelle_-_Curry_plant_-_Everlasting.jpg","width":1200,"height":900,"caption":"Helichrysum on our farm"},{"@type":"BreadcrumbList","@id":"https:\/\/novidan.ba\/helichrysum-itallicum-immortelle\/#breadcrumb","itemListElement":[{"@type":"ListItem","position":1,"name":"Home","item":"https:\/\/novidan.ba\/"},{"@type":"ListItem","position":2,"name":"Helichrysum Italicum &#8211; Immortelle Oil"}]},{"@type":"WebSite","@id":"https:\/\/novidan.ba\/#website","url":"https:\/\/novidan.ba\/","name":"Helichrysum italicum \u00d6l","description":"Helichrysum Italicum oil Farm and Distillery","publisher":{"@id":"https:\/\/novidan.ba\/#organization"},"alternateName":"Helichrysum oil","potentialAction":[{"@type":"SearchAction","target":{"@type":"EntryPoint","urlTemplate":"https:\/\/novidan.ba\/?s={search_term_string}"},"query-input":{"@type":"PropertyValueSpecification","valueRequired":true,"valueName":"search_term_string"}}],"inLanguage":"de"},{"@type":"Organization","@id":"https:\/\/novidan.ba\/#organization","name":"Helichrysum essential oil farm","alternateName":"Essential oil distillery - New Day","url":"https:\/\/novidan.ba\/","logo":{"@type":"ImageObject","inLanguage":"de","@id":"https:\/\/novidan.ba\/#\/schema\/logo\/image\/","url":"https:\/\/novidan.ba\/wp-content\/uploads\/2020\/03\/heichrysum_italicum.jpg","contentUrl":"https:\/\/novidan.ba\/wp-content\/uploads\/2020\/03\/heichrysum_italicum.jpg","width":200,"height":200,"caption":"Helichrysum essential oil farm"},"image":{"@id":"https:\/\/novidan.ba\/#\/schema\/logo\/image\/"},"sameAs":["https:\/\/www.facebook.com\/novidannn\/","https:\/\/x.com\/HelichrysumOrg","https:\/\/www.instagram.com\/helichrysum_italicum\/","https:\/\/www.linkedin.com\/in\/helichrysum-italicum\/","https:\/\/www.youtube.com\/channel\/UCOhCOan0gVq1RFDPZDDo9Pw"]}]}},"_links":{"self":[{"href":"https:\/\/novidan.ba\/de\/wp-json\/wp\/v2\/pages\/747","targetHints":{"allow":["GET"]}}],"collection":[{"href":"https:\/\/novidan.ba\/de\/wp-json\/wp\/v2\/pages"}],"about":[{"href":"https:\/\/novidan.ba\/de\/wp-json\/wp\/v2\/types\/page"}],"author":[{"embeddable":true,"href":"https:\/\/novidan.ba\/de\/wp-json\/wp\/v2\/users\/2"}],"replies":[{"embeddable":true,"href":"https:\/\/novidan.ba\/de\/wp-json\/wp\/v2\/comments?post=747"}],"version-history":[{"count":21,"href":"https:\/\/novidan.ba\/de\/wp-json\/wp\/v2\/pages\/747\/revisions"}],"predecessor-version":[{"id":8404,"href":"https:\/\/novidan.ba\/de\/wp-json\/wp\/v2\/pages\/747\/revisions\/8404"}],"wp:featuredmedia":[{"embeddable":true,"href":"https:\/\/novidan.ba\/de\/wp-json\/wp\/v2\/media\/6557"}],"wp:attachment":[{"href":"https:\/\/novidan.ba\/de\/wp-json\/wp\/v2\/media?parent=747"}],"curies":[{"name":"wp","href":"https:\/\/api.w.org\/{rel}","templated":true}]}}