{"id":68,"date":"2016-10-03T13:21:23","date_gmt":"2016-10-03T13:21:23","guid":{"rendered":"https:\/\/demo.themeisle.com\/hestia\/shop\/"},"modified":"2024-01-20T23:49:34","modified_gmt":"2024-01-20T22:49:34","slug":"shop","status":"publish","type":"page","link":"https:\/\/novidan.ba\/de\/shop\/","title":{"rendered":"Helichrysum italicum \u00d6l"},"content":{"rendered":"<hr class=\"wp-block-separator has-alpha-channel-opacity is-style-wide\"\/>\n\n\n\n<p class=\"has-black-color has-text-color has-medium-font-size\">Buy helichrysum italicum oil direct from our farm and distillery.<\/p>\n\n\n\n<p>Beim Kaufen <strong><a href=\"https:\/\/novidan.ba\/de\/helichrysum-oil\/\" target=\"_blank\" rel=\"noreferrer noopener\">helichrysum italicum oil<\/a><\/strong>, einige Dinge m\u00fcssen bekannt sein.<\/p>\n\n\n\n<h3 class=\"wp-block-heading\"><strong>WICHTIGER HINWEIS ZUR QUALIT\u00c4T DER \u00c4THERISCHEN \u00d6LE \u2013 HELICHRYSUM\u00d6L<\/strong><\/h3>\n\n\n\n<div class=\"wp-block-columns is-layout-flex wp-container-core-columns-is-layout-28f84493 wp-block-columns-is-layout-flex\">\n<div class=\"wp-block-column is-layout-flow wp-block-column-is-layout-flow\">\n<h2 class=\"wp-block-heading\"><strong>Unlock the Purity of Helichrysum italicum Oil with our farm<\/strong><\/h2>\n\n\n\n<p><em>Discover unparalleled quality in every drop of our helichrysum oil at Novi Dan d.o.o. (New Day Ltd. ). <br>We are dedicated to ensuring 100% buyer satisfaction by adhering to the highest standards throughout our production process. <\/em><\/p>\n<\/div>\n\n\n\n<div class=\"wp-block-column is-layout-flow wp-block-column-is-layout-flow\">\n<figure class=\"wp-block-embed aligncenter is-type-video is-provider-youtube wp-block-embed-youtube wp-embed-aspect-16-9 wp-has-aspect-ratio\"><div class=\"wp-block-embed__wrapper\">\n<iframe loading=\"lazy\" title=\"Helichrysum Italicum Essential oil Farm and distillery - Organic -Immortelle\" width=\"750\" height=\"422\" src=\"https:\/\/www.youtube.com\/embed\/q670DITvYIU?feature=oembed\" frameborder=\"0\" allow=\"accelerometer; autoplay; clipboard-write; encrypted-media; gyroscope; picture-in-picture; web-share\" allowfullscreen><\/iframe>\n<\/div><figcaption class=\"wp-element-caption\"><em>Short video from our farm<\/em><\/figcaption><\/figure>\n<\/div>\n<\/div>\n\n\n\n<hr class=\"wp-block-separator has-alpha-channel-opacity is-style-wide\"\/>\n\n\n\n<p><em><strong>Vor einem bestimmten Kauf, insbesondere online, sollte sich jeder genau ansehen, was er kauft und was der Verk\u00e4ufer f\u00fcr sein Produkt behauptet.<\/strong><\/em><\/p>\n\n\n\n<p><em><strong>Wir empfehlen Ihnen, sich vor dem Kauf einen Moment Zeit zu nehmen und etwas \u00fcber uns und unser Produkt zu lesen, f\u00fcr das wir stolz stehen.<\/strong><\/em><\/p>\n\n\n\n<p>When choosing a premium helichrysum italicum oil, look no further &#8211; we prioritize:<\/p>\n\n\n\n<ul class=\"wp-block-list\">\n<li><strong>GC Analysis for Helichrysum italicum Oil:<\/strong> Our commitment to excellence includes providing Gas Chromatography (GC) analysis for our helichrysum oil, assuring you of its pure and authentic composition.<\/li>\n\n\n\n<li><strong>Certified Organic Helichrysum Oil:<\/strong> As a reputable company, we hold organic certification, delivering helichrysum oil that meets the stringent standards of organic production.<\/li>\n\n\n\n<li><strong>Italicum Varieties for Helichrysum Oil:<\/strong> Our helichrysum oil is exclusively derived from italicum varieties, ensuring authenticity, potency, and superior quality.<\/li>\n\n\n\n<li><strong>Indigenous Growth for Helichrysum italicum Oil:<\/strong> Optimal essential oil production begins with the healthiest plants. Our helichrysum plants are grown indigenously for the highest quality oil.<\/li>\n\n\n\n<li><strong>Chemical-Free Cultivation of Helichrysum Oil:<\/strong> Our commitment to your well-being is evident in our chemical-free cultivation. We proudly display our organic certification from a reputable authority.<\/li>\n\n\n\n<li><strong>Precision Harvesting for Helichrysum plants:<\/strong> To capture peak properties and therapeutic benefits, we meticulously time the harvesting of our helichrysum plants.<\/li>\n\n\n\n<li><strong>Meticulous Extraction of Helichrysum italicum Oil:<\/strong> Our distillery employs precise temperature and pressure during extraction, preserving the integrity of helichrysum oil molecules.<\/li>\n<\/ul>\n\n\n\n<p>Not all essential oils are equal, and the market is flooded with products of varying quality. Counterfeit oils, often diluted or misleadingly labeled, are unfortunately common. Choose Novi Dan d.o.o. for a guarantee of quality, origin, and organic production. We stand by our products and offer a refund to any dissatisfied customers.<\/p>\n\n\n\n<p>Avoid the risks associated with counterfeit oils by purchasing directly from our distillery. Experience the difference in every drop of our liquid gold. For more information on our helichrysum italicum oil, visit our <a href=\"https:\/\/novidan.ba\/de\/\" target=\"_blank\" rel=\"noreferrer noopener\">site.<\/a><\/p>\n\n\n\n<p><\/p>\n\n\n\n<p>We have 100% positive feedbacks from hundreds of our customers worldwide on all our retail shops , <a href=\"https:\/\/novidan.ba\/de\/helichrysum-oil-retail-shops\/\" target=\"_blank\" rel=\"noreferrer noopener\">ebay \u2013 etsy<\/a> und <a href=\"https:\/\/novidan.ba\/de\/produkt\/helichrysum-italicum-essential-oil\/\" target=\"_blank\" rel=\"noreferrer noopener\">vor Ort<\/a>., das spricht f\u00fcr sich genug.<\/p>\n\n\n\n<p>Schlie\u00dflich glauben wir so sehr an unser Produkt, dass wir jedem eine anbieten <strong>voll<\/strong> <strong>Erstattung<\/strong> if our product does not meet all of the above and if customer is not satisfied with our product.<\/p>\n\n\n\n<h4 class=\"wp-block-heading\"><a href=\"https:\/\/novidan.ba\/de\/shipping-return-refund-policy\/\">Versand-, R\u00fcckgabe- und R\u00fcckerstattungsrichtlinie<\/a><\/h4>\n\n\n\n<h6 class=\"wp-block-heading\">Schlie\u00dflich kaufen Sie Ihr \u00d6l direkt von der <strong><a href=\"https:\/\/novidan.ba\/de\/essential-oil-distillery\/\" target=\"_blank\" rel=\"noreferrer noopener\">BRENNEREI<\/a>.<\/strong> Sie werden den Unterschied sp\u00fcren.<\/h6>\n\n\n\n<p><\/p>\n\n\n\n<p>Novi Dan doo <a rel=\"noreferrer noopener\" href=\"https:\/\/novidan.ba\/wp-content\/uploads\/2020\/06\/memorandum_novi_dan_new_day.jpg\" target=\"_blank\">Firmeninfo<\/a><\/p>\n\n\n\n<p><\/p>","protected":false},"excerpt":{"rendered":"<p>Buy helichrysum italicum oil direct from our farm and distillery. When buying helichrysum italicum oil, some things need to be known. IMPORTANT NOTE ON ESSENTIAL OIL QUALITY &#8211; HELICHRYSUM OIL Unlock the Purity of Helichrysum italicum Oil with our farm Discover unparalleled quality in every drop of our helichrysum oil [&hellip;]<\/p>\n","protected":false},"author":1,"featured_media":6906,"parent":0,"menu_order":0,"comment_status":"closed","ping_status":"closed","template":"","meta":{"_monsterinsights_skip_tracking":false,"_monsterinsights_sitenote_active":false,"_monsterinsights_sitenote_note":"","_monsterinsights_sitenote_category":0,"_joinchat":[],"footnotes":""},"class_list":["post-68","page","type-page","status-publish","has-post-thumbnail","hentry"],"yoast_head":"<!-- This site is optimized with the Yoast SEO plugin v27.3 - https:\/\/yoast.com\/product\/yoast-seo-wordpress\/ -->\n<title>Helichrysum italicum oil - Helichrysum italicum oil<\/title>\n<meta name=\"description\" content=\"Buy organic helichrysum italicum oil from our farm and distillery. You will feel the difference. Money back quality guarantee available.\" \/>\n<meta name=\"robots\" content=\"index, follow, max-snippet:-1, max-image-preview:large, max-video-preview:-1\" \/>\n<link rel=\"canonical\" href=\"https:\/\/novidan.ba\/de\/shop\/\" \/>\n<meta property=\"og:locale\" content=\"de_DE\" \/>\n<meta property=\"og:type\" content=\"article\" \/>\n<meta property=\"og:title\" content=\"Buy Organic Helichrysum italicum from distillery\" \/>\n<meta property=\"og:description\" content=\"Buy organic helichrysum italicum oil from our farm and distillery. You will feel the difference. Money back quality guarantee available.\" \/>\n<meta property=\"og:url\" content=\"https:\/\/novidan.ba\/de\/shop\/\" \/>\n<meta property=\"og:site_name\" content=\"Helichrysum italicum oil\" \/>\n<meta property=\"article:publisher\" content=\"https:\/\/www.facebook.com\/novidannn\/\" \/>\n<meta property=\"article:modified_time\" content=\"2024-01-20T22:49:34+00:00\" \/>\n<meta property=\"og:image\" content=\"https:\/\/novidan.ba\/wp-content\/uploads\/2020\/04\/HELICHRYSUM-BOTTLE-NOVI-DAN-5ml.jpg\" \/>\n\t<meta property=\"og:image:width\" content=\"1134\" \/>\n\t<meta property=\"og:image:height\" content=\"986\" \/>\n\t<meta property=\"og:image:type\" content=\"image\/jpeg\" \/>\n<meta name=\"twitter:card\" content=\"summary_large_image\" \/>\n<meta name=\"twitter:title\" content=\"Buy Organic Helichrysum direct from farm\" \/>\n<meta name=\"twitter:description\" content=\"We are a family farm that cultivate organic helichrysum italicum in its natural habitat where it grew years ago. Immortelle plants from this area produce high quality essential oil because of the mediterranean climate and LOTS OF SUNNY DAYS that this plant need to bring out the best. All this together with soil composition gives the plants that produce unique helichrysum oil which is well-balanced in all key ingredients.\" \/>\n<meta name=\"twitter:image\" content=\"https:\/\/novidan.ba\/wp-content\/uploads\/2020\/04\/HELICHRYSUM-BOTTLE-NOVI-DAN-5ml.jpg\" \/>\n<meta name=\"twitter:site\" content=\"@HelichrysumOrg\" \/>\n<meta name=\"twitter:label1\" content=\"Gesch\u00e4tzte Lesezeit\" \/>\n\t<meta name=\"twitter:data1\" content=\"3\u00a0Minuten\" \/>\n<script type=\"application\/ld+json\" class=\"yoast-schema-graph\">{\"@context\":\"https:\\\/\\\/schema.org\",\"@graph\":[{\"@type\":\"WebPage\",\"@id\":\"https:\\\/\\\/novidan.ba\\\/shop\\\/\",\"url\":\"https:\\\/\\\/novidan.ba\\\/shop\\\/\",\"name\":\"Helichrysum italicum oil - Helichrysum italicum oil\",\"isPartOf\":{\"@id\":\"https:\\\/\\\/novidan.ba\\\/#website\"},\"primaryImageOfPage\":{\"@id\":\"https:\\\/\\\/novidan.ba\\\/shop\\\/#primaryimage\"},\"image\":{\"@id\":\"https:\\\/\\\/novidan.ba\\\/shop\\\/#primaryimage\"},\"thumbnailUrl\":\"https:\\\/\\\/novidan.ba\\\/wp-content\\\/uploads\\\/2020\\\/03\\\/helichrysum-plants-mediteranean-gold_header.jpg\",\"datePublished\":\"2016-10-03T13:21:23+00:00\",\"dateModified\":\"2024-01-20T22:49:34+00:00\",\"description\":\"Buy organic helichrysum italicum oil from our farm and distillery. You will feel the difference. Money back quality guarantee available.\",\"breadcrumb\":{\"@id\":\"https:\\\/\\\/novidan.ba\\\/shop\\\/#breadcrumb\"},\"inLanguage\":\"de\",\"potentialAction\":[{\"@type\":\"ReadAction\",\"target\":[\"https:\\\/\\\/novidan.ba\\\/shop\\\/\"]}]},{\"@type\":\"ImageObject\",\"inLanguage\":\"de\",\"@id\":\"https:\\\/\\\/novidan.ba\\\/shop\\\/#primaryimage\",\"url\":\"https:\\\/\\\/novidan.ba\\\/wp-content\\\/uploads\\\/2020\\\/03\\\/helichrysum-plants-mediteranean-gold_header.jpg\",\"contentUrl\":\"https:\\\/\\\/novidan.ba\\\/wp-content\\\/uploads\\\/2020\\\/03\\\/helichrysum-plants-mediteranean-gold_header.jpg\",\"width\":1276,\"height\":957,\"caption\":\"helichrysum plant essential oil\"},{\"@type\":\"BreadcrumbList\",\"@id\":\"https:\\\/\\\/novidan.ba\\\/shop\\\/#breadcrumb\",\"itemListElement\":[{\"@type\":\"ListItem\",\"position\":1,\"name\":\"Home\",\"item\":\"https:\\\/\\\/novidan.ba\\\/\"},{\"@type\":\"ListItem\",\"position\":2,\"name\":\"Helichrysum italicum oil\"}]},{\"@type\":\"WebSite\",\"@id\":\"https:\\\/\\\/novidan.ba\\\/#website\",\"url\":\"https:\\\/\\\/novidan.ba\\\/\",\"name\":\"Helichrysum italicum oil\",\"description\":\"Helichrysum Italicum oil Farm and Distillery\",\"publisher\":{\"@id\":\"https:\\\/\\\/novidan.ba\\\/#organization\"},\"alternateName\":\"Helichrysum oil\",\"potentialAction\":[{\"@type\":\"SearchAction\",\"target\":{\"@type\":\"EntryPoint\",\"urlTemplate\":\"https:\\\/\\\/novidan.ba\\\/?s={search_term_string}\"},\"query-input\":{\"@type\":\"PropertyValueSpecification\",\"valueRequired\":true,\"valueName\":\"search_term_string\"}}],\"inLanguage\":\"de\"},{\"@type\":\"Organization\",\"@id\":\"https:\\\/\\\/novidan.ba\\\/#organization\",\"name\":\"Helichrysum essential oil farm\",\"alternateName\":\"Essential oil distillery - New Day\",\"url\":\"https:\\\/\\\/novidan.ba\\\/\",\"logo\":{\"@type\":\"ImageObject\",\"inLanguage\":\"de\",\"@id\":\"https:\\\/\\\/novidan.ba\\\/#\\\/schema\\\/logo\\\/image\\\/\",\"url\":\"https:\\\/\\\/novidan.ba\\\/wp-content\\\/uploads\\\/2020\\\/03\\\/heichrysum_italicum.jpg\",\"contentUrl\":\"https:\\\/\\\/novidan.ba\\\/wp-content\\\/uploads\\\/2020\\\/03\\\/heichrysum_italicum.jpg\",\"width\":200,\"height\":200,\"caption\":\"Helichrysum essential oil farm\"},\"image\":{\"@id\":\"https:\\\/\\\/novidan.ba\\\/#\\\/schema\\\/logo\\\/image\\\/\"},\"sameAs\":[\"https:\\\/\\\/www.facebook.com\\\/novidannn\\\/\",\"https:\\\/\\\/x.com\\\/HelichrysumOrg\",\"https:\\\/\\\/www.instagram.com\\\/helichrysum_italicum\\\/\",\"https:\\\/\\\/www.linkedin.com\\\/in\\\/helichrysum-italicum\\\/\",\"https:\\\/\\\/www.youtube.com\\\/channel\\\/UCOhCOan0gVq1RFDPZDDo9Pw\"]}]}<\/script>\n<!-- \/ Yoast SEO plugin. -->","yoast_head_json":{"title":"Helichrysum italicum oil - Helichrysum italicum oil","description":"Buy organic helichrysum italicum oil from our farm and distillery. You will feel the difference. Money back quality guarantee available.","robots":{"index":"index","follow":"follow","max-snippet":"max-snippet:-1","max-image-preview":"max-image-preview:large","max-video-preview":"max-video-preview:-1"},"canonical":"https:\/\/novidan.ba\/de\/shop\/","og_locale":"de_DE","og_type":"article","og_title":"Buy Organic Helichrysum italicum from distillery","og_description":"Buy organic helichrysum italicum oil from our farm and distillery. You will feel the difference. Money back quality guarantee available.","og_url":"https:\/\/novidan.ba\/de\/shop\/","og_site_name":"Helichrysum italicum oil","article_publisher":"https:\/\/www.facebook.com\/novidannn\/","article_modified_time":"2024-01-20T22:49:34+00:00","og_image":[{"width":1134,"height":986,"url":"https:\/\/novidan.ba\/wp-content\/uploads\/2020\/04\/HELICHRYSUM-BOTTLE-NOVI-DAN-5ml.jpg","type":"image\/jpeg"}],"twitter_card":"summary_large_image","twitter_title":"Buy Organic Helichrysum direct from farm","twitter_description":"We are a family farm that cultivate organic helichrysum italicum in its natural habitat where it grew years ago. Immortelle plants from this area produce high quality essential oil because of the mediterranean climate and LOTS OF SUNNY DAYS that this plant need to bring out the best. All this together with soil composition gives the plants that produce unique helichrysum oil which is well-balanced in all key ingredients.","twitter_image":"https:\/\/novidan.ba\/wp-content\/uploads\/2020\/04\/HELICHRYSUM-BOTTLE-NOVI-DAN-5ml.jpg","twitter_site":"@HelichrysumOrg","twitter_misc":{"Gesch\u00e4tzte Lesezeit":"3\u00a0Minuten"},"schema":{"@context":"https:\/\/schema.org","@graph":[{"@type":"WebPage","@id":"https:\/\/novidan.ba\/shop\/","url":"https:\/\/novidan.ba\/shop\/","name":"Helichrysum italicum oil - Helichrysum italicum oil","isPartOf":{"@id":"https:\/\/novidan.ba\/#website"},"primaryImageOfPage":{"@id":"https:\/\/novidan.ba\/shop\/#primaryimage"},"image":{"@id":"https:\/\/novidan.ba\/shop\/#primaryimage"},"thumbnailUrl":"https:\/\/novidan.ba\/wp-content\/uploads\/2020\/03\/helichrysum-plants-mediteranean-gold_header.jpg","datePublished":"2016-10-03T13:21:23+00:00","dateModified":"2024-01-20T22:49:34+00:00","description":"Buy organic helichrysum italicum oil from our farm and distillery. You will feel the difference. Money back quality guarantee available.","breadcrumb":{"@id":"https:\/\/novidan.ba\/shop\/#breadcrumb"},"inLanguage":"de","potentialAction":[{"@type":"ReadAction","target":["https:\/\/novidan.ba\/shop\/"]}]},{"@type":"ImageObject","inLanguage":"de","@id":"https:\/\/novidan.ba\/shop\/#primaryimage","url":"https:\/\/novidan.ba\/wp-content\/uploads\/2020\/03\/helichrysum-plants-mediteranean-gold_header.jpg","contentUrl":"https:\/\/novidan.ba\/wp-content\/uploads\/2020\/03\/helichrysum-plants-mediteranean-gold_header.jpg","width":1276,"height":957,"caption":"helichrysum plant essential oil"},{"@type":"BreadcrumbList","@id":"https:\/\/novidan.ba\/shop\/#breadcrumb","itemListElement":[{"@type":"ListItem","position":1,"name":"Home","item":"https:\/\/novidan.ba\/"},{"@type":"ListItem","position":2,"name":"Helichrysum italicum oil"}]},{"@type":"WebSite","@id":"https:\/\/novidan.ba\/#website","url":"https:\/\/novidan.ba\/","name":"Helichrysum italicum \u00d6l","description":"Helichrysum Italicum oil Farm and Distillery","publisher":{"@id":"https:\/\/novidan.ba\/#organization"},"alternateName":"Helichrysum oil","potentialAction":[{"@type":"SearchAction","target":{"@type":"EntryPoint","urlTemplate":"https:\/\/novidan.ba\/?s={search_term_string}"},"query-input":{"@type":"PropertyValueSpecification","valueRequired":true,"valueName":"search_term_string"}}],"inLanguage":"de"},{"@type":"Organization","@id":"https:\/\/novidan.ba\/#organization","name":"Helichrysum essential oil farm","alternateName":"Essential oil distillery - New Day","url":"https:\/\/novidan.ba\/","logo":{"@type":"ImageObject","inLanguage":"de","@id":"https:\/\/novidan.ba\/#\/schema\/logo\/image\/","url":"https:\/\/novidan.ba\/wp-content\/uploads\/2020\/03\/heichrysum_italicum.jpg","contentUrl":"https:\/\/novidan.ba\/wp-content\/uploads\/2020\/03\/heichrysum_italicum.jpg","width":200,"height":200,"caption":"Helichrysum essential oil farm"},"image":{"@id":"https:\/\/novidan.ba\/#\/schema\/logo\/image\/"},"sameAs":["https:\/\/www.facebook.com\/novidannn\/","https:\/\/x.com\/HelichrysumOrg","https:\/\/www.instagram.com\/helichrysum_italicum\/","https:\/\/www.linkedin.com\/in\/helichrysum-italicum\/","https:\/\/www.youtube.com\/channel\/UCOhCOan0gVq1RFDPZDDo9Pw"]}]}},"_links":{"self":[{"href":"https:\/\/novidan.ba\/de\/wp-json\/wp\/v2\/pages\/68","targetHints":{"allow":["GET"]}}],"collection":[{"href":"https:\/\/novidan.ba\/de\/wp-json\/wp\/v2\/pages"}],"about":[{"href":"https:\/\/novidan.ba\/de\/wp-json\/wp\/v2\/types\/page"}],"author":[{"embeddable":true,"href":"https:\/\/novidan.ba\/de\/wp-json\/wp\/v2\/users\/1"}],"replies":[{"embeddable":true,"href":"https:\/\/novidan.ba\/de\/wp-json\/wp\/v2\/comments?post=68"}],"version-history":[{"count":24,"href":"https:\/\/novidan.ba\/de\/wp-json\/wp\/v2\/pages\/68\/revisions"}],"predecessor-version":[{"id":8402,"href":"https:\/\/novidan.ba\/de\/wp-json\/wp\/v2\/pages\/68\/revisions\/8402"}],"wp:featuredmedia":[{"embeddable":true,"href":"https:\/\/novidan.ba\/de\/wp-json\/wp\/v2\/media\/6906"}],"wp:attachment":[{"href":"https:\/\/novidan.ba\/de\/wp-json\/wp\/v2\/media?parent=68"}],"curies":[{"name":"wp","href":"https:\/\/api.w.org\/{rel}","templated":true}]}}