{"id":600,"date":"2017-03-26T19:35:47","date_gmt":"2017-03-26T17:35:47","guid":{"rendered":"http:\/\/novidan.ba\/?page_id=600"},"modified":"2024-01-21T00:10:15","modified_gmt":"2024-01-20T23:10:15","slug":"spring-in-herzegovina-novi-dan-immortelle","status":"publish","type":"page","link":"https:\/\/novidan.ba\/de\/spring-in-herzegovina-novi-dan-immortelle\/","title":{"rendered":"Fr\u00fchling in Herzegowina \u2013 Novi Dan \u2013 Immortelle"},"content":{"rendered":"<h2 class=\"wp-block-heading\">Fr\u00fchling in Herzegowina \u2013 Immortelle-Farm<\/h2>\n\n\n\n<h4 class=\"wp-block-heading\">20.3.2017. ist offiziell der erste Fr\u00fchlingstag auf der Nordhalbkugel.<\/h4>\n\n\n\n<p>Im <a href=\"https:\/\/en.wikipedia.org\/wiki\/Herzegovina\" target=\"_blank\" rel=\"noopener noreferrer\">Herzegowina<\/a> Der Fr\u00fchling zeigt sich deutlich an den Temperaturen in der vergangenen Woche (15. bis 20. M\u00e4rz), die 25 Grad Celsius (77 Fahrenheit) erreichten, und heute am 25.3.2017. in <a href=\"https:\/\/en.wikipedia.org\/wiki\/Mostar\" target=\"_blank\" rel=\"noreferrer noopener\">Mostar<\/a> nahe unserer <span class=\"VIiyi\" jsaction=\"mouseup:BR6jm\" jsname=\"jqKxS\" lang=\"en\"><span jsaction=\"agoMJf:PFBcW;usxOmf:aWLT7;jhKsnd:P7O7bd,F8DmGf;Q4AGo:Gm7gYd,qAKMYb;uFUCPb:pvnm0e,pfE8Hb,PFBcW;f56efd:dJXsye;EnoYf:KNzws,ZJsZZ,JgVSJc;zdMJQc:cCQNKb,ZJsZZ,zchEXc;Ytrrj:JJDvdc;tNR8yc:GeFvjb;oFN6Ye:hij5Wb;bmeZHc:iURhpf;Oxj3Xe:qAKMYb,yaf12d\" jsname=\"txFAF\" class=\"JLqJ4b ChMk0b\" data-language-for-alternatives=\"en\" data-language-to-translate-into=\"bs\" data-phrase-index=\"0\" data-number-of-phrases=\"1\" jscontroller=\"Zl5N8\" jsdata=\"uqLsIf;_;$31\" jsmodel=\"SsMkhd\"><span jsaction=\"click:qtZ4nf,GFf3ac,tMZCfe; contextmenu:Nqw7Te,QP7LD; mouseout:Nqw7Te; mouseover:qtZ4nf,c2aHje\" jsname=\"W297wb\">Plantage<\/span><\/span><\/span> Wir haben 28 Grad Celsius ((77 Fahrenheit) gemessen. Die ganze Natur erwachte und die Landschaft beginnt, ihre ganze Sch\u00f6nheit zu zeigen.<\/p>\n\n\n\n<blockquote class=\"wp-block-quote is-layout-flow wp-block-quote-is-layout-flow\">\n<p>Keine Region der Welt kann sich solcher klimatischen Bedingungen r\u00fchmen.<\/p>\n<\/blockquote>\n\n\n\n<figure class=\"wp-block-image alignnone size-large wp-image-604\"><img loading=\"lazy\" decoding=\"async\" width=\"1024\" height=\"505\" src=\"https:\/\/novidan.ba\/wp-content\/uploads\/2022\/01\/rosemary_novidan_herzegovina_spring_web-1024x505.jpg\" alt=\"\" class=\"wp-image-7663\" srcset=\"https:\/\/novidan.ba\/wp-content\/uploads\/2022\/01\/rosemary_novidan_herzegovina_spring_web-1024x505.jpg 1024w, https:\/\/novidan.ba\/wp-content\/uploads\/2022\/01\/rosemary_novidan_herzegovina_spring_web-300x148.jpg 300w, https:\/\/novidan.ba\/wp-content\/uploads\/2022\/01\/rosemary_novidan_herzegovina_spring_web-768x379.jpg 768w, https:\/\/novidan.ba\/wp-content\/uploads\/2022\/01\/rosemary_novidan_herzegovina_spring_web-230x113.jpg 230w, https:\/\/novidan.ba\/wp-content\/uploads\/2022\/01\/rosemary_novidan_herzegovina_spring_web-600x296.jpg 600w, https:\/\/novidan.ba\/wp-content\/uploads\/2022\/01\/rosemary_novidan_herzegovina_spring_web-122x60.jpg 122w, https:\/\/novidan.ba\/wp-content\/uploads\/2022\/01\/rosemary_novidan_herzegovina_spring_web-182x90.jpg 182w, https:\/\/novidan.ba\/wp-content\/uploads\/2022\/01\/rosemary_novidan_herzegovina_spring_web.jpg 1417w\" sizes=\"auto, (max-width: 1024px) 100vw, 1024px\" \/><figcaption class=\"wp-element-caption\">Das Bild wurde Mitte M\u00e4rz aufgenommen und Rosmarin bl\u00fcht bereits<\/figcaption><\/figure>\n\n\n\n<p>Dar\u00fcber hinaus glauben wir, dass die klimatischen Bedingungen in der Herzegowina weltweit einzigartig sind und das Wachstum einer einzigartigen Heilpflanzenkultur unterst\u00fctzen, aus der wir Premium destillieren <a href=\"https:\/\/novidan.ba\/de\/shop\/\">organische \u00e4therische \u00d6le.<\/a> <\/p>\n\n\n\n<blockquote class=\"wp-block-quote is-layout-flow wp-block-quote-is-layout-flow\">\n<p>In unserer Vision soll Bosnien und Herzegowina eine Naturapotheke der Welt sein.<\/p>\n<\/blockquote>\n\n\n\n<p>Ich werde in den kommenden Tagen mehr \u00fcber dieses spezielle Ph\u00e4nomen schreiben.<\/p>\n\n\n\n<p>Immortelle hat wie fast alle anderen Pflanzen in Herzegowina mit ihrem Wachstum begonnen und wir glauben, dass dieses Jahr eine etwas fr\u00fchere Ernte geben k\u00f6nnte. Der Winter war etwas sch\u00e4rfer, aber die Immortelle auf unserer Plantage hat den Winter perfekt bestanden, und selbst die Pflanzen, die einige Sch\u00e4den hatten, rechtfertigen jetzt ihren Namen (Immortelle) und verj\u00fcngen sich.<\/p>\n\n\n<div class=\"wp-block-image size-large wp-image-606\">\n<figure class=\"aligncenter is-resized\"><img loading=\"lazy\" decoding=\"async\" width=\"576\" height=\"1024\" src=\"https:\/\/novidan.ba\/wp-content\/uploads\/2022\/01\/novi_dan_damaged_immotelle_plant-576x1024.jpg\" alt=\"\" class=\"wp-image-7664\" style=\"width:339px;height:603px\" srcset=\"https:\/\/novidan.ba\/wp-content\/uploads\/2022\/01\/novi_dan_damaged_immotelle_plant-576x1024.jpg 576w, https:\/\/novidan.ba\/wp-content\/uploads\/2022\/01\/novi_dan_damaged_immotelle_plant-169x300.jpg 169w, https:\/\/novidan.ba\/wp-content\/uploads\/2022\/01\/novi_dan_damaged_immotelle_plant-768x1365.jpg 768w, https:\/\/novidan.ba\/wp-content\/uploads\/2022\/01\/novi_dan_damaged_immotelle_plant-432x768.jpg 432w, https:\/\/novidan.ba\/wp-content\/uploads\/2022\/01\/novi_dan_damaged_immotelle_plant-864x1536.jpg 864w, https:\/\/novidan.ba\/wp-content\/uploads\/2022\/01\/novi_dan_damaged_immotelle_plant-230x409.jpg 230w, https:\/\/novidan.ba\/wp-content\/uploads\/2022\/01\/novi_dan_damaged_immotelle_plant-600x1067.jpg 600w, https:\/\/novidan.ba\/wp-content\/uploads\/2022\/01\/novi_dan_damaged_immotelle_plant-34x60.jpg 34w, https:\/\/novidan.ba\/wp-content\/uploads\/2022\/01\/novi_dan_damaged_immotelle_plant-51x90.jpg 51w, https:\/\/novidan.ba\/wp-content\/uploads\/2022\/01\/novi_dan_damaged_immotelle_plant.jpg 1134w\" sizes=\"auto, (max-width: 576px) 100vw, 576px\" \/><figcaption class=\"wp-element-caption\">Eine der wenigen besch\u00e4digten Pflanzen auf der Plantage, die sich erholt und ihren Namen rechtfertigt \u2013 das Herz der Immortelle schl\u00e4gt in der Wurzel.<\/figcaption><\/figure>\n<\/div>\n\n\n<p>Auf dem Bild oben ist ersichtlich, dass Immortelle die F\u00e4higkeit hat, sich selbst aus trockenen Zweigen zu verj\u00fcngen. Dar\u00fcber haben wir bereits <a href=\"http:\/\/novidan.ba\/de\/helichrysum-oil\/\" target=\"_blank\" rel=\"noreferrer noopener\">geschrieben, wie Immortelle aus trockenen \u00c4sten wieder zum Leben erweckt wurde<\/a> das war, den Kampf mit der Waldvegetation zu verlieren.<\/p>\n\n\n\n<blockquote class=\"wp-block-quote is-layout-flow wp-block-quote-is-layout-flow\">\n<p>Es ist bekannt, dass das Herz der Immortelle in ihrer Wurzel schl\u00e4gt.<\/p>\n<\/blockquote>\n\n\n\n<p>Auf unserer Farm gibt es derzeit fast keine Arbeiten rund um die Helichrysum, da wir uns entschieden haben, unsere Art der Landwirtschaft fortzusetzen, die fast keinen Anbau von Pflanzen anwendet. Wieder werden wir weder gie\u00dfen noch d\u00fcngen und sogar Erde um die Pflanzen herum ausgraben.<\/p>\n\n\n\n<figure class=\"wp-block-image alignnone size-large wp-image-613\"><img loading=\"lazy\" decoding=\"async\" width=\"1024\" height=\"576\" src=\"https:\/\/novidan.ba\/wp-content\/uploads\/2022\/01\/Herzegovina_novi_dan_spring_helichrysum_web-1024x576.jpg\" alt=\"\" class=\"wp-image-7665\" srcset=\"https:\/\/novidan.ba\/wp-content\/uploads\/2022\/01\/Herzegovina_novi_dan_spring_helichrysum_web-1024x576.jpg 1024w, https:\/\/novidan.ba\/wp-content\/uploads\/2022\/01\/Herzegovina_novi_dan_spring_helichrysum_web-300x169.jpg 300w, https:\/\/novidan.ba\/wp-content\/uploads\/2022\/01\/Herzegovina_novi_dan_spring_helichrysum_web-768x432.jpg 768w, https:\/\/novidan.ba\/wp-content\/uploads\/2022\/01\/Herzegovina_novi_dan_spring_helichrysum_web-1536x864.jpg 1536w, https:\/\/novidan.ba\/wp-content\/uploads\/2022\/01\/Herzegovina_novi_dan_spring_helichrysum_web-230x129.jpg 230w, https:\/\/novidan.ba\/wp-content\/uploads\/2022\/01\/Herzegovina_novi_dan_spring_helichrysum_web-600x338.jpg 600w, https:\/\/novidan.ba\/wp-content\/uploads\/2022\/01\/Herzegovina_novi_dan_spring_helichrysum_web-107x60.jpg 107w, https:\/\/novidan.ba\/wp-content\/uploads\/2022\/01\/Herzegovina_novi_dan_spring_helichrysum_web-160x90.jpg 160w, https:\/\/novidan.ba\/wp-content\/uploads\/2022\/01\/Herzegovina_novi_dan_spring_helichrysum_web.jpg 1701w\" sizes=\"auto, (max-width: 1024px) 100vw, 1024px\" \/><figcaption class=\"wp-element-caption\">Wir haben kein Problem mit der umliegenden Vegetation, die immerw\u00e4hrend w\u00e4chst. Wir haben Immortellen einfach so gelassen, dass sie wie in der Natur wachsen<\/figcaption><\/figure>\n\n\n\n<p>Wie Sie sehen k\u00f6nnen, sind Pflanzen sehr gesund und es wird nicht lange dauern, bis sie ihre ganze Sch\u00f6nheit zeigen.<\/p>\n\n\n\n<p>Unsere ganze Zeit und Energie widmen wir derzeit der Farm in Form des Projekts Eco Lake and Park, das wir sehr bald auf unserer Website vorstellen werden.<br>Unsere Vision ist es, eine friedliche Oase f\u00fcr K\u00f6rper und Seele zu schaffen. Wir stehen am Anfang, aber irgendwo m\u00fcssen wir anfangen.<\/p>\n\n\n\n<p>Derzeit wird die \u00fcberwiegende Mehrheit rund um Helichrysum im Gew\u00e4chshaus durchgef\u00fchrt, wo wir daran arbeiten, neue Strohblumen und andere Heilkr\u00e4uter zu z\u00fcchten, die bald auf dem Bauernhof gepflanzt werden.<br>Gesellschaft <strong>Neuer Tag Ltd <\/strong>(<em> Novi Dan doo<\/em> ) arbeitet auch an a <strong><a href=\"http:\/\/novidan.ba\/de\/essential-oil-distillery\/\" target=\"_blank\" rel=\"noreferrer noopener\">neue Brennerei<\/a><\/strong> von \u00e4therischen \u00d6len, die das Highlight der Welttechnologie sein werden, weil wir glauben, dass der Destillationsprozess eines der Schl\u00fcsselelemente f\u00fcr \u00e4therische \u00d6le von h\u00f6chster Qualit\u00e4t ist.<br><\/p>\n\n\n\n<h3 class=\"wp-block-heading\">Alles in allem ein sehr arbeitsreicher Monat f\u00fcr uns und unseren Hof.<\/h3>","protected":false},"excerpt":{"rendered":"<p>Spring in Herzegovina &#8211; Immortelle farm 20.3.2017. is officially the first day of spring in the northern hemisphere. In Herzegovina Spring is very evident by the temperatures through last week, ( 15 to 20 March ) reaching 25 degrees Celsius (77 Fahrenheit), and today on 25.3.2017. in Mostar near our [&hellip;]<\/p>\n","protected":false},"author":2,"featured_media":0,"parent":0,"menu_order":0,"comment_status":"closed","ping_status":"closed","template":"","meta":{"_monsterinsights_skip_tracking":false,"_monsterinsights_sitenote_active":false,"_monsterinsights_sitenote_note":"","_monsterinsights_sitenote_category":0,"_joinchat":[],"footnotes":""},"class_list":["post-600","page","type-page","status-publish","hentry"],"yoast_head":"<!-- This site is optimized with the Yoast SEO plugin v27.3 - https:\/\/yoast.com\/product\/yoast-seo-wordpress\/ -->\n<title>Spring in Herzegovina \u2013 Novi Dan - Immortelle - Helichrysum italicum oil<\/title>\n<meta name=\"description\" content=\"Early spring on our farm. Helichrysum italicum rejuvenating and healing properties is well known. It can rejuvenate from dry branch\" \/>\n<meta name=\"robots\" content=\"index, follow, max-snippet:-1, max-image-preview:large, max-video-preview:-1\" \/>\n<link rel=\"canonical\" href=\"https:\/\/novidan.ba\/de\/spring-in-herzegovina-novi-dan-immortelle\/\" \/>\n<meta property=\"og:locale\" content=\"de_DE\" \/>\n<meta property=\"og:type\" content=\"article\" \/>\n<meta property=\"og:title\" content=\"Spring in Herzegovina \u2013 Novi Dan - Immortelle - Helichrysum italicum oil\" \/>\n<meta property=\"og:description\" content=\"Early spring on our farm. Helichrysum italicum rejuvenating and healing properties is well known. It can rejuvenate from dry branch\" \/>\n<meta property=\"og:url\" content=\"https:\/\/novidan.ba\/de\/spring-in-herzegovina-novi-dan-immortelle\/\" \/>\n<meta property=\"og:site_name\" content=\"Helichrysum italicum oil\" \/>\n<meta property=\"article:publisher\" content=\"https:\/\/www.facebook.com\/novidannn\/\" \/>\n<meta property=\"article:modified_time\" content=\"2024-01-20T23:10:15+00:00\" \/>\n<meta property=\"og:image\" content=\"https:\/\/novidan.ba\/wp-content\/uploads\/2022\/01\/rosemary_novidan_herzegovina_spring_web-1024x505.jpg\" \/>\n<meta name=\"twitter:card\" content=\"summary_large_image\" \/>\n<meta name=\"twitter:site\" content=\"@HelichrysumOrg\" \/>\n<meta name=\"twitter:label1\" content=\"Gesch\u00e4tzte Lesezeit\" \/>\n\t<meta name=\"twitter:data1\" content=\"3\u00a0Minuten\" \/>\n<script type=\"application\/ld+json\" class=\"yoast-schema-graph\">{\"@context\":\"https:\\\/\\\/schema.org\",\"@graph\":[{\"@type\":\"WebPage\",\"@id\":\"https:\\\/\\\/novidan.ba\\\/spring-in-herzegovina-novi-dan-immortelle\\\/\",\"url\":\"https:\\\/\\\/novidan.ba\\\/spring-in-herzegovina-novi-dan-immortelle\\\/\",\"name\":\"Spring in Herzegovina \u2013 Novi Dan - Immortelle - Helichrysum italicum oil\",\"isPartOf\":{\"@id\":\"https:\\\/\\\/novidan.ba\\\/#website\"},\"primaryImageOfPage\":{\"@id\":\"https:\\\/\\\/novidan.ba\\\/spring-in-herzegovina-novi-dan-immortelle\\\/#primaryimage\"},\"image\":{\"@id\":\"https:\\\/\\\/novidan.ba\\\/spring-in-herzegovina-novi-dan-immortelle\\\/#primaryimage\"},\"thumbnailUrl\":\"https:\\\/\\\/novidan.ba\\\/wp-content\\\/uploads\\\/2022\\\/01\\\/rosemary_novidan_herzegovina_spring_web-1024x505.jpg\",\"datePublished\":\"2017-03-26T17:35:47+00:00\",\"dateModified\":\"2024-01-20T23:10:15+00:00\",\"description\":\"Early spring on our farm. Helichrysum italicum rejuvenating and healing properties is well known. It can rejuvenate from dry branch\",\"breadcrumb\":{\"@id\":\"https:\\\/\\\/novidan.ba\\\/spring-in-herzegovina-novi-dan-immortelle\\\/#breadcrumb\"},\"inLanguage\":\"de\",\"potentialAction\":[{\"@type\":\"ReadAction\",\"target\":[\"https:\\\/\\\/novidan.ba\\\/spring-in-herzegovina-novi-dan-immortelle\\\/\"]}]},{\"@type\":\"ImageObject\",\"inLanguage\":\"de\",\"@id\":\"https:\\\/\\\/novidan.ba\\\/spring-in-herzegovina-novi-dan-immortelle\\\/#primaryimage\",\"url\":\"https:\\\/\\\/novidan.ba\\\/wp-content\\\/uploads\\\/2022\\\/01\\\/rosemary_novidan_herzegovina_spring_web-1024x505.jpg\",\"contentUrl\":\"https:\\\/\\\/novidan.ba\\\/wp-content\\\/uploads\\\/2022\\\/01\\\/rosemary_novidan_herzegovina_spring_web-1024x505.jpg\"},{\"@type\":\"BreadcrumbList\",\"@id\":\"https:\\\/\\\/novidan.ba\\\/spring-in-herzegovina-novi-dan-immortelle\\\/#breadcrumb\",\"itemListElement\":[{\"@type\":\"ListItem\",\"position\":1,\"name\":\"Home\",\"item\":\"https:\\\/\\\/novidan.ba\\\/\"},{\"@type\":\"ListItem\",\"position\":2,\"name\":\"Spring in Herzegovina \u2013 Novi Dan &#8211; Immortelle\"}]},{\"@type\":\"WebSite\",\"@id\":\"https:\\\/\\\/novidan.ba\\\/#website\",\"url\":\"https:\\\/\\\/novidan.ba\\\/\",\"name\":\"Helichrysum italicum oil\",\"description\":\"Helichrysum Italicum oil Farm and Distillery\",\"publisher\":{\"@id\":\"https:\\\/\\\/novidan.ba\\\/#organization\"},\"alternateName\":\"Helichrysum oil\",\"potentialAction\":[{\"@type\":\"SearchAction\",\"target\":{\"@type\":\"EntryPoint\",\"urlTemplate\":\"https:\\\/\\\/novidan.ba\\\/?s={search_term_string}\"},\"query-input\":{\"@type\":\"PropertyValueSpecification\",\"valueRequired\":true,\"valueName\":\"search_term_string\"}}],\"inLanguage\":\"de\"},{\"@type\":\"Organization\",\"@id\":\"https:\\\/\\\/novidan.ba\\\/#organization\",\"name\":\"Helichrysum essential oil farm\",\"alternateName\":\"Essential oil distillery - New Day\",\"url\":\"https:\\\/\\\/novidan.ba\\\/\",\"logo\":{\"@type\":\"ImageObject\",\"inLanguage\":\"de\",\"@id\":\"https:\\\/\\\/novidan.ba\\\/#\\\/schema\\\/logo\\\/image\\\/\",\"url\":\"https:\\\/\\\/novidan.ba\\\/wp-content\\\/uploads\\\/2020\\\/03\\\/heichrysum_italicum.jpg\",\"contentUrl\":\"https:\\\/\\\/novidan.ba\\\/wp-content\\\/uploads\\\/2020\\\/03\\\/heichrysum_italicum.jpg\",\"width\":200,\"height\":200,\"caption\":\"Helichrysum essential oil farm\"},\"image\":{\"@id\":\"https:\\\/\\\/novidan.ba\\\/#\\\/schema\\\/logo\\\/image\\\/\"},\"sameAs\":[\"https:\\\/\\\/www.facebook.com\\\/novidannn\\\/\",\"https:\\\/\\\/x.com\\\/HelichrysumOrg\",\"https:\\\/\\\/www.instagram.com\\\/helichrysum_italicum\\\/\",\"https:\\\/\\\/www.linkedin.com\\\/in\\\/helichrysum-italicum\\\/\",\"https:\\\/\\\/www.youtube.com\\\/channel\\\/UCOhCOan0gVq1RFDPZDDo9Pw\"]}]}<\/script>\n<!-- \/ Yoast SEO plugin. -->","yoast_head_json":{"title":"Spring in Herzegovina \u2013 Novi Dan - Immortelle - Helichrysum italicum oil","description":"Early spring on our farm. Helichrysum italicum rejuvenating and healing properties is well known. It can rejuvenate from dry branch","robots":{"index":"index","follow":"follow","max-snippet":"max-snippet:-1","max-image-preview":"max-image-preview:large","max-video-preview":"max-video-preview:-1"},"canonical":"https:\/\/novidan.ba\/de\/spring-in-herzegovina-novi-dan-immortelle\/","og_locale":"de_DE","og_type":"article","og_title":"Spring in Herzegovina \u2013 Novi Dan - Immortelle - Helichrysum italicum oil","og_description":"Early spring on our farm. Helichrysum italicum rejuvenating and healing properties is well known. It can rejuvenate from dry branch","og_url":"https:\/\/novidan.ba\/de\/spring-in-herzegovina-novi-dan-immortelle\/","og_site_name":"Helichrysum italicum oil","article_publisher":"https:\/\/www.facebook.com\/novidannn\/","article_modified_time":"2024-01-20T23:10:15+00:00","og_image":[{"url":"https:\/\/novidan.ba\/wp-content\/uploads\/2022\/01\/rosemary_novidan_herzegovina_spring_web-1024x505.jpg","type":"","width":"","height":""}],"twitter_card":"summary_large_image","twitter_site":"@HelichrysumOrg","twitter_misc":{"Gesch\u00e4tzte Lesezeit":"3\u00a0Minuten"},"schema":{"@context":"https:\/\/schema.org","@graph":[{"@type":"WebPage","@id":"https:\/\/novidan.ba\/spring-in-herzegovina-novi-dan-immortelle\/","url":"https:\/\/novidan.ba\/spring-in-herzegovina-novi-dan-immortelle\/","name":"Spring in Herzegovina \u2013 Novi Dan - Immortelle - Helichrysum italicum oil","isPartOf":{"@id":"https:\/\/novidan.ba\/#website"},"primaryImageOfPage":{"@id":"https:\/\/novidan.ba\/spring-in-herzegovina-novi-dan-immortelle\/#primaryimage"},"image":{"@id":"https:\/\/novidan.ba\/spring-in-herzegovina-novi-dan-immortelle\/#primaryimage"},"thumbnailUrl":"https:\/\/novidan.ba\/wp-content\/uploads\/2022\/01\/rosemary_novidan_herzegovina_spring_web-1024x505.jpg","datePublished":"2017-03-26T17:35:47+00:00","dateModified":"2024-01-20T23:10:15+00:00","description":"Early spring on our farm. Helichrysum italicum rejuvenating and healing properties is well known. It can rejuvenate from dry branch","breadcrumb":{"@id":"https:\/\/novidan.ba\/spring-in-herzegovina-novi-dan-immortelle\/#breadcrumb"},"inLanguage":"de","potentialAction":[{"@type":"ReadAction","target":["https:\/\/novidan.ba\/spring-in-herzegovina-novi-dan-immortelle\/"]}]},{"@type":"ImageObject","inLanguage":"de","@id":"https:\/\/novidan.ba\/spring-in-herzegovina-novi-dan-immortelle\/#primaryimage","url":"https:\/\/novidan.ba\/wp-content\/uploads\/2022\/01\/rosemary_novidan_herzegovina_spring_web-1024x505.jpg","contentUrl":"https:\/\/novidan.ba\/wp-content\/uploads\/2022\/01\/rosemary_novidan_herzegovina_spring_web-1024x505.jpg"},{"@type":"BreadcrumbList","@id":"https:\/\/novidan.ba\/spring-in-herzegovina-novi-dan-immortelle\/#breadcrumb","itemListElement":[{"@type":"ListItem","position":1,"name":"Home","item":"https:\/\/novidan.ba\/"},{"@type":"ListItem","position":2,"name":"Spring in Herzegovina \u2013 Novi Dan &#8211; Immortelle"}]},{"@type":"WebSite","@id":"https:\/\/novidan.ba\/#website","url":"https:\/\/novidan.ba\/","name":"Helichrysum italicum \u00d6l","description":"Helichrysum Italicum oil Farm and Distillery","publisher":{"@id":"https:\/\/novidan.ba\/#organization"},"alternateName":"Helichrysum oil","potentialAction":[{"@type":"SearchAction","target":{"@type":"EntryPoint","urlTemplate":"https:\/\/novidan.ba\/?s={search_term_string}"},"query-input":{"@type":"PropertyValueSpecification","valueRequired":true,"valueName":"search_term_string"}}],"inLanguage":"de"},{"@type":"Organization","@id":"https:\/\/novidan.ba\/#organization","name":"Helichrysum essential oil farm","alternateName":"Essential oil distillery - New Day","url":"https:\/\/novidan.ba\/","logo":{"@type":"ImageObject","inLanguage":"de","@id":"https:\/\/novidan.ba\/#\/schema\/logo\/image\/","url":"https:\/\/novidan.ba\/wp-content\/uploads\/2020\/03\/heichrysum_italicum.jpg","contentUrl":"https:\/\/novidan.ba\/wp-content\/uploads\/2020\/03\/heichrysum_italicum.jpg","width":200,"height":200,"caption":"Helichrysum essential oil farm"},"image":{"@id":"https:\/\/novidan.ba\/#\/schema\/logo\/image\/"},"sameAs":["https:\/\/www.facebook.com\/novidannn\/","https:\/\/x.com\/HelichrysumOrg","https:\/\/www.instagram.com\/helichrysum_italicum\/","https:\/\/www.linkedin.com\/in\/helichrysum-italicum\/","https:\/\/www.youtube.com\/channel\/UCOhCOan0gVq1RFDPZDDo9Pw"]}]}},"_links":{"self":[{"href":"https:\/\/novidan.ba\/de\/wp-json\/wp\/v2\/pages\/600","targetHints":{"allow":["GET"]}}],"collection":[{"href":"https:\/\/novidan.ba\/de\/wp-json\/wp\/v2\/pages"}],"about":[{"href":"https:\/\/novidan.ba\/de\/wp-json\/wp\/v2\/types\/page"}],"author":[{"embeddable":true,"href":"https:\/\/novidan.ba\/de\/wp-json\/wp\/v2\/users\/2"}],"replies":[{"embeddable":true,"href":"https:\/\/novidan.ba\/de\/wp-json\/wp\/v2\/comments?post=600"}],"version-history":[{"count":4,"href":"https:\/\/novidan.ba\/de\/wp-json\/wp\/v2\/pages\/600\/revisions"}],"predecessor-version":[{"id":8409,"href":"https:\/\/novidan.ba\/de\/wp-json\/wp\/v2\/pages\/600\/revisions\/8409"}],"wp:attachment":[{"href":"https:\/\/novidan.ba\/de\/wp-json\/wp\/v2\/media?parent=600"}],"curies":[{"name":"wp","href":"https:\/\/api.w.org\/{rel}","templated":true}]}}