{"id":4284,"date":"2018-11-12T11:50:12","date_gmt":"2018-11-12T10:50:12","guid":{"rendered":"https:\/\/demo.themeisle.com\/hestia-default\/hestia-front\/"},"modified":"2024-01-20T23:39:42","modified_gmt":"2024-01-20T22:39:42","slug":"helichrysum-italicum","status":"publish","type":"page","link":"https:\/\/novidan.ba\/de\/","title":{"rendered":"Strohblume italicum"},"content":{"rendered":"<h1 class=\"wp-block-heading has-text-align-center\">Helichrysum italicum \u00d6lfarm und Destillerie <\/h1>\n\n\n\n<hr class=\"wp-block-separator has-alpha-channel-opacity is-style-wide\"\/>\n\n\n\n<div class=\"wp-block-media-text is-stacked-on-mobile\" style=\"grid-template-columns:34% auto\"><figure class=\"wp-block-media-text__media\"><img loading=\"lazy\" decoding=\"async\" width=\"283\" height=\"292\" src=\"https:\/\/novidan.ba\/wp-content\/uploads\/2024\/01\/helichrysum-itallicum-oil-plant.jpg\" alt=\"Beautifull helichrysum italicum oil plant\" class=\"wp-image-8340 size-full\" srcset=\"https:\/\/novidan.ba\/wp-content\/uploads\/2024\/01\/helichrysum-itallicum-oil-plant.jpg 283w, https:\/\/novidan.ba\/wp-content\/uploads\/2024\/01\/helichrysum-itallicum-oil-plant-12x12.jpg 12w, https:\/\/novidan.ba\/wp-content\/uploads\/2024\/01\/helichrysum-itallicum-oil-plant-230x237.jpg 230w\" sizes=\"auto, (max-width: 283px) 100vw, 283px\" \/><\/figure><div class=\"wp-block-media-text__content\">\n<p class=\"has-text-align-center\"><strong>Entdecken Sie die Vorz\u00fcge unseres Bio-Helichrysum Italicum-\u00d6ls<\/strong><\/p>\n\n\n\n<p>Willkommen auf unserem Familienbetrieb, der sich dem Anbau von Bio-Strohblumen in ihrem nat\u00fcrlichen Lebensraum widmet. Unser Qualit\u00e4tsanspruch zeigt sich in der Produktion von feinstem Bio-Strohblumen\u00f6l.<\/p>\n<\/div><\/div>\n\n\n\n<p class=\"has-text-align-center\"><strong>Warum unser Helichrysum Italicum-\u00d6l heraussticht:<\/strong><\/p>\n\n\n\n<div class=\"wp-block-media-text is-stacked-on-mobile\" style=\"grid-template-columns:34% auto\"><figure class=\"wp-block-media-text__media\"><img loading=\"lazy\" decoding=\"async\" width=\"425\" height=\"319\" src=\"https:\/\/novidan.ba\/wp-content\/uploads\/2024\/01\/helichrysum-italicum-plants-mediteranean-gold.jpg\" alt=\"Helichrysum italicum plants on our farm\" class=\"wp-image-8341 size-full\" srcset=\"https:\/\/novidan.ba\/wp-content\/uploads\/2024\/01\/helichrysum-italicum-plants-mediteranean-gold.jpg 425w, https:\/\/novidan.ba\/wp-content\/uploads\/2024\/01\/helichrysum-italicum-plants-mediteranean-gold-300x225.jpg 300w, https:\/\/novidan.ba\/wp-content\/uploads\/2024\/01\/helichrysum-italicum-plants-mediteranean-gold-16x12.jpg 16w, https:\/\/novidan.ba\/wp-content\/uploads\/2024\/01\/helichrysum-italicum-plants-mediteranean-gold-230x173.jpg 230w\" sizes=\"auto, (max-width: 425px) 100vw, 425px\" \/><\/figure><div class=\"wp-block-media-text__content\">\n<ul class=\"wp-block-list\">\n<li><strong>Mediterrane Exzellenz:<\/strong> Gedeihen in seiner nat\u00fcrlichen Umgebung mit reichlich <a href=\"https:\/\/novidan.ba\/de\/spring-in-herzegovina-novi-dan-immortelle\/\" target=\"_blank\" rel=\"noreferrer noopener\">sonnige Tage<\/a> und einem mediterranen Klima liefern unsere Helichrysum-Pflanzen hochwertiges \u00e4therisches \u00d6l.<\/li>\n\n\n\n<li><strong>Einzigartige Bodenzusammensetzung:<\/strong> Die perfekte Mischung aus Bodenbedingungen und einheimischem Wachstum f\u00fchrt zu einem ausgewogenen Helichrysum italicum-\u00d6l mit au\u00dfergew\u00f6hnlichen Schl\u00fcsselbestandteilen.<\/li>\n\n\n\n<li><strong>Wilde Urspr\u00fcnge:<\/strong> Durch die Ernte der Samen von wildem Helichrysum italicum wird sichergestellt, dass unsere Pflanzen wirklich wild sind, was zur Produktion eines einzigartigen \u00d6ls beitr\u00e4gt.<\/li>\n\n\n\n<li><strong>Bio-Zertifizierung:<\/strong> Unser Engagement f\u00fcr \u00f6kologische Praktiken wird durch das ECOCERT-Bio-Zertifikat best\u00e4tigt <a href=\"https:\/\/novidan.ba\/de\/organic-certificate-helichrysum-ecocert\/\" target=\"_blank\" rel=\"noreferrer noopener\">Zertifikat<\/a>, die alles abdecken von <a href=\"https:\/\/novidan.ba\/de\/helichrysum-italicum-growing-firsthand-experience\/\" target=\"_blank\" rel=\"noreferrer noopener\">Samen<\/a> und Setzlinge bis zum endg\u00fcltigen Helichrysum italicum-\u00d6l, verifiziert durch <a href=\"https:\/\/novidan.ba\/de\/wp-content\/gc-analysis-oil-samples\/\" target=\"_blank\" rel=\"noreferrer noopener\">GC\/MS-ANALYSE<\/a><a href=\"https:\/\/novidan.ba\/de\/wp-content\/gc-analysis-oil-samples\/\">.<\/a><\/li>\n<\/ul>\n<\/div><\/div>\n\n\n\n<p class=\"has-text-align-center\"><strong>Digitale Niederdruckdestillation:<\/strong><\/p>\n\n\n\n<div class=\"wp-block-media-text is-stacked-on-mobile\" style=\"grid-template-columns:33% auto\"><figure class=\"wp-block-media-text__media\"><img loading=\"lazy\" decoding=\"async\" width=\"283\" height=\"378\" src=\"https:\/\/novidan.ba\/wp-content\/uploads\/2024\/01\/helichrysum-italicum-oil-in-decanter.jpg\" alt=\"helichrysum-italicum-oil-in-distillery\" class=\"wp-image-8342 size-full\" srcset=\"https:\/\/novidan.ba\/wp-content\/uploads\/2024\/01\/helichrysum-italicum-oil-in-decanter.jpg 283w, https:\/\/novidan.ba\/wp-content\/uploads\/2024\/01\/helichrysum-italicum-oil-in-decanter-225x300.jpg 225w, https:\/\/novidan.ba\/wp-content\/uploads\/2024\/01\/helichrysum-italicum-oil-in-decanter-9x12.jpg 9w, https:\/\/novidan.ba\/wp-content\/uploads\/2024\/01\/helichrysum-italicum-oil-in-decanter-230x307.jpg 230w\" sizes=\"auto, (max-width: 283px) 100vw, 283px\" \/><\/figure><div class=\"wp-block-media-text__content\">\n<p>Unser digitaler Niederdruck <a href=\"https:\/\/novidan.ba\/de\/essential-oil-distillery\/\" target=\"_blank\" rel=\"noreferrer noopener\">Brennerei<\/a>, ein H\u00f6hepunkt der Wasserdampfdestillation, erm\u00f6glicht es uns, jeden Parameter w\u00e4hrend der Destillation zu kontrollieren. Dies gew\u00e4hrleistet die optimale Extraktion \u00e4therischer \u00d6le und erh\u00e4lt die Reinheit und Wirksamkeit unserer <a href=\"https:\/\/novidan.ba\/de\/helichrysum-oil\/\" target=\"_blank\" rel=\"noreferrer noopener\">Helichrysum\u00f6l.<\/a><\/p>\n\n\n\n<p class=\"has-text-align-center\"><strong>Exzellenz im Gro\u00dfhandel, Erreichbarkeit im Einzelhandel:<\/strong><\/p>\n\n\n\n<p>Als Gro\u00dfh\u00e4ndler bieten wir Endverbrauchern die M\u00f6glichkeit, hochwertiges Helichrysum italicum-\u00d6l zu einem erschwinglichen Preis zu erhalten. Angesichts der Verbreitung von F\u00e4lschungen und hohen Preisen ist es uns ein Anliegen, authentisches Helichrysum italicum-\u00d6l zug\u00e4nglich zu machen.<\/p>\n<\/div><\/div>\n\n\n\n<p><strong>Verbinden Sie sich mit uns:<\/strong><\/p>\n\n\n\n<p>F\u00fcr Gro\u00dfhandelsanfragen wenden Sie sich bitte an <a href=\"mailto:novidan365@gmail.com\" target=\"_blank\" rel=\"noreferrer noopener\">Email<\/a> oder f\u00fcllen Sie das <a href=\"https:\/\/novidan.ba\/de\/#contact\">Kontakt Formular<\/a> Privatkunden k\u00f6nnen unser Angebot auf <a href=\"https:\/\/novidan.ba\/de\/helichrysum-oil-retail-shops\/\" target=\"_blank\" rel=\"noreferrer noopener\">Ebay, Etsy,<\/a> oder kaufen Sie direkt bei unserem <a href=\"https:\/\/novidan.ba\/de\/shop\/\">Webseite.<\/a><\/p>\n\n\n\n<p>Erweitern Sie Ihr Aromatherapie-Erlebnis mit unserem hochwertigen, biologisch zertifizierten Helichrysum italicum-\u00d6l.<\/p>","protected":false},"excerpt":{"rendered":"<p>Helichrysum italicum oil farm and distillery Explore the Excellence of Our Organic Helichrysum Italicum Oil Welcome to our family farm, dedicated to cultivating organic helichrysum italicum plants in their natural habitat. Our commitment to quality is evident in the production of the finest organic helichrysum italicum oil. Why Our Helichrysum [&hellip;]<\/p>\n","protected":false},"author":1,"featured_media":8355,"parent":0,"menu_order":0,"comment_status":"open","ping_status":"closed","template":"","meta":{"_monsterinsights_skip_tracking":false,"_monsterinsights_sitenote_active":false,"_monsterinsights_sitenote_note":"","_monsterinsights_sitenote_category":0,"_joinchat":[],"footnotes":""},"class_list":["post-4284","page","type-page","status-publish","has-post-thumbnail","hentry"],"yoast_head":"<!-- This site is optimized with the Yoast SEO plugin v27.3 - https:\/\/yoast.com\/product\/yoast-seo-wordpress\/ -->\n<title>Helichrysum italicum - Organic essential oil farm and distillery<\/title>\n<meta name=\"description\" content=\"We are a family farm that cultivate organic helichrysum italicum in its natural habitat from which we make best helichrysum italicum oil.\" \/>\n<meta name=\"robots\" content=\"index, follow, max-snippet:-1, max-image-preview:large, max-video-preview:-1\" \/>\n<link rel=\"canonical\" href=\"https:\/\/novidan.ba\/de\/\" \/>\n<meta property=\"og:locale\" content=\"de_DE\" \/>\n<meta property=\"og:type\" content=\"article\" \/>\n<meta property=\"og:title\" content=\"Helichrysum italicum - Organic essential oil farm and distillery\" \/>\n<meta property=\"og:description\" content=\"We are a family farm that cultivate organic helichrysum italicum in its natural habitat from which we make best helichrysum italicum oil.\" \/>\n<meta property=\"og:url\" content=\"https:\/\/novidan.ba\/de\/\" \/>\n<meta property=\"og:site_name\" content=\"Helichrysum italicum oil\" \/>\n<meta property=\"article:publisher\" content=\"https:\/\/www.facebook.com\/novidannn\/\" \/>\n<meta property=\"article:modified_time\" content=\"2024-01-20T22:39:42+00:00\" \/>\n<meta property=\"og:image\" content=\"https:\/\/novidan.ba\/wp-content\/uploads\/2024\/01\/beautifull-helichrysum-italicum-oil-plant.jpg\" \/>\n\t<meta property=\"og:image:width\" content=\"712\" \/>\n\t<meta property=\"og:image:height\" content=\"733\" \/>\n\t<meta property=\"og:image:type\" content=\"image\/jpeg\" \/>\n<meta name=\"twitter:card\" content=\"summary_large_image\" \/>\n<meta name=\"twitter:site\" content=\"@HelichrysumOrg\" \/>\n<meta name=\"twitter:label1\" content=\"Gesch\u00e4tzte Lesezeit\" \/>\n\t<meta name=\"twitter:data1\" content=\"2\u00a0Minuten\" \/>\n<script type=\"application\/ld+json\" class=\"yoast-schema-graph\">{\"@context\":\"https:\\\/\\\/schema.org\",\"@graph\":[{\"@type\":\"WebPage\",\"@id\":\"https:\\\/\\\/novidan.ba\\\/\",\"url\":\"https:\\\/\\\/novidan.ba\\\/\",\"name\":\"Helichrysum italicum - Organic essential oil farm and distillery\",\"isPartOf\":{\"@id\":\"https:\\\/\\\/novidan.ba\\\/#website\"},\"primaryImageOfPage\":{\"@id\":\"https:\\\/\\\/novidan.ba\\\/#primaryimage\"},\"image\":{\"@id\":\"https:\\\/\\\/novidan.ba\\\/#primaryimage\"},\"thumbnailUrl\":\"https:\\\/\\\/novidan.ba\\\/wp-content\\\/uploads\\\/2024\\\/01\\\/beautifull-helichrysum-italicum-oil-plant.jpg\",\"datePublished\":\"2018-11-12T10:50:12+00:00\",\"dateModified\":\"2024-01-20T22:39:42+00:00\",\"description\":\"We are a family farm that cultivate organic helichrysum italicum in its natural habitat from which we make best helichrysum italicum oil.\",\"breadcrumb\":{\"@id\":\"https:\\\/\\\/novidan.ba\\\/#breadcrumb\"},\"inLanguage\":\"de\",\"potentialAction\":[{\"@type\":\"ReadAction\",\"target\":[\"https:\\\/\\\/novidan.ba\\\/\"]}]},{\"@type\":\"ImageObject\",\"inLanguage\":\"de\",\"@id\":\"https:\\\/\\\/novidan.ba\\\/#primaryimage\",\"url\":\"https:\\\/\\\/novidan.ba\\\/wp-content\\\/uploads\\\/2024\\\/01\\\/beautifull-helichrysum-italicum-oil-plant.jpg\",\"contentUrl\":\"https:\\\/\\\/novidan.ba\\\/wp-content\\\/uploads\\\/2024\\\/01\\\/beautifull-helichrysum-italicum-oil-plant.jpg\",\"width\":712,\"height\":733,\"caption\":\"Beautifull yellow helichrysum immortelle plant\"},{\"@type\":\"BreadcrumbList\",\"@id\":\"https:\\\/\\\/novidan.ba\\\/#breadcrumb\",\"itemListElement\":[{\"@type\":\"ListItem\",\"position\":1,\"name\":\"Home\",\"item\":\"https:\\\/\\\/novidan.ba\\\/\"},{\"@type\":\"ListItem\",\"position\":2,\"name\":\"Helichrysum italicum\"}]},{\"@type\":\"WebSite\",\"@id\":\"https:\\\/\\\/novidan.ba\\\/#website\",\"url\":\"https:\\\/\\\/novidan.ba\\\/\",\"name\":\"Helichrysum italicum oil\",\"description\":\"Helichrysum Italicum oil Farm and Distillery\",\"publisher\":{\"@id\":\"https:\\\/\\\/novidan.ba\\\/#organization\"},\"alternateName\":\"Helichrysum oil\",\"potentialAction\":[{\"@type\":\"SearchAction\",\"target\":{\"@type\":\"EntryPoint\",\"urlTemplate\":\"https:\\\/\\\/novidan.ba\\\/?s={search_term_string}\"},\"query-input\":{\"@type\":\"PropertyValueSpecification\",\"valueRequired\":true,\"valueName\":\"search_term_string\"}}],\"inLanguage\":\"de\"},{\"@type\":\"Organization\",\"@id\":\"https:\\\/\\\/novidan.ba\\\/#organization\",\"name\":\"Helichrysum essential oil farm\",\"alternateName\":\"Essential oil distillery - New Day\",\"url\":\"https:\\\/\\\/novidan.ba\\\/\",\"logo\":{\"@type\":\"ImageObject\",\"inLanguage\":\"de\",\"@id\":\"https:\\\/\\\/novidan.ba\\\/#\\\/schema\\\/logo\\\/image\\\/\",\"url\":\"https:\\\/\\\/novidan.ba\\\/wp-content\\\/uploads\\\/2020\\\/03\\\/heichrysum_italicum.jpg\",\"contentUrl\":\"https:\\\/\\\/novidan.ba\\\/wp-content\\\/uploads\\\/2020\\\/03\\\/heichrysum_italicum.jpg\",\"width\":200,\"height\":200,\"caption\":\"Helichrysum essential oil farm\"},\"image\":{\"@id\":\"https:\\\/\\\/novidan.ba\\\/#\\\/schema\\\/logo\\\/image\\\/\"},\"sameAs\":[\"https:\\\/\\\/www.facebook.com\\\/novidannn\\\/\",\"https:\\\/\\\/x.com\\\/HelichrysumOrg\",\"https:\\\/\\\/www.instagram.com\\\/helichrysum_italicum\\\/\",\"https:\\\/\\\/www.linkedin.com\\\/in\\\/helichrysum-italicum\\\/\",\"https:\\\/\\\/www.youtube.com\\\/channel\\\/UCOhCOan0gVq1RFDPZDDo9Pw\"]}]}<\/script>\n<!-- \/ Yoast SEO plugin. -->","yoast_head_json":{"title":"Helichrysum italicum - Organic essential oil farm and distillery","description":"We are a family farm that cultivate organic helichrysum italicum in its natural habitat from which we make best helichrysum italicum oil.","robots":{"index":"index","follow":"follow","max-snippet":"max-snippet:-1","max-image-preview":"max-image-preview:large","max-video-preview":"max-video-preview:-1"},"canonical":"https:\/\/novidan.ba\/de\/","og_locale":"de_DE","og_type":"article","og_title":"Helichrysum italicum - Organic essential oil farm and distillery","og_description":"We are a family farm that cultivate organic helichrysum italicum in its natural habitat from which we make best helichrysum italicum oil.","og_url":"https:\/\/novidan.ba\/de\/","og_site_name":"Helichrysum italicum oil","article_publisher":"https:\/\/www.facebook.com\/novidannn\/","article_modified_time":"2024-01-20T22:39:42+00:00","og_image":[{"width":712,"height":733,"url":"https:\/\/novidan.ba\/wp-content\/uploads\/2024\/01\/beautifull-helichrysum-italicum-oil-plant.jpg","type":"image\/jpeg"}],"twitter_card":"summary_large_image","twitter_site":"@HelichrysumOrg","twitter_misc":{"Gesch\u00e4tzte Lesezeit":"2\u00a0Minuten"},"schema":{"@context":"https:\/\/schema.org","@graph":[{"@type":"WebPage","@id":"https:\/\/novidan.ba\/","url":"https:\/\/novidan.ba\/","name":"Helichrysum italicum - Organic essential oil farm and distillery","isPartOf":{"@id":"https:\/\/novidan.ba\/#website"},"primaryImageOfPage":{"@id":"https:\/\/novidan.ba\/#primaryimage"},"image":{"@id":"https:\/\/novidan.ba\/#primaryimage"},"thumbnailUrl":"https:\/\/novidan.ba\/wp-content\/uploads\/2024\/01\/beautifull-helichrysum-italicum-oil-plant.jpg","datePublished":"2018-11-12T10:50:12+00:00","dateModified":"2024-01-20T22:39:42+00:00","description":"We are a family farm that cultivate organic helichrysum italicum in its natural habitat from which we make best helichrysum italicum oil.","breadcrumb":{"@id":"https:\/\/novidan.ba\/#breadcrumb"},"inLanguage":"de","potentialAction":[{"@type":"ReadAction","target":["https:\/\/novidan.ba\/"]}]},{"@type":"ImageObject","inLanguage":"de","@id":"https:\/\/novidan.ba\/#primaryimage","url":"https:\/\/novidan.ba\/wp-content\/uploads\/2024\/01\/beautifull-helichrysum-italicum-oil-plant.jpg","contentUrl":"https:\/\/novidan.ba\/wp-content\/uploads\/2024\/01\/beautifull-helichrysum-italicum-oil-plant.jpg","width":712,"height":733,"caption":"Beautifull yellow helichrysum immortelle plant"},{"@type":"BreadcrumbList","@id":"https:\/\/novidan.ba\/#breadcrumb","itemListElement":[{"@type":"ListItem","position":1,"name":"Home","item":"https:\/\/novidan.ba\/"},{"@type":"ListItem","position":2,"name":"Helichrysum italicum"}]},{"@type":"WebSite","@id":"https:\/\/novidan.ba\/#website","url":"https:\/\/novidan.ba\/","name":"Helichrysum italicum \u00d6l","description":"Helichrysum Italicum oil Farm and Distillery","publisher":{"@id":"https:\/\/novidan.ba\/#organization"},"alternateName":"Helichrysum oil","potentialAction":[{"@type":"SearchAction","target":{"@type":"EntryPoint","urlTemplate":"https:\/\/novidan.ba\/?s={search_term_string}"},"query-input":{"@type":"PropertyValueSpecification","valueRequired":true,"valueName":"search_term_string"}}],"inLanguage":"de"},{"@type":"Organization","@id":"https:\/\/novidan.ba\/#organization","name":"Helichrysum essential oil farm","alternateName":"Essential oil distillery - New Day","url":"https:\/\/novidan.ba\/","logo":{"@type":"ImageObject","inLanguage":"de","@id":"https:\/\/novidan.ba\/#\/schema\/logo\/image\/","url":"https:\/\/novidan.ba\/wp-content\/uploads\/2020\/03\/heichrysum_italicum.jpg","contentUrl":"https:\/\/novidan.ba\/wp-content\/uploads\/2020\/03\/heichrysum_italicum.jpg","width":200,"height":200,"caption":"Helichrysum essential oil farm"},"image":{"@id":"https:\/\/novidan.ba\/#\/schema\/logo\/image\/"},"sameAs":["https:\/\/www.facebook.com\/novidannn\/","https:\/\/x.com\/HelichrysumOrg","https:\/\/www.instagram.com\/helichrysum_italicum\/","https:\/\/www.linkedin.com\/in\/helichrysum-italicum\/","https:\/\/www.youtube.com\/channel\/UCOhCOan0gVq1RFDPZDDo9Pw"]}]}},"_links":{"self":[{"href":"https:\/\/novidan.ba\/de\/wp-json\/wp\/v2\/pages\/4284","targetHints":{"allow":["GET"]}}],"collection":[{"href":"https:\/\/novidan.ba\/de\/wp-json\/wp\/v2\/pages"}],"about":[{"href":"https:\/\/novidan.ba\/de\/wp-json\/wp\/v2\/types\/page"}],"author":[{"embeddable":true,"href":"https:\/\/novidan.ba\/de\/wp-json\/wp\/v2\/users\/1"}],"replies":[{"embeddable":true,"href":"https:\/\/novidan.ba\/de\/wp-json\/wp\/v2\/comments?post=4284"}],"version-history":[{"count":30,"href":"https:\/\/novidan.ba\/de\/wp-json\/wp\/v2\/pages\/4284\/revisions"}],"predecessor-version":[{"id":8395,"href":"https:\/\/novidan.ba\/de\/wp-json\/wp\/v2\/pages\/4284\/revisions\/8395"}],"wp:featuredmedia":[{"embeddable":true,"href":"https:\/\/novidan.ba\/de\/wp-json\/wp\/v2\/media\/8355"}],"wp:attachment":[{"href":"https:\/\/novidan.ba\/de\/wp-json\/wp\/v2\/media?parent=4284"}],"curies":[{"name":"wp","href":"https:\/\/api.w.org\/{rel}","templated":true}]}}