{"id":388,"date":"2017-02-24T00:40:49","date_gmt":"2017-02-23T23:40:49","guid":{"rendered":"http:\/\/novidan.ba\/?page_id=388"},"modified":"2022-01-21T08:52:24","modified_gmt":"2022-01-21T07:52:24","slug":"novi-dan-biofach-2017-organic-fair","status":"publish","type":"page","link":"https:\/\/novidan.ba\/de\/novi-dan-biofach-2017-organic-fair\/","title":{"rendered":"Neuer Tag Ltd. \u2013 Biofach 2017 \u2013 Biomesse 2019"},"content":{"rendered":"<h1>Neuer Tag Ltd. Helichrysum \u2013 N\u00fcrnberg Deutschland \u2013 Biofach<\/h1>\n<h3>BioFach 2019<\/h3>\n<p>Auch in diesem Jahr stellten wir auf der weltgr\u00f6\u00dften Bio-Messe aus. Eine weitere positive Erfahrung f\u00fcr uns und unsere Gesch\u00e4ftspartner liegt hinter uns.<\/p>\n<figure>\n\t\t\t\t\t\t\t\t\t\t<img loading=\"lazy\" decoding=\"async\" src=\"https:\/\/novidan.ba\/wp-content\/uploads\/2020\/03\/new-day-biofach-2019-helichrysum-576x1024-1.jpg\" alt=\"new day stand at biofach 2019 helichrysum\" srcset=\"https:\/\/novidan.ba\/wp-content\/uploads\/2020\/03\/new-day-biofach-2019-helichrysum-576x1024-1.jpg 576w, https:\/\/novidan.ba\/wp-content\/uploads\/2020\/03\/new-day-biofach-2019-helichrysum-576x1024-1-169x300.jpg 169w, https:\/\/novidan.ba\/wp-content\/uploads\/2020\/03\/new-day-biofach-2019-helichrysum-576x1024-1-432x768.jpg 432w\" sizes=\"auto, (max-width: 576px) 100vw, 576px\" width=\"576\" height=\"1024\"><figcaption>Neuer Tag Ltd. Stand auf der Biofach 2019. Die Pr\u00e4sentation fand unter der Schirmherrschaft der BIH Au\u00dfenhandelskammer statt<\/figcaption><\/figure>\n<figure>\n\t\t\t\t\t\t\t\t\t\t<img loading=\"lazy\" decoding=\"async\" src=\"https:\/\/novidan.ba\/wp-content\/uploads\/2020\/03\/new_day_biofach_2019_helichrysum1-1024x619-1.jpg\" alt=\"Helichrysum stand on Biofach 2019\" srcset=\"https:\/\/novidan.ba\/wp-content\/uploads\/2020\/03\/new_day_biofach_2019_helichrysum1-1024x619-1.jpg 1024w, https:\/\/novidan.ba\/wp-content\/uploads\/2020\/03\/new_day_biofach_2019_helichrysum1-1024x619-1-300x181.jpg 300w, https:\/\/novidan.ba\/wp-content\/uploads\/2020\/03\/new_day_biofach_2019_helichrysum1-1024x619-1-768x464.jpg 768w, https:\/\/novidan.ba\/wp-content\/uploads\/2020\/03\/new_day_biofach_2019_helichrysum1-1024x619-1-600x363.jpg 600w\" sizes=\"auto, (max-width: 750px) 100vw, 750px\" width=\"750\" height=\"453\"><figcaption>Neuer Tag Ltd. Stand \u2013 HALLE 4A Stand 405<\/figcaption><\/figure>\n<figure>\n\t\t\t\t\t\t\t\t\t\t<img loading=\"lazy\" decoding=\"async\" src=\"https:\/\/novidan.ba\/wp-content\/uploads\/2020\/03\/new-day-biofach-2019_helichrysum.jpg\" alt=\"helichrysum stand with consul\" srcset=\"https:\/\/novidan.ba\/wp-content\/uploads\/2020\/03\/new-day-biofach-2019_helichrysum.jpg 1024w, https:\/\/novidan.ba\/wp-content\/uploads\/2020\/03\/new-day-biofach-2019_helichrysum-300x225.jpg 300w, https:\/\/novidan.ba\/wp-content\/uploads\/2020\/03\/new-day-biofach-2019_helichrysum-768x576.jpg 768w, https:\/\/novidan.ba\/wp-content\/uploads\/2020\/03\/new-day-biofach-2019_helichrysum-600x450.jpg 600w\" sizes=\"auto, (max-width: 750px) 100vw, 750px\" width=\"750\" height=\"563\"><figcaption>Beim Konsul von Bosnien und Herzegowina in Deutschland<\/figcaption><\/figure>\n<h2>BioFach 2017<\/h2>\n<p>Wir verbrachten sieben sehr erfolgreiche Tage in N\u00fcrnberg, Deutschland. Die Messe dauerte vom 14. bis 17. Februar. 2017. Wir haben neue Gesch\u00e4ftskontakte und Freunde gekn\u00fcpft.<\/p>\n<p>Novi Dan doo stellte zusammen mit 5 Ausstellern aus Bosnien und Herzegowina auf einem Gemeinschaftsstand aus. Die Pr\u00e4sentation fand unter der Schirmherrschaft der Au\u00dfenhandelskammer BiH und USAID \/ Schweden FARMA II statt. Alles in allem ein unvergessliches Erlebnis f\u00fcr ein neues Unternehmen wie unseres.<\/p>\n<figure>\n\t\t\t\t\t\t\t\t\t\t<img loading=\"lazy\" decoding=\"async\" src=\"https:\/\/novidan.ba\/wp-content\/uploads\/2020\/03\/Novi-dan-biofach-2017-fair-1024x768.jpg\" alt=\"Biofach 2017 trade fair - helichrysum\" srcset=\"https:\/\/novidan.ba\/wp-content\/uploads\/2020\/03\/Novi-dan-biofach-2017-fair-1024x768.jpg 1024w, https:\/\/novidan.ba\/wp-content\/uploads\/2020\/03\/Novi-dan-biofach-2017-fair-300x225.jpg 300w, https:\/\/novidan.ba\/wp-content\/uploads\/2020\/03\/Novi-dan-biofach-2017-fair-768x576.jpg 768w, https:\/\/novidan.ba\/wp-content\/uploads\/2020\/03\/Novi-dan-biofach-2017-fair-1536x1152.jpg 1536w, https:\/\/novidan.ba\/wp-content\/uploads\/2020\/03\/Novi-dan-biofach-2017-fair-2048x1536.jpg 2048w, https:\/\/novidan.ba\/wp-content\/uploads\/2020\/03\/Novi-dan-biofach-2017-fair-600x450.jpg 600w\" sizes=\"auto, (max-width: 750px) 100vw, 750px\" width=\"750\" height=\"563\"><figcaption>Bosnien und Herzegowina unerl\u00e4sslich \u2013 5 Unternehmen \u2013 USAID\/Schweden und Au\u00dfenhandelskammer von Bosnien und Herzegowina<\/figcaption><\/figure>","protected":false},"excerpt":{"rendered":"<p>New Day ltd. Helichrysum &#8211; Nuremberg Germany &#8211; Biofach Biofach 2019 This year also we exhibited at the world&#8217;s largest organic products fair. Another positive experience for us and our business partners is behind us. New Day ltd. stand at Biofach 2019., presentation was held under auspicies of BIH foreign [&hellip;]<\/p>\n","protected":false},"author":2,"featured_media":0,"parent":0,"menu_order":0,"comment_status":"closed","ping_status":"closed","template":"","meta":{"_monsterinsights_skip_tracking":false,"_monsterinsights_sitenote_active":false,"_monsterinsights_sitenote_note":"","_monsterinsights_sitenote_category":0,"_joinchat":[],"footnotes":""},"class_list":["post-388","page","type-page","status-publish","hentry"],"yoast_head":"<!-- This site is optimized with the Yoast SEO plugin v27.3 - https:\/\/yoast.com\/product\/yoast-seo-wordpress\/ -->\n<title>New Day ltd. - Biofach 2017 - 2019 Organic Fair - Helichrysum italicum oil<\/title>\n<meta name=\"description\" content=\"New Day ltd. Helichrysum - Nuremberg Germany - Biofach Biofach 2019 This year also we exhibited at the world&#039;s largest organic products fair. Another\" \/>\n<meta name=\"robots\" content=\"index, follow, max-snippet:-1, max-image-preview:large, max-video-preview:-1\" \/>\n<link rel=\"canonical\" href=\"https:\/\/novidan.ba\/de\/novi-dan-biofach-2017-organic-fair\/\" \/>\n<meta property=\"og:locale\" content=\"de_DE\" \/>\n<meta property=\"og:type\" content=\"article\" \/>\n<meta property=\"og:title\" content=\"New Day ltd. - Biofach 2017 - 2019 Organic Fair - Helichrysum italicum oil\" \/>\n<meta property=\"og:description\" content=\"New Day ltd. Helichrysum - Nuremberg Germany - Biofach Biofach 2019 This year also we exhibited at the world&#039;s largest organic products fair. Another\" \/>\n<meta property=\"og:url\" content=\"https:\/\/novidan.ba\/de\/novi-dan-biofach-2017-organic-fair\/\" \/>\n<meta property=\"og:site_name\" content=\"Helichrysum italicum oil\" \/>\n<meta property=\"article:publisher\" content=\"https:\/\/www.facebook.com\/novidannn\/\" \/>\n<meta property=\"article:modified_time\" content=\"2022-01-21T07:52:24+00:00\" \/>\n<meta property=\"og:image\" content=\"https:\/\/novidan.ba\/wp-content\/uploads\/2020\/03\/new-day-biofach-2019-helichrysum-576x1024-1.jpg\" \/>\n<meta name=\"twitter:card\" content=\"summary_large_image\" \/>\n<meta name=\"twitter:site\" content=\"@HelichrysumOrg\" \/>\n<meta name=\"twitter:label1\" content=\"Gesch\u00e4tzte Lesezeit\" \/>\n\t<meta name=\"twitter:data1\" content=\"2\u00a0Minuten\" \/>\n<script type=\"application\/ld+json\" class=\"yoast-schema-graph\">{\"@context\":\"https:\\\/\\\/schema.org\",\"@graph\":[{\"@type\":\"WebPage\",\"@id\":\"https:\\\/\\\/novidan.ba\\\/novi-dan-biofach-2017-organic-fair\\\/\",\"url\":\"https:\\\/\\\/novidan.ba\\\/novi-dan-biofach-2017-organic-fair\\\/\",\"name\":\"New Day ltd. - Biofach 2017 - 2019 Organic Fair - Helichrysum italicum oil\",\"isPartOf\":{\"@id\":\"https:\\\/\\\/novidan.ba\\\/#website\"},\"primaryImageOfPage\":{\"@id\":\"https:\\\/\\\/novidan.ba\\\/novi-dan-biofach-2017-organic-fair\\\/#primaryimage\"},\"image\":{\"@id\":\"https:\\\/\\\/novidan.ba\\\/novi-dan-biofach-2017-organic-fair\\\/#primaryimage\"},\"thumbnailUrl\":\"https:\\\/\\\/novidan.ba\\\/wp-content\\\/uploads\\\/2020\\\/03\\\/new-day-biofach-2019-helichrysum-576x1024-1.jpg\",\"datePublished\":\"2017-02-23T23:40:49+00:00\",\"dateModified\":\"2022-01-21T07:52:24+00:00\",\"description\":\"New Day ltd. Helichrysum - Nuremberg Germany - Biofach Biofach 2019 This year also we exhibited at the world's largest organic products fair. Another\",\"breadcrumb\":{\"@id\":\"https:\\\/\\\/novidan.ba\\\/novi-dan-biofach-2017-organic-fair\\\/#breadcrumb\"},\"inLanguage\":\"de\",\"potentialAction\":[{\"@type\":\"ReadAction\",\"target\":[\"https:\\\/\\\/novidan.ba\\\/novi-dan-biofach-2017-organic-fair\\\/\"]}]},{\"@type\":\"ImageObject\",\"inLanguage\":\"de\",\"@id\":\"https:\\\/\\\/novidan.ba\\\/novi-dan-biofach-2017-organic-fair\\\/#primaryimage\",\"url\":\"https:\\\/\\\/novidan.ba\\\/wp-content\\\/uploads\\\/2020\\\/03\\\/new-day-biofach-2019-helichrysum-576x1024-1.jpg\",\"contentUrl\":\"https:\\\/\\\/novidan.ba\\\/wp-content\\\/uploads\\\/2020\\\/03\\\/new-day-biofach-2019-helichrysum-576x1024-1.jpg\"},{\"@type\":\"BreadcrumbList\",\"@id\":\"https:\\\/\\\/novidan.ba\\\/novi-dan-biofach-2017-organic-fair\\\/#breadcrumb\",\"itemListElement\":[{\"@type\":\"ListItem\",\"position\":1,\"name\":\"Home\",\"item\":\"https:\\\/\\\/novidan.ba\\\/\"},{\"@type\":\"ListItem\",\"position\":2,\"name\":\"New Day ltd. &#8211; Biofach 2017 &#8211; 2019 Organic Fair\"}]},{\"@type\":\"WebSite\",\"@id\":\"https:\\\/\\\/novidan.ba\\\/#website\",\"url\":\"https:\\\/\\\/novidan.ba\\\/\",\"name\":\"Helichrysum italicum oil\",\"description\":\"Helichrysum Italicum oil Farm and Distillery\",\"publisher\":{\"@id\":\"https:\\\/\\\/novidan.ba\\\/#organization\"},\"alternateName\":\"Helichrysum oil\",\"potentialAction\":[{\"@type\":\"SearchAction\",\"target\":{\"@type\":\"EntryPoint\",\"urlTemplate\":\"https:\\\/\\\/novidan.ba\\\/?s={search_term_string}\"},\"query-input\":{\"@type\":\"PropertyValueSpecification\",\"valueRequired\":true,\"valueName\":\"search_term_string\"}}],\"inLanguage\":\"de\"},{\"@type\":\"Organization\",\"@id\":\"https:\\\/\\\/novidan.ba\\\/#organization\",\"name\":\"Helichrysum essential oil farm\",\"alternateName\":\"Essential oil distillery - New Day\",\"url\":\"https:\\\/\\\/novidan.ba\\\/\",\"logo\":{\"@type\":\"ImageObject\",\"inLanguage\":\"de\",\"@id\":\"https:\\\/\\\/novidan.ba\\\/#\\\/schema\\\/logo\\\/image\\\/\",\"url\":\"https:\\\/\\\/novidan.ba\\\/wp-content\\\/uploads\\\/2020\\\/03\\\/heichrysum_italicum.jpg\",\"contentUrl\":\"https:\\\/\\\/novidan.ba\\\/wp-content\\\/uploads\\\/2020\\\/03\\\/heichrysum_italicum.jpg\",\"width\":200,\"height\":200,\"caption\":\"Helichrysum essential oil farm\"},\"image\":{\"@id\":\"https:\\\/\\\/novidan.ba\\\/#\\\/schema\\\/logo\\\/image\\\/\"},\"sameAs\":[\"https:\\\/\\\/www.facebook.com\\\/novidannn\\\/\",\"https:\\\/\\\/x.com\\\/HelichrysumOrg\",\"https:\\\/\\\/www.instagram.com\\\/helichrysum_italicum\\\/\",\"https:\\\/\\\/www.linkedin.com\\\/in\\\/helichrysum-italicum\\\/\",\"https:\\\/\\\/www.youtube.com\\\/channel\\\/UCOhCOan0gVq1RFDPZDDo9Pw\"]}]}<\/script>\n<!-- \/ Yoast SEO plugin. -->","yoast_head_json":{"title":"New Day ltd. - Biofach 2017 - 2019 Organic Fair - Helichrysum italicum oil","description":"New Day ltd. Helichrysum - Nuremberg Germany - Biofach Biofach 2019 This year also we exhibited at the world's largest organic products fair. Another","robots":{"index":"index","follow":"follow","max-snippet":"max-snippet:-1","max-image-preview":"max-image-preview:large","max-video-preview":"max-video-preview:-1"},"canonical":"https:\/\/novidan.ba\/de\/novi-dan-biofach-2017-organic-fair\/","og_locale":"de_DE","og_type":"article","og_title":"New Day ltd. - Biofach 2017 - 2019 Organic Fair - Helichrysum italicum oil","og_description":"New Day ltd. Helichrysum - Nuremberg Germany - Biofach Biofach 2019 This year also we exhibited at the world's largest organic products fair. Another","og_url":"https:\/\/novidan.ba\/de\/novi-dan-biofach-2017-organic-fair\/","og_site_name":"Helichrysum italicum oil","article_publisher":"https:\/\/www.facebook.com\/novidannn\/","article_modified_time":"2022-01-21T07:52:24+00:00","og_image":[{"url":"https:\/\/novidan.ba\/wp-content\/uploads\/2020\/03\/new-day-biofach-2019-helichrysum-576x1024-1.jpg","type":"","width":"","height":""}],"twitter_card":"summary_large_image","twitter_site":"@HelichrysumOrg","twitter_misc":{"Gesch\u00e4tzte Lesezeit":"2\u00a0Minuten"},"schema":{"@context":"https:\/\/schema.org","@graph":[{"@type":"WebPage","@id":"https:\/\/novidan.ba\/novi-dan-biofach-2017-organic-fair\/","url":"https:\/\/novidan.ba\/novi-dan-biofach-2017-organic-fair\/","name":"New Day ltd. - Biofach 2017 - 2019 Organic Fair - Helichrysum italicum oil","isPartOf":{"@id":"https:\/\/novidan.ba\/#website"},"primaryImageOfPage":{"@id":"https:\/\/novidan.ba\/novi-dan-biofach-2017-organic-fair\/#primaryimage"},"image":{"@id":"https:\/\/novidan.ba\/novi-dan-biofach-2017-organic-fair\/#primaryimage"},"thumbnailUrl":"https:\/\/novidan.ba\/wp-content\/uploads\/2020\/03\/new-day-biofach-2019-helichrysum-576x1024-1.jpg","datePublished":"2017-02-23T23:40:49+00:00","dateModified":"2022-01-21T07:52:24+00:00","description":"New Day ltd. Helichrysum - Nuremberg Germany - Biofach Biofach 2019 This year also we exhibited at the world's largest organic products fair. Another","breadcrumb":{"@id":"https:\/\/novidan.ba\/novi-dan-biofach-2017-organic-fair\/#breadcrumb"},"inLanguage":"de","potentialAction":[{"@type":"ReadAction","target":["https:\/\/novidan.ba\/novi-dan-biofach-2017-organic-fair\/"]}]},{"@type":"ImageObject","inLanguage":"de","@id":"https:\/\/novidan.ba\/novi-dan-biofach-2017-organic-fair\/#primaryimage","url":"https:\/\/novidan.ba\/wp-content\/uploads\/2020\/03\/new-day-biofach-2019-helichrysum-576x1024-1.jpg","contentUrl":"https:\/\/novidan.ba\/wp-content\/uploads\/2020\/03\/new-day-biofach-2019-helichrysum-576x1024-1.jpg"},{"@type":"BreadcrumbList","@id":"https:\/\/novidan.ba\/novi-dan-biofach-2017-organic-fair\/#breadcrumb","itemListElement":[{"@type":"ListItem","position":1,"name":"Home","item":"https:\/\/novidan.ba\/"},{"@type":"ListItem","position":2,"name":"New Day ltd. &#8211; Biofach 2017 &#8211; 2019 Organic Fair"}]},{"@type":"WebSite","@id":"https:\/\/novidan.ba\/#website","url":"https:\/\/novidan.ba\/","name":"Helichrysum italicum \u00d6l","description":"Helichrysum Italicum oil Farm and Distillery","publisher":{"@id":"https:\/\/novidan.ba\/#organization"},"alternateName":"Helichrysum oil","potentialAction":[{"@type":"SearchAction","target":{"@type":"EntryPoint","urlTemplate":"https:\/\/novidan.ba\/?s={search_term_string}"},"query-input":{"@type":"PropertyValueSpecification","valueRequired":true,"valueName":"search_term_string"}}],"inLanguage":"de"},{"@type":"Organization","@id":"https:\/\/novidan.ba\/#organization","name":"Helichrysum essential oil farm","alternateName":"Essential oil distillery - New Day","url":"https:\/\/novidan.ba\/","logo":{"@type":"ImageObject","inLanguage":"de","@id":"https:\/\/novidan.ba\/#\/schema\/logo\/image\/","url":"https:\/\/novidan.ba\/wp-content\/uploads\/2020\/03\/heichrysum_italicum.jpg","contentUrl":"https:\/\/novidan.ba\/wp-content\/uploads\/2020\/03\/heichrysum_italicum.jpg","width":200,"height":200,"caption":"Helichrysum essential oil farm"},"image":{"@id":"https:\/\/novidan.ba\/#\/schema\/logo\/image\/"},"sameAs":["https:\/\/www.facebook.com\/novidannn\/","https:\/\/x.com\/HelichrysumOrg","https:\/\/www.instagram.com\/helichrysum_italicum\/","https:\/\/www.linkedin.com\/in\/helichrysum-italicum\/","https:\/\/www.youtube.com\/channel\/UCOhCOan0gVq1RFDPZDDo9Pw"]}]}},"_links":{"self":[{"href":"https:\/\/novidan.ba\/de\/wp-json\/wp\/v2\/pages\/388","targetHints":{"allow":["GET"]}}],"collection":[{"href":"https:\/\/novidan.ba\/de\/wp-json\/wp\/v2\/pages"}],"about":[{"href":"https:\/\/novidan.ba\/de\/wp-json\/wp\/v2\/types\/page"}],"author":[{"embeddable":true,"href":"https:\/\/novidan.ba\/de\/wp-json\/wp\/v2\/users\/2"}],"replies":[{"embeddable":true,"href":"https:\/\/novidan.ba\/de\/wp-json\/wp\/v2\/comments?post=388"}],"version-history":[{"count":14,"href":"https:\/\/novidan.ba\/de\/wp-json\/wp\/v2\/pages\/388\/revisions"}],"predecessor-version":[{"id":7655,"href":"https:\/\/novidan.ba\/de\/wp-json\/wp\/v2\/pages\/388\/revisions\/7655"}],"wp:attachment":[{"href":"https:\/\/novidan.ba\/de\/wp-json\/wp\/v2\/media?parent=388"}],"curies":[{"name":"wp","href":"https:\/\/api.w.org\/{rel}","templated":true}]}}