{"id":361,"date":"2017-02-22T21:13:43","date_gmt":"2017-02-22T20:13:43","guid":{"rendered":"http:\/\/novidan.ba\/?page_id=361"},"modified":"2024-01-21T00:06:23","modified_gmt":"2024-01-20T23:06:23","slug":"organic-certificate-helichrysum-ecocert","status":"publish","type":"page","link":"https:\/\/novidan.ba\/de\/organic-certificate-helichrysum-ecocert\/","title":{"rendered":"Bio-zertifizierte Helichrysum-Farm und Destillerie"},"content":{"rendered":"<figure class=\"wp-block-image\"><img decoding=\"async\" src=\"https:\/\/novidan.ba\/wp-content\/uploads\/2018\/02\/helichrysum-oil-direct-from-farm-1-994x1024.jpg\" alt=\"\"\/><\/figure>\n\n\n\n<h1 class=\"wp-block-heading\" id=\"organic-certificate-helichrysum-plants-oil-hydrolate-almonds-rosemary-and-many-more-soon\">ORGANIC CERTIFICATE &#8211; HELICHRYSUM PLANTS, OIL, HYDROLATE, ALMONDS, ROSEMARY, SAGE AND MANY MORE<\/h1>\n\n\n\n<p>From the beginning of existence our farm ( 2015 &#8211; registered 2016 ) is organic certificated. We are proud owner of <a href=\"http:\/\/www.ecocert.com\/en\" target=\"_blank\" rel=\"noopener noreferrer\"><strong>ECOCERT<\/strong><\/a> Bio-Zertifikat f\u00fcr unsere Bio-Helichrysum \u2013 Nordamerika und Europa.<br><strong>Our helichrysum italicum, sage, lavender, rosemary and other plants , essential oil and hydrolates are <a href=\"https:\/\/novidan.ba\/de\/organic-growing-helichrysum-italicum\/\" target=\"_blank\" rel=\"noopener\">100 % BIO<\/a>.<\/strong><\/p>\n\n\n\n<p>Dar\u00fcber hinaus sind unsere \u00e4therischen \u00d6lpflanzen \u2013 Immortelle \u2013 ( <strong>Helichrysum Italicum)<\/strong>, Rosmarin ( <strong>Rosmarinus officinalis) <\/strong>, Lavendel ( <strong>Lavandula angustifolia<\/strong> ) Pflanzen werden aus der gewonnen <strong>wild<\/strong> Samen und andere \u00e4therische \u00d6le Salbei ( <strong>Salvia officinalis<\/strong> ), Kiefern ( <strong>Pinus sylvestris, Pinus nigra<\/strong> ) , Wacholderbeeren ( <strong>Juniperus communis<\/strong> ) werden aus Wildsammlung gewonnen.<\/p>\n\n\n\n<p>Deswegen einzigartiger Boden, mediterran <a href=\"https:\/\/novidan.ba\/de\/spring-in-herzegovina-novi-dan-immortelle\/\" target=\"_blank\" rel=\"noopener noreferrer\">klimatischen Bedingungen<\/a> Mit vielen sonnigen Tagen und einheimischen Helichrysum-Arten ist die Qualit\u00e4t der \u00e4therischen \u00d6le einzigartig und <a href=\"https:\/\/novidan.ba\/de\/gc-analysis-oil-samples\/\" target=\"_blank\" rel=\"noopener noreferrer\">GC-Analyse<\/a> zeigt, dass.<\/p>\n\n\n\n<p>Wir sind stolz darauf, sagen zu k\u00f6nnen, dass unsere Pflanzen es sind <strong>Bio-zertifiziert<\/strong> seit Beginn und im f\u00fcnften Jahr sind wir Inhaber der <strong>ECOCERT<\/strong> Bio-Zertifikat f\u00fcr unsere <a href=\"https:\/\/novidan.ba\/de\/helichrysum-italicum-growing-firsthand-experience\/\" target=\"_blank\" rel=\"noopener noreferrer\">Bauernhof<\/a> und <a href=\"https:\/\/novidan.ba\/de\/essential-oil-distillery\/\" target=\"_blank\" rel=\"noreferrer noopener\">Brennerei<\/a>.<\/p>\n\n\n\n<p>wir glauben das<a href=\"https:\/\/novidan.ba\/de\/organic-growing-helichrysum-italicum\/\" target=\"_blank\" rel=\"noopener\"> biologischer Anbau<\/a> ist der einzig gangbare Weg in die Landwirtschaft, insbesondere wenn es um Pflanzenkulturen geht, die der Verbesserung unserer Gesundheit dienen, wie die Strohblume.<\/p>\n\n\n\n<h3 class=\"wp-block-heading\" id=\"latest-certificate-for-organic-helichrysum-oil\">LATEST CERTIFICATE FOR ORGANIC ESSENTIAL OILS AND HYDROLATES &#8211; HELICHRYSUM , SAGE, ROSEMARY, LAVENDER, PINES&#8230;<\/h3>\n\n\n\n<figure class=\"wp-block-image size-large\"><img loading=\"lazy\" decoding=\"async\" width=\"1024\" height=\"721\" src=\"https:\/\/novidan.ba\/wp-content\/uploads\/2023\/01\/SAS_-_Certificate_EOS_public-1024x721.jpg\" alt=\"\" class=\"wp-image-8011\" srcset=\"https:\/\/novidan.ba\/wp-content\/uploads\/2023\/01\/SAS_-_Certificate_EOS_public-1024x721.jpg 1024w, https:\/\/novidan.ba\/wp-content\/uploads\/2023\/01\/SAS_-_Certificate_EOS_public-300x211.jpg 300w, https:\/\/novidan.ba\/wp-content\/uploads\/2023\/01\/SAS_-_Certificate_EOS_public-768x541.jpg 768w, https:\/\/novidan.ba\/wp-content\/uploads\/2023\/01\/SAS_-_Certificate_EOS_public-1536x1081.jpg 1536w, https:\/\/novidan.ba\/wp-content\/uploads\/2023\/01\/SAS_-_Certificate_EOS_public-2048x1441.jpg 2048w, https:\/\/novidan.ba\/wp-content\/uploads\/2023\/01\/SAS_-_Certificate_EOS_public-18x12.jpg 18w, https:\/\/novidan.ba\/wp-content\/uploads\/2023\/01\/SAS_-_Certificate_EOS_public-230x162.jpg 230w, https:\/\/novidan.ba\/wp-content\/uploads\/2023\/01\/SAS_-_Certificate_EOS_public-600x422.jpg 600w, https:\/\/novidan.ba\/wp-content\/uploads\/2023\/01\/SAS_-_Certificate_EOS_public-85x60.jpg 85w, https:\/\/novidan.ba\/wp-content\/uploads\/2023\/01\/SAS_-_Certificate_EOS_public-128x90.jpg 128w\" sizes=\"auto, (max-width: 1024px) 100vw, 1024px\" \/><figcaption class=\"wp-element-caption\">EOS Organic certificate for essential oils &#8211; 2023\/24<\/figcaption><\/figure>\n\n\n\n<figure class=\"wp-block-image size-large\"><img loading=\"lazy\" decoding=\"async\" width=\"1024\" height=\"481\" src=\"https:\/\/novidan.ba\/wp-content\/uploads\/2023\/01\/SAS_-_Certificate_NOP_public-1024x481.jpg\" alt=\"\" class=\"wp-image-8012\" srcset=\"https:\/\/novidan.ba\/wp-content\/uploads\/2023\/01\/SAS_-_Certificate_NOP_public-1024x481.jpg 1024w, https:\/\/novidan.ba\/wp-content\/uploads\/2023\/01\/SAS_-_Certificate_NOP_public-300x141.jpg 300w, https:\/\/novidan.ba\/wp-content\/uploads\/2023\/01\/SAS_-_Certificate_NOP_public-768x361.jpg 768w, https:\/\/novidan.ba\/wp-content\/uploads\/2023\/01\/SAS_-_Certificate_NOP_public-1536x722.jpg 1536w, https:\/\/novidan.ba\/wp-content\/uploads\/2023\/01\/SAS_-_Certificate_NOP_public-2048x962.jpg 2048w, https:\/\/novidan.ba\/wp-content\/uploads\/2023\/01\/SAS_-_Certificate_NOP_public-18x8.jpg 18w, https:\/\/novidan.ba\/wp-content\/uploads\/2023\/01\/SAS_-_Certificate_NOP_public-230x108.jpg 230w, https:\/\/novidan.ba\/wp-content\/uploads\/2023\/01\/SAS_-_Certificate_NOP_public-600x282.jpg 600w, https:\/\/novidan.ba\/wp-content\/uploads\/2023\/01\/SAS_-_Certificate_NOP_public-128x60.jpg 128w, https:\/\/novidan.ba\/wp-content\/uploads\/2023\/01\/SAS_-_Certificate_NOP_public-192x90.jpg 192w\" sizes=\"auto, (max-width: 1024px) 100vw, 1024px\" \/><figcaption class=\"wp-element-caption\">EOS Organic certificate for essential oils &#8211; 2023\/24<\/figcaption><\/figure>\n\n\n<div class=\"wp-block-image\">\n<figure class=\"aligncenter size-large\"><img loading=\"lazy\" decoding=\"async\" width=\"1024\" height=\"724\" src=\"https:\/\/novidan.ba\/wp-content\/uploads\/2022\/02\/SA-Certificate-EOS_public_Novi_dan_new_day_WEB-1024x724.jpg\" alt=\"\" class=\"wp-image-7791\" srcset=\"https:\/\/novidan.ba\/wp-content\/uploads\/2022\/02\/SA-Certificate-EOS_public_Novi_dan_new_day_WEB-1024x724.jpg 1024w, https:\/\/novidan.ba\/wp-content\/uploads\/2022\/02\/SA-Certificate-EOS_public_Novi_dan_new_day_WEB-300x212.jpg 300w, https:\/\/novidan.ba\/wp-content\/uploads\/2022\/02\/SA-Certificate-EOS_public_Novi_dan_new_day_WEB-768x543.jpg 768w, https:\/\/novidan.ba\/wp-content\/uploads\/2022\/02\/SA-Certificate-EOS_public_Novi_dan_new_day_WEB-18x12.jpg 18w, https:\/\/novidan.ba\/wp-content\/uploads\/2022\/02\/SA-Certificate-EOS_public_Novi_dan_new_day_WEB-230x163.jpg 230w, https:\/\/novidan.ba\/wp-content\/uploads\/2022\/02\/SA-Certificate-EOS_public_Novi_dan_new_day_WEB-600x424.jpg 600w, https:\/\/novidan.ba\/wp-content\/uploads\/2022\/02\/SA-Certificate-EOS_public_Novi_dan_new_day_WEB-85x60.jpg 85w, https:\/\/novidan.ba\/wp-content\/uploads\/2022\/02\/SA-Certificate-EOS_public_Novi_dan_new_day_WEB-127x90.jpg 127w, https:\/\/novidan.ba\/wp-content\/uploads\/2022\/02\/SA-Certificate-EOS_public_Novi_dan_new_day_WEB.jpg 1190w\" sizes=\"auto, (max-width: 1024px) 100vw, 1024px\" \/><figcaption class=\"wp-element-caption\">Bio-Zertifikat f\u00fcr 2022\/23<\/figcaption><\/figure>\n<\/div>\n\n<div class=\"wp-block-image\">\n<figure class=\"aligncenter size-large\"><img loading=\"lazy\" decoding=\"async\" width=\"1024\" height=\"723\" src=\"https:\/\/novidan.ba\/wp-content\/uploads\/2022\/02\/SA-Certificate-NOP_public-1_Novi_dan_new_day_WEB-1024x723.jpg\" alt=\"\" class=\"wp-image-7793\" srcset=\"https:\/\/novidan.ba\/wp-content\/uploads\/2022\/02\/SA-Certificate-NOP_public-1_Novi_dan_new_day_WEB-1024x723.jpg 1024w, https:\/\/novidan.ba\/wp-content\/uploads\/2022\/02\/SA-Certificate-NOP_public-1_Novi_dan_new_day_WEB-300x212.jpg 300w, https:\/\/novidan.ba\/wp-content\/uploads\/2022\/02\/SA-Certificate-NOP_public-1_Novi_dan_new_day_WEB-768x543.jpg 768w, https:\/\/novidan.ba\/wp-content\/uploads\/2022\/02\/SA-Certificate-NOP_public-1_Novi_dan_new_day_WEB-18x12.jpg 18w, https:\/\/novidan.ba\/wp-content\/uploads\/2022\/02\/SA-Certificate-NOP_public-1_Novi_dan_new_day_WEB-230x162.jpg 230w, https:\/\/novidan.ba\/wp-content\/uploads\/2022\/02\/SA-Certificate-NOP_public-1_Novi_dan_new_day_WEB-600x424.jpg 600w, https:\/\/novidan.ba\/wp-content\/uploads\/2022\/02\/SA-Certificate-NOP_public-1_Novi_dan_new_day_WEB-85x60.jpg 85w, https:\/\/novidan.ba\/wp-content\/uploads\/2022\/02\/SA-Certificate-NOP_public-1_Novi_dan_new_day_WEB-127x90.jpg 127w, https:\/\/novidan.ba\/wp-content\/uploads\/2022\/02\/SA-Certificate-NOP_public-1_Novi_dan_new_day_WEB.jpg 1240w\" sizes=\"auto, (max-width: 1024px) 100vw, 1024px\" \/><figcaption class=\"wp-element-caption\">Bio-Zertifikat f\u00fcr 2022\/23 \u2013 NOP \u2013 USDA<\/figcaption><\/figure>\n<\/div>\n\n\n<figure class=\"wp-block-image\"><img decoding=\"async\" src=\"https:\/\/novidan.ba\/wp-content\/uploads\/2021\/01\/EOS-SA_-_Certificate-Essential-Oil-Novi-Dan100DPI-724x1024.jpg\" alt=\"Organic Certificate Essential oil\"\/><\/figure>\n\n\n\n<figure class=\"wp-block-image\"><img decoding=\"async\" src=\"https:\/\/novidan.ba\/wp-content\/uploads\/2021\/01\/NOP-SA_-_Certificate-Essential-Oil-Novi-Dan-1_100DPI-724x1024.jpg\" alt=\"Organic Certificates NOP Essential oil\"\/><\/figure>\n\n\n\n<figure class=\"wp-block-image\"><img decoding=\"async\" src=\"https:\/\/novidan.ba\/wp-content\/uploads\/2021\/01\/NOP-SA_-_Certificate-Essential-Oil-Novi-Dan-2_100DPI-724x1024.jpg\" alt=\"Organic Certificates NOP Essential oil\"\/><\/figure>\n\n\n\n\n\n<figure class=\"wp-block-image\"><img decoding=\"async\" src=\"https:\/\/novidan.ba\/wp-content\/uploads\/2020\/02\/NOP-SA-Certificate-Novi-Dan-687x1024.jpg\" alt=\"LATEST CERTIFICATE FOR ORGANIC HELICHRYSUM OIL NAD HYDROLATE 2020\"\/><\/figure>\n\n\n\n<figure class=\"wp-block-image\"><img decoding=\"async\" src=\"https:\/\/novidan.ba\/wp-content\/uploads\/2020\/02\/EOS-SA-Certificate-Novi-Dan-700x1024.jpg\" alt=\"LATEST CERTIFICATE FOR ORGANIC HELICHRYSUM OIL NAD HYDROLATE 2020 EOS\"\/><\/figure>\n\n\n\n<figure class=\"wp-block-image\"><img decoding=\"async\" src=\"https:\/\/novidan.ba\/wp-content\/uploads\/2020\/02\/SA-Certificat-EOS-Novi-Dan-2018.jpg\" alt=\"SA - Certificat EOS Novi Dan 2018\"\/><\/figure>\n\n\n\n<figure class=\"wp-block-image\"><img decoding=\"async\" src=\"https:\/\/novidan.ba\/wp-content\/uploads\/2020\/02\/SA-Certificat-NOP-Novi-Dan-2018.jpg\" alt=\"SA - Certificat NOP Novi Dan 2018\"\/><\/figure>\n\n\n\n<figure class=\"wp-block-image\"><img decoding=\"async\" src=\"https:\/\/novidan.ba\/wp-content\/uploads\/2020\/02\/SA_Certificat_EOS_Novi_Dan_immortelle-702x1024.jpg\" alt=\"SA_Certificat_EOS_Novi_Dan_immortelle\"\/><\/figure>\n\n\n\n<figure class=\"wp-block-image\"><img decoding=\"async\" src=\"https:\/\/novidan.ba\/wp-content\/uploads\/2020\/02\/SA_Certificat_NOP_Novi_Dan_immortelle-695x1024.jpg\" alt=\"SA_Certificat_NOP_Novi_Dan_immortelle\"\/><\/figure>\n\n\n\n<figure class=\"wp-block-image\"><img decoding=\"async\" src=\"https:\/\/novidan.ba\/wp-content\/uploads\/2020\/02\/SA-Certificat-EOS-Novi-Dan-702x1024.jpg\" alt=\"\"\/><\/figure>\n\n\n\n<figure class=\"wp-block-image\"><img decoding=\"async\" src=\"https:\/\/novidan.ba\/wp-content\/uploads\/2020\/02\/SA-Certificat-NOP_Novi-Dan-695x1024.jpg\" alt=\"SA - Certificat NOP_Novi Dan\"\/><\/figure>\n\n\n\n<figure class=\"wp-block-image\"><img decoding=\"async\" src=\"https:\/\/novidan.ba\/wp-content\/uploads\/2020\/02\/SA-Certificat-NOP-Novi-Dan-2016-695x1024.jpg\" alt=\"SA - Certificat NOP Novi Dan 2016\"\/><\/figure>\n\n\n\n<figure class=\"wp-block-image\"><img decoding=\"async\" src=\"https:\/\/novidan.ba\/wp-content\/uploads\/2020\/02\/SA-Certificat-EOS-Novi-Dan-2016-689x1024.jpg\" alt=\"SA - Certificat EOS Novi Dan 2016\"\/><\/figure>\n\n\n\n<figure class=\"wp-block-image\"><img decoding=\"async\" src=\"https:\/\/novidan.ba\/wp-content\/uploads\/2020\/02\/Organic-certificated-essential-oil-helichrysum-994x1024.jpg\" alt=\"Organic certificated essential oil helichrysum\"\/><\/figure>","protected":false},"excerpt":{"rendered":"<p>ORGANIC CERTIFICATE &#8211; HELICHRYSUM PLANTS, OIL, HYDROLATE, ALMONDS, ROSEMARY, SAGE AND MANY MORE From the beginning of existence our farm ( 2015 &#8211; registered 2016 ) is organic certificated. We are proud owner of ECOCERT Organic Certificate for our organic helichrysum &#8211; North America and Europe.Our helichrysum italicum, sage, lavender, [&hellip;]<\/p>\n","protected":false},"author":2,"featured_media":6557,"parent":0,"menu_order":0,"comment_status":"closed","ping_status":"closed","template":"page-templates\/template-page-sidebar.php","meta":{"_monsterinsights_skip_tracking":false,"_monsterinsights_sitenote_active":false,"_monsterinsights_sitenote_note":"","_monsterinsights_sitenote_category":0,"_joinchat":[],"footnotes":""},"class_list":["post-361","page","type-page","status-publish","has-post-thumbnail","hentry"],"yoast_head":"<!-- This site is optimized with the Yoast SEO plugin v27.3 - https:\/\/yoast.com\/product\/yoast-seo-wordpress\/ -->\n<title>Organic Certificated Helichrysum farm and distillery - Helichrysum italicum oil<\/title>\n<meta name=\"description\" content=\"Our helichrysum italicum plants, essential oil and hydrolates as well as farm and distillery are 100 % ORGANIC certificated under ECOCERT. It is the only real path to the cultivation of herbs and essential oils that ultimately end in the body. Only organic helichrysum oil should be considered when it comes to human use\" \/>\n<meta name=\"robots\" content=\"index, follow, max-snippet:-1, max-image-preview:large, max-video-preview:-1\" \/>\n<link rel=\"canonical\" href=\"https:\/\/novidan.ba\/de\/organic-certificate-helichrysum-ecocert\/\" \/>\n<meta property=\"og:locale\" content=\"de_DE\" \/>\n<meta property=\"og:type\" content=\"article\" \/>\n<meta property=\"og:title\" content=\"Organic Certificated Helichrysum farm and distillery - Helichrysum italicum oil\" \/>\n<meta property=\"og:description\" content=\"Our helichrysum italicum plants, essential oil and hydrolates as well as farm and distillery are 100 % ORGANIC certificated under ECOCERT. It is the only real path to the cultivation of herbs and essential oils that ultimately end in the body. Only organic helichrysum oil should be considered when it comes to human use\" \/>\n<meta property=\"og:url\" content=\"https:\/\/novidan.ba\/de\/organic-certificate-helichrysum-ecocert\/\" \/>\n<meta property=\"og:site_name\" content=\"Helichrysum italicum oil\" \/>\n<meta property=\"article:publisher\" content=\"https:\/\/www.facebook.com\/novidannn\/\" \/>\n<meta property=\"article:modified_time\" content=\"2024-01-20T23:06:23+00:00\" \/>\n<meta property=\"og:image\" content=\"https:\/\/novidan.ba\/wp-content\/uploads\/2020\/01\/Immortelle_-_Curry_plant_-_Everlasting.jpg\" \/>\n\t<meta property=\"og:image:width\" content=\"1200\" \/>\n\t<meta property=\"og:image:height\" content=\"900\" \/>\n\t<meta property=\"og:image:type\" content=\"image\/jpeg\" \/>\n<meta name=\"twitter:card\" content=\"summary_large_image\" \/>\n<meta name=\"twitter:site\" content=\"@HelichrysumOrg\" \/>\n<meta name=\"twitter:label1\" content=\"Gesch\u00e4tzte Lesezeit\" \/>\n\t<meta name=\"twitter:data1\" content=\"6\u00a0Minuten\" \/>\n<script type=\"application\/ld+json\" class=\"yoast-schema-graph\">{\"@context\":\"https:\\\/\\\/schema.org\",\"@graph\":[{\"@type\":\"WebPage\",\"@id\":\"https:\\\/\\\/novidan.ba\\\/organic-certificate-helichrysum-ecocert\\\/\",\"url\":\"https:\\\/\\\/novidan.ba\\\/organic-certificate-helichrysum-ecocert\\\/\",\"name\":\"Organic Certificated Helichrysum farm and distillery - Helichrysum italicum oil\",\"isPartOf\":{\"@id\":\"https:\\\/\\\/novidan.ba\\\/#website\"},\"primaryImageOfPage\":{\"@id\":\"https:\\\/\\\/novidan.ba\\\/organic-certificate-helichrysum-ecocert\\\/#primaryimage\"},\"image\":{\"@id\":\"https:\\\/\\\/novidan.ba\\\/organic-certificate-helichrysum-ecocert\\\/#primaryimage\"},\"thumbnailUrl\":\"https:\\\/\\\/novidan.ba\\\/wp-content\\\/uploads\\\/2020\\\/01\\\/Immortelle_-_Curry_plant_-_Everlasting.jpg\",\"datePublished\":\"2017-02-22T20:13:43+00:00\",\"dateModified\":\"2024-01-20T23:06:23+00:00\",\"description\":\"Our helichrysum italicum plants, essential oil and hydrolates as well as farm and distillery are 100 % ORGANIC certificated under ECOCERT. It is the only real path to the cultivation of herbs and essential oils that ultimately end in the body. Only organic helichrysum oil should be considered when it comes to human use\",\"breadcrumb\":{\"@id\":\"https:\\\/\\\/novidan.ba\\\/organic-certificate-helichrysum-ecocert\\\/#breadcrumb\"},\"inLanguage\":\"de\",\"potentialAction\":[{\"@type\":\"ReadAction\",\"target\":[\"https:\\\/\\\/novidan.ba\\\/organic-certificate-helichrysum-ecocert\\\/\"]}]},{\"@type\":\"ImageObject\",\"inLanguage\":\"de\",\"@id\":\"https:\\\/\\\/novidan.ba\\\/organic-certificate-helichrysum-ecocert\\\/#primaryimage\",\"url\":\"https:\\\/\\\/novidan.ba\\\/wp-content\\\/uploads\\\/2020\\\/01\\\/Immortelle_-_Curry_plant_-_Everlasting.jpg\",\"contentUrl\":\"https:\\\/\\\/novidan.ba\\\/wp-content\\\/uploads\\\/2020\\\/01\\\/Immortelle_-_Curry_plant_-_Everlasting.jpg\",\"width\":1200,\"height\":900,\"caption\":\"Helichrysum on our farm\"},{\"@type\":\"BreadcrumbList\",\"@id\":\"https:\\\/\\\/novidan.ba\\\/organic-certificate-helichrysum-ecocert\\\/#breadcrumb\",\"itemListElement\":[{\"@type\":\"ListItem\",\"position\":1,\"name\":\"Home\",\"item\":\"https:\\\/\\\/novidan.ba\\\/\"},{\"@type\":\"ListItem\",\"position\":2,\"name\":\"Organic Certificated Helichrysum farm and distillery\"}]},{\"@type\":\"WebSite\",\"@id\":\"https:\\\/\\\/novidan.ba\\\/#website\",\"url\":\"https:\\\/\\\/novidan.ba\\\/\",\"name\":\"Helichrysum italicum oil\",\"description\":\"Helichrysum Italicum oil Farm and Distillery\",\"publisher\":{\"@id\":\"https:\\\/\\\/novidan.ba\\\/#organization\"},\"alternateName\":\"Helichrysum oil\",\"potentialAction\":[{\"@type\":\"SearchAction\",\"target\":{\"@type\":\"EntryPoint\",\"urlTemplate\":\"https:\\\/\\\/novidan.ba\\\/?s={search_term_string}\"},\"query-input\":{\"@type\":\"PropertyValueSpecification\",\"valueRequired\":true,\"valueName\":\"search_term_string\"}}],\"inLanguage\":\"de\"},{\"@type\":\"Organization\",\"@id\":\"https:\\\/\\\/novidan.ba\\\/#organization\",\"name\":\"Helichrysum essential oil farm\",\"alternateName\":\"Essential oil distillery - New Day\",\"url\":\"https:\\\/\\\/novidan.ba\\\/\",\"logo\":{\"@type\":\"ImageObject\",\"inLanguage\":\"de\",\"@id\":\"https:\\\/\\\/novidan.ba\\\/#\\\/schema\\\/logo\\\/image\\\/\",\"url\":\"https:\\\/\\\/novidan.ba\\\/wp-content\\\/uploads\\\/2020\\\/03\\\/heichrysum_italicum.jpg\",\"contentUrl\":\"https:\\\/\\\/novidan.ba\\\/wp-content\\\/uploads\\\/2020\\\/03\\\/heichrysum_italicum.jpg\",\"width\":200,\"height\":200,\"caption\":\"Helichrysum essential oil farm\"},\"image\":{\"@id\":\"https:\\\/\\\/novidan.ba\\\/#\\\/schema\\\/logo\\\/image\\\/\"},\"sameAs\":[\"https:\\\/\\\/www.facebook.com\\\/novidannn\\\/\",\"https:\\\/\\\/x.com\\\/HelichrysumOrg\",\"https:\\\/\\\/www.instagram.com\\\/helichrysum_italicum\\\/\",\"https:\\\/\\\/www.linkedin.com\\\/in\\\/helichrysum-italicum\\\/\",\"https:\\\/\\\/www.youtube.com\\\/channel\\\/UCOhCOan0gVq1RFDPZDDo9Pw\"]}]}<\/script>\n<!-- \/ Yoast SEO plugin. -->","yoast_head_json":{"title":"Organic Certificated Helichrysum farm and distillery - Helichrysum italicum oil","description":"Our helichrysum italicum plants, essential oil and hydrolates as well as farm and distillery are 100 % ORGANIC certificated under ECOCERT. It is the only real path to the cultivation of herbs and essential oils that ultimately end in the body. Only organic helichrysum oil should be considered when it comes to human use","robots":{"index":"index","follow":"follow","max-snippet":"max-snippet:-1","max-image-preview":"max-image-preview:large","max-video-preview":"max-video-preview:-1"},"canonical":"https:\/\/novidan.ba\/de\/organic-certificate-helichrysum-ecocert\/","og_locale":"de_DE","og_type":"article","og_title":"Organic Certificated Helichrysum farm and distillery - Helichrysum italicum oil","og_description":"Our helichrysum italicum plants, essential oil and hydrolates as well as farm and distillery are 100 % ORGANIC certificated under ECOCERT. It is the only real path to the cultivation of herbs and essential oils that ultimately end in the body. Only organic helichrysum oil should be considered when it comes to human use","og_url":"https:\/\/novidan.ba\/de\/organic-certificate-helichrysum-ecocert\/","og_site_name":"Helichrysum italicum oil","article_publisher":"https:\/\/www.facebook.com\/novidannn\/","article_modified_time":"2024-01-20T23:06:23+00:00","og_image":[{"width":1200,"height":900,"url":"https:\/\/novidan.ba\/wp-content\/uploads\/2020\/01\/Immortelle_-_Curry_plant_-_Everlasting.jpg","type":"image\/jpeg"}],"twitter_card":"summary_large_image","twitter_site":"@HelichrysumOrg","twitter_misc":{"Gesch\u00e4tzte Lesezeit":"6\u00a0Minuten"},"schema":{"@context":"https:\/\/schema.org","@graph":[{"@type":"WebPage","@id":"https:\/\/novidan.ba\/organic-certificate-helichrysum-ecocert\/","url":"https:\/\/novidan.ba\/organic-certificate-helichrysum-ecocert\/","name":"Organic Certificated Helichrysum farm and distillery - Helichrysum italicum oil","isPartOf":{"@id":"https:\/\/novidan.ba\/#website"},"primaryImageOfPage":{"@id":"https:\/\/novidan.ba\/organic-certificate-helichrysum-ecocert\/#primaryimage"},"image":{"@id":"https:\/\/novidan.ba\/organic-certificate-helichrysum-ecocert\/#primaryimage"},"thumbnailUrl":"https:\/\/novidan.ba\/wp-content\/uploads\/2020\/01\/Immortelle_-_Curry_plant_-_Everlasting.jpg","datePublished":"2017-02-22T20:13:43+00:00","dateModified":"2024-01-20T23:06:23+00:00","description":"Our helichrysum italicum plants, essential oil and hydrolates as well as farm and distillery are 100 % ORGANIC certificated under ECOCERT. It is the only real path to the cultivation of herbs and essential oils that ultimately end in the body. Only organic helichrysum oil should be considered when it comes to human use","breadcrumb":{"@id":"https:\/\/novidan.ba\/organic-certificate-helichrysum-ecocert\/#breadcrumb"},"inLanguage":"de","potentialAction":[{"@type":"ReadAction","target":["https:\/\/novidan.ba\/organic-certificate-helichrysum-ecocert\/"]}]},{"@type":"ImageObject","inLanguage":"de","@id":"https:\/\/novidan.ba\/organic-certificate-helichrysum-ecocert\/#primaryimage","url":"https:\/\/novidan.ba\/wp-content\/uploads\/2020\/01\/Immortelle_-_Curry_plant_-_Everlasting.jpg","contentUrl":"https:\/\/novidan.ba\/wp-content\/uploads\/2020\/01\/Immortelle_-_Curry_plant_-_Everlasting.jpg","width":1200,"height":900,"caption":"Helichrysum on our farm"},{"@type":"BreadcrumbList","@id":"https:\/\/novidan.ba\/organic-certificate-helichrysum-ecocert\/#breadcrumb","itemListElement":[{"@type":"ListItem","position":1,"name":"Home","item":"https:\/\/novidan.ba\/"},{"@type":"ListItem","position":2,"name":"Organic Certificated Helichrysum farm and distillery"}]},{"@type":"WebSite","@id":"https:\/\/novidan.ba\/#website","url":"https:\/\/novidan.ba\/","name":"Helichrysum italicum \u00d6l","description":"Helichrysum Italicum oil Farm and Distillery","publisher":{"@id":"https:\/\/novidan.ba\/#organization"},"alternateName":"Helichrysum oil","potentialAction":[{"@type":"SearchAction","target":{"@type":"EntryPoint","urlTemplate":"https:\/\/novidan.ba\/?s={search_term_string}"},"query-input":{"@type":"PropertyValueSpecification","valueRequired":true,"valueName":"search_term_string"}}],"inLanguage":"de"},{"@type":"Organization","@id":"https:\/\/novidan.ba\/#organization","name":"Helichrysum essential oil farm","alternateName":"Essential oil distillery - New Day","url":"https:\/\/novidan.ba\/","logo":{"@type":"ImageObject","inLanguage":"de","@id":"https:\/\/novidan.ba\/#\/schema\/logo\/image\/","url":"https:\/\/novidan.ba\/wp-content\/uploads\/2020\/03\/heichrysum_italicum.jpg","contentUrl":"https:\/\/novidan.ba\/wp-content\/uploads\/2020\/03\/heichrysum_italicum.jpg","width":200,"height":200,"caption":"Helichrysum essential oil farm"},"image":{"@id":"https:\/\/novidan.ba\/#\/schema\/logo\/image\/"},"sameAs":["https:\/\/www.facebook.com\/novidannn\/","https:\/\/x.com\/HelichrysumOrg","https:\/\/www.instagram.com\/helichrysum_italicum\/","https:\/\/www.linkedin.com\/in\/helichrysum-italicum\/","https:\/\/www.youtube.com\/channel\/UCOhCOan0gVq1RFDPZDDo9Pw"]}]}},"_links":{"self":[{"href":"https:\/\/novidan.ba\/de\/wp-json\/wp\/v2\/pages\/361","targetHints":{"allow":["GET"]}}],"collection":[{"href":"https:\/\/novidan.ba\/de\/wp-json\/wp\/v2\/pages"}],"about":[{"href":"https:\/\/novidan.ba\/de\/wp-json\/wp\/v2\/types\/page"}],"author":[{"embeddable":true,"href":"https:\/\/novidan.ba\/de\/wp-json\/wp\/v2\/users\/2"}],"replies":[{"embeddable":true,"href":"https:\/\/novidan.ba\/de\/wp-json\/wp\/v2\/comments?post=361"}],"version-history":[{"count":24,"href":"https:\/\/novidan.ba\/de\/wp-json\/wp\/v2\/pages\/361\/revisions"}],"predecessor-version":[{"id":8407,"href":"https:\/\/novidan.ba\/de\/wp-json\/wp\/v2\/pages\/361\/revisions\/8407"}],"wp:featuredmedia":[{"embeddable":true,"href":"https:\/\/novidan.ba\/de\/wp-json\/wp\/v2\/media\/6557"}],"wp:attachment":[{"href":"https:\/\/novidan.ba\/de\/wp-json\/wp\/v2\/media?parent=361"}],"curies":[{"name":"wp","href":"https:\/\/api.w.org\/{rel}","templated":true}]}}