{"id":242,"date":"2017-02-12T19:01:23","date_gmt":"2017-02-12T18:01:23","guid":{"rendered":"http:\/\/novidan.ba\/?page_id=242"},"modified":"2024-01-21T00:43:27","modified_gmt":"2024-01-20T23:43:27","slug":"gc-analysis-oil-samples","status":"publish","type":"page","link":"https:\/\/novidan.ba\/de\/gc-analysis-oil-samples\/","title":{"rendered":"HELICHRYSUM\u00d6L GC\/MS-ANALYSE"},"content":{"rendered":"<div class=\"yoast-breadcrumbs\"><span><span><a href=\"https:\/\/novidan.ba\/de\/\">Heim<\/a><\/span> \u00bb <span class=\"breadcrumb_last\" aria-current=\"page\"><strong>HELICHRYSUM\u00d6L GC\/MS-ANALYSE<\/strong><\/span><\/span><\/div>\n\n\n<h1 class=\"wp-block-heading\">GC-ANALYSE \u2013 \u00c4therisches Helichrysum Italicum-\u00d6l<\/h1>\n\n\n\n<h6 class=\"wp-block-heading\">Das Wichtigste an Helichrysum\u00f6l ist neben dem \u00f6kologischen Landbau <a href=\"https:\/\/en.wikipedia.org\/wiki\/Gas_chromatography\" target=\"_blank\" rel=\"noopener noreferrer\">GC-Analyse.<\/a><\/h6>\n\n\n\n<div style=\"height:63px\" aria-hidden=\"true\" class=\"wp-block-spacer\"><\/div>\n\n\n\n<h4 class=\"wp-block-heading\">Kurzes Wort zu GC\/MS<\/h4>\n\n\n\n<p>GC ist eine Art Chromatographie, die zum Trennen und Analysieren verwendet wird<br>Verbindungen. Verwendet in der analytischen Chemie zeigen die Reinheit eines bestimmten<br>Stoff sowie die Werte des einzelnen Stoffes.<\/p>\n\n\n\n<p>Im Fall von Helichrysum-\u00d6l-Analyse beweist es seine <strong>Reinheit<\/strong> ebenso gut wie <strong>Qualit\u00e4t<\/strong>, das ist eine der Grundvoraussetzungen vor dem Kauf <strong>Helichrysum \u00e4therisches \u00d6l<\/strong> sowie andere \u00e4therische \u00d6le.<\/p>\n\n\n\n<p>Aufgrund seiner Kosten wird \u00e4therisches Immortelle-\u00d6l oft mit billigeren Zutaten verd\u00fcnnt, wenn nicht sogar vollst\u00e4ndig <a target=\"_blank\" rel=\"noopener noreferrer\" href=\"https:\/\/novidan.ba\/de\/fake-essential-oils\/\">f\u00e4lschen<\/a>.<\/p>\n\n\n\n<p>Daher ist es \u00e4u\u00dferst wichtig, dass Sie \u00e4therische \u00d6le kaufen<br>Zertifizierte Hersteller, vorzugsweise direkt von landwirtschaftlichen Betrieben und<br>Brennereien, die sind <a href=\"https:\/\/novidan.ba\/de\/organic-certificate-helichrysum-ecocert\/\" target=\"_blank\" rel=\"noreferrer noopener\">Bio-zertifiziert<\/a>.<\/p>\n\n\n\n<h4 class=\"wp-block-heading\">Helichrysum italicum \u00d6lanalyse auf unserem Betrieb<\/h4>\n\n\n\n<p>Die Analyse wurde durchgef\u00fchrt von <b> Dr. Pappas ein Ph.D. Chemiker <\/b> bei <a href=\"https:\/\/essentialoils.org\/\" target=\"_blank\" rel=\"noopener noreferrer\">Universit\u00e4t f\u00fcr \u00e4therische \u00d6le<\/a> und das Institut <a href=\"http:\/\/www.mocbilja.rs\/\" target=\"_blank\" rel=\"noopener noreferrer\">\u201eDr. Josif Pancic\u201c <\/a> in Belgrad.<\/p>\n\n\n\n<figure class=\"wp-block-image\"><img decoding=\"async\" src=\"http:\/\/novidan.ba\/wp-content\/uploads\/2020\/01\/Helichrysum-italicum-ME0191-analysis-essential-oil.jpg\" alt=\"Helichrysum italicum ME0191 analysis essential oil\"\/><figcaption class=\"wp-element-caption\">Neueste Analyse \u2013 Saison 2019<\/figcaption><\/figure>\n\n\n\n<figure class=\"wp-block-image\"><img decoding=\"async\" src=\"http:\/\/novidan.ba\/wp-content\/uploads\/2020\/01\/Helichrysum-italicum-EO1080717-analysis-essential-oil.jpg\" alt=\"\"\/><figcaption class=\"wp-element-caption\">Saison 2017 \u2013 Analyse des \u00e4therischen \u00d6ls von Helichrysum italicum<\/figcaption><\/figure>\n\n\n\n<figure class=\"wp-block-image\"><img decoding=\"async\" src=\"http:\/\/novidan.ba\/wp-content\/uploads\/2020\/01\/Helichrysum-italicum-2016-analysis-essential-oil-1024x724.jpg\" alt=\"\"\/><figcaption class=\"wp-element-caption\">Saison 2016 \u2013 Analyse des \u00e4therischen \u00d6ls von Helichrysum italicum<\/figcaption><\/figure>\n\n\n\n<h4 class=\"wp-block-heading\"><\/h4>\n\n\n\n<h4 class=\"wp-block-heading\">GCMS Helichrysum-\u00d6lanalysearchiv<\/h4>\n\n\n\n<p>Interessant ist, wie sich der Wert der einzelnen Komponenten je nach Erntezeitpunkt (Juni-Juli und Oktober) und Alter der Pflanze ver\u00e4ndert.<\/p>\n\n\n\n<p>Da wir eine junge Plantage sind (2015.), wollten wir die Gelegenheit nutzen, den Wert des \u00d6ls in allen Stadien der Pflanzenentwicklung und zu verschiedenen Erntezeitpunkten zu sehen.<\/p>\n\n\n\n<p>Wir glauben, dass uns dies bei zuk\u00fcnftigen Ernten eine bessere \u00d6lqualit\u00e4t erm\u00f6glichen wird, da wir den Prozess gewissenhaft angehen wollen <b>Anbau, Ernte und Destillation.<\/b><\/p>\n\n\n\n<p>Wie die Analyse best\u00e4tigte, beeinflussen die Erntezeit, der Standort und das Alter der Pflanze zusammen mit einigen anderen Faktoren (Destillationsausr\u00fcstung und Destillationskunst) sicherlich die Qualit\u00e4t des \u00e4therischen Immortelle-\u00d6ls.<\/p>\n\n\n\n<p>GC-Analysen zeigten, dass jede Probe aus unserem Betrieb bei wichtigen Werten eines der besten Ergebnisse aufweist. ( in der Region. )<\/p>\n\n\n\n<p>\u00d6l ist insgesamt gut ausbalanciert mit hohen Hauptbestandteilen. <b>(reich an Nery, Italdione, Pinen und Curcumen)<\/b>.<\/p>\n\n\n\n<p>Aus all diesen Analysen geht hervor, dass sich die \u00d6lbestandteile je nach Pflanzenalter, Erntezeitpunkt u <a href=\"https:\/\/novidan.ba\/de\/essential-oil-distillery\/\" target=\"_blank\" rel=\"noreferrer noopener\">Destillation<\/a>.<\/p>\n\n\n\n<p>Trotzdem ist die <a target=\"_blank\" rel=\"noopener noreferrer\" href=\"\/de\/novi\/spring-in-herzegovina-novi-dan-immortelle\/\">einzigartiges Klima<\/a> und die Lage unserer Plantage, die auf dem nat\u00fcrlichen Lebensraum von Helichrysum italicum errichtet wurde, ergeben in allen F\u00e4llen ein \u00d6l von sehr hoher Qualit\u00e4t.<\/p>\n\n\n\n<p><strong>Immortelle-\u00d6l aus Plantagen ist kein \u00d6l, das nur an einer Komponente reich ist, sondern es ist ein \u00d6l, das ausgewogen und reich an allen wichtigen Komponenten ist, die Helichrysum-\u00d6l haben sollte.<\/strong><\/p>\n\n\n\n<p>Wir werden nach jeder Ernte regelm\u00e4\u00dfig die Analyse unseres \u00e4therischen Helichrysum-\u00d6ls ver\u00f6ffentlichen, genau wie alle anderen Neuigkeiten von Farm und Destillerie.<\/p>","protected":false},"excerpt":{"rendered":"<p>GC ANALYSIS &#8211; Helichrysum Italicum essential oil Most important thing about helichrysum oil in addition to organic farmingis is GC analysis. Short word about GC\/MS GC is type of chromatography used for separating and analyzingcompounds. Used in analytical chemistry show purity of a particularsubstance as well as the values of [&hellip;]<\/p>\n","protected":false},"author":2,"featured_media":4303,"parent":0,"menu_order":0,"comment_status":"closed","ping_status":"closed","template":"page-templates\/template-page-sidebar.php","meta":{"_monsterinsights_skip_tracking":false,"_monsterinsights_sitenote_active":false,"_monsterinsights_sitenote_note":"","_monsterinsights_sitenote_category":0,"_joinchat":[],"footnotes":""},"class_list":["post-242","page","type-page","status-publish","has-post-thumbnail","hentry"],"yoast_head":"<!-- This site is optimized with the Yoast SEO plugin v27.3 - https:\/\/yoast.com\/product\/yoast-seo-wordpress\/ -->\n<title>GC ANALYSIS - HELICHRYSUM ESSENTIAL OIL ANALYSIS - SAMPLES<\/title>\n<meta name=\"description\" content=\"Most important thing about helichrysum oil in addition to organic farmingis is GC analysis. Therefore, it is extremely important that you buy essential oils from certified manufacturers, preferably directly from farms and distilleries that are organically certified.\" \/>\n<meta name=\"robots\" content=\"index, follow, max-snippet:-1, max-image-preview:large, max-video-preview:-1\" \/>\n<link rel=\"canonical\" href=\"https:\/\/novidan.ba\/de\/gc-analysis-oil-samples\/\" \/>\n<meta property=\"og:locale\" content=\"de_DE\" \/>\n<meta property=\"og:type\" content=\"article\" \/>\n<meta property=\"og:title\" content=\"GC ANALYSIS - HELICHRYSUM ESSENTIAL OIL ANALYSIS - SAMPLES\" \/>\n<meta property=\"og:description\" content=\"Most important thing about helichrysum oil in addition to organic farmingis is GC analysis. Therefore, it is extremely important that you buy essential oils from certified manufacturers, preferably directly from farms and distilleries that are organically certified.\" \/>\n<meta property=\"og:url\" content=\"https:\/\/novidan.ba\/de\/gc-analysis-oil-samples\/\" \/>\n<meta property=\"og:site_name\" content=\"Helichrysum italicum oil\" \/>\n<meta property=\"article:publisher\" content=\"https:\/\/www.facebook.com\/novidannn\/\" \/>\n<meta property=\"article:modified_time\" content=\"2024-01-20T23:43:27+00:00\" \/>\n<meta property=\"og:image\" content=\"https:\/\/novidan.ba\/wp-content\/uploads\/2020\/01\/helichrysum-italicum-immortelle.jpg\" \/>\n\t<meta property=\"og:image:width\" content=\"1024\" \/>\n\t<meta property=\"og:image:height\" content=\"683\" \/>\n\t<meta property=\"og:image:type\" content=\"image\/jpeg\" \/>\n<meta name=\"twitter:card\" content=\"summary_large_image\" \/>\n<meta name=\"twitter:site\" content=\"@HelichrysumOrg\" \/>\n<meta name=\"twitter:label1\" content=\"Gesch\u00e4tzte Lesezeit\" \/>\n\t<meta name=\"twitter:data1\" content=\"3\u00a0Minuten\" \/>\n<script type=\"application\/ld+json\" class=\"yoast-schema-graph\">{\"@context\":\"https:\\\/\\\/schema.org\",\"@graph\":[{\"@type\":\"WebPage\",\"@id\":\"https:\\\/\\\/novidan.ba\\\/gc-analysis-oil-samples\\\/\",\"url\":\"https:\\\/\\\/novidan.ba\\\/gc-analysis-oil-samples\\\/\",\"name\":\"GC ANALYSIS - HELICHRYSUM ESSENTIAL OIL ANALYSIS - SAMPLES\",\"isPartOf\":{\"@id\":\"https:\\\/\\\/novidan.ba\\\/#website\"},\"primaryImageOfPage\":{\"@id\":\"https:\\\/\\\/novidan.ba\\\/gc-analysis-oil-samples\\\/#primaryimage\"},\"image\":{\"@id\":\"https:\\\/\\\/novidan.ba\\\/gc-analysis-oil-samples\\\/#primaryimage\"},\"thumbnailUrl\":\"https:\\\/\\\/novidan.ba\\\/wp-content\\\/uploads\\\/2020\\\/01\\\/helichrysum-italicum-immortelle.jpg\",\"datePublished\":\"2017-02-12T18:01:23+00:00\",\"dateModified\":\"2024-01-20T23:43:27+00:00\",\"description\":\"Most important thing about helichrysum oil in addition to organic farmingis is GC analysis. Therefore, it is extremely important that you buy essential oils from certified manufacturers, preferably directly from farms and distilleries that are organically certified.\",\"breadcrumb\":{\"@id\":\"https:\\\/\\\/novidan.ba\\\/gc-analysis-oil-samples\\\/#breadcrumb\"},\"inLanguage\":\"de\",\"potentialAction\":[{\"@type\":\"ReadAction\",\"target\":[\"https:\\\/\\\/novidan.ba\\\/gc-analysis-oil-samples\\\/\"]}]},{\"@type\":\"ImageObject\",\"inLanguage\":\"de\",\"@id\":\"https:\\\/\\\/novidan.ba\\\/gc-analysis-oil-samples\\\/#primaryimage\",\"url\":\"https:\\\/\\\/novidan.ba\\\/wp-content\\\/uploads\\\/2020\\\/01\\\/helichrysum-italicum-immortelle.jpg\",\"contentUrl\":\"https:\\\/\\\/novidan.ba\\\/wp-content\\\/uploads\\\/2020\\\/01\\\/helichrysum-italicum-immortelle.jpg\",\"width\":1024,\"height\":683,\"caption\":\"Helichrysum italicum novi dan immortelle farm\"},{\"@type\":\"BreadcrumbList\",\"@id\":\"https:\\\/\\\/novidan.ba\\\/gc-analysis-oil-samples\\\/#breadcrumb\",\"itemListElement\":[{\"@type\":\"ListItem\",\"position\":1,\"name\":\"Home\",\"item\":\"https:\\\/\\\/novidan.ba\\\/\"},{\"@type\":\"ListItem\",\"position\":2,\"name\":\"HELICHRYSUM OIL GC\\\/MS ANALYSIS\"}]},{\"@type\":\"WebSite\",\"@id\":\"https:\\\/\\\/novidan.ba\\\/#website\",\"url\":\"https:\\\/\\\/novidan.ba\\\/\",\"name\":\"Helichrysum italicum oil\",\"description\":\"Helichrysum Italicum oil Farm and Distillery\",\"publisher\":{\"@id\":\"https:\\\/\\\/novidan.ba\\\/#organization\"},\"alternateName\":\"Helichrysum oil\",\"potentialAction\":[{\"@type\":\"SearchAction\",\"target\":{\"@type\":\"EntryPoint\",\"urlTemplate\":\"https:\\\/\\\/novidan.ba\\\/?s={search_term_string}\"},\"query-input\":{\"@type\":\"PropertyValueSpecification\",\"valueRequired\":true,\"valueName\":\"search_term_string\"}}],\"inLanguage\":\"de\"},{\"@type\":\"Organization\",\"@id\":\"https:\\\/\\\/novidan.ba\\\/#organization\",\"name\":\"Helichrysum essential oil farm\",\"alternateName\":\"Essential oil distillery - New Day\",\"url\":\"https:\\\/\\\/novidan.ba\\\/\",\"logo\":{\"@type\":\"ImageObject\",\"inLanguage\":\"de\",\"@id\":\"https:\\\/\\\/novidan.ba\\\/#\\\/schema\\\/logo\\\/image\\\/\",\"url\":\"https:\\\/\\\/novidan.ba\\\/wp-content\\\/uploads\\\/2020\\\/03\\\/heichrysum_italicum.jpg\",\"contentUrl\":\"https:\\\/\\\/novidan.ba\\\/wp-content\\\/uploads\\\/2020\\\/03\\\/heichrysum_italicum.jpg\",\"width\":200,\"height\":200,\"caption\":\"Helichrysum essential oil farm\"},\"image\":{\"@id\":\"https:\\\/\\\/novidan.ba\\\/#\\\/schema\\\/logo\\\/image\\\/\"},\"sameAs\":[\"https:\\\/\\\/www.facebook.com\\\/novidannn\\\/\",\"https:\\\/\\\/x.com\\\/HelichrysumOrg\",\"https:\\\/\\\/www.instagram.com\\\/helichrysum_italicum\\\/\",\"https:\\\/\\\/www.linkedin.com\\\/in\\\/helichrysum-italicum\\\/\",\"https:\\\/\\\/www.youtube.com\\\/channel\\\/UCOhCOan0gVq1RFDPZDDo9Pw\"]}]}<\/script>\n<!-- \/ Yoast SEO plugin. -->","yoast_head_json":{"title":"GC ANALYSIS - HELICHRYSUM ESSENTIAL OIL ANALYSIS - SAMPLES","description":"Most important thing about helichrysum oil in addition to organic farmingis is GC analysis. Therefore, it is extremely important that you buy essential oils from certified manufacturers, preferably directly from farms and distilleries that are organically certified.","robots":{"index":"index","follow":"follow","max-snippet":"max-snippet:-1","max-image-preview":"max-image-preview:large","max-video-preview":"max-video-preview:-1"},"canonical":"https:\/\/novidan.ba\/de\/gc-analysis-oil-samples\/","og_locale":"de_DE","og_type":"article","og_title":"GC ANALYSIS - HELICHRYSUM ESSENTIAL OIL ANALYSIS - SAMPLES","og_description":"Most important thing about helichrysum oil in addition to organic farmingis is GC analysis. Therefore, it is extremely important that you buy essential oils from certified manufacturers, preferably directly from farms and distilleries that are organically certified.","og_url":"https:\/\/novidan.ba\/de\/gc-analysis-oil-samples\/","og_site_name":"Helichrysum italicum oil","article_publisher":"https:\/\/www.facebook.com\/novidannn\/","article_modified_time":"2024-01-20T23:43:27+00:00","og_image":[{"width":1024,"height":683,"url":"https:\/\/novidan.ba\/wp-content\/uploads\/2020\/01\/helichrysum-italicum-immortelle.jpg","type":"image\/jpeg"}],"twitter_card":"summary_large_image","twitter_site":"@HelichrysumOrg","twitter_misc":{"Gesch\u00e4tzte Lesezeit":"3\u00a0Minuten"},"schema":{"@context":"https:\/\/schema.org","@graph":[{"@type":"WebPage","@id":"https:\/\/novidan.ba\/gc-analysis-oil-samples\/","url":"https:\/\/novidan.ba\/gc-analysis-oil-samples\/","name":"GC ANALYSIS - HELICHRYSUM ESSENTIAL OIL ANALYSIS - SAMPLES","isPartOf":{"@id":"https:\/\/novidan.ba\/#website"},"primaryImageOfPage":{"@id":"https:\/\/novidan.ba\/gc-analysis-oil-samples\/#primaryimage"},"image":{"@id":"https:\/\/novidan.ba\/gc-analysis-oil-samples\/#primaryimage"},"thumbnailUrl":"https:\/\/novidan.ba\/wp-content\/uploads\/2020\/01\/helichrysum-italicum-immortelle.jpg","datePublished":"2017-02-12T18:01:23+00:00","dateModified":"2024-01-20T23:43:27+00:00","description":"Most important thing about helichrysum oil in addition to organic farmingis is GC analysis. Therefore, it is extremely important that you buy essential oils from certified manufacturers, preferably directly from farms and distilleries that are organically certified.","breadcrumb":{"@id":"https:\/\/novidan.ba\/gc-analysis-oil-samples\/#breadcrumb"},"inLanguage":"de","potentialAction":[{"@type":"ReadAction","target":["https:\/\/novidan.ba\/gc-analysis-oil-samples\/"]}]},{"@type":"ImageObject","inLanguage":"de","@id":"https:\/\/novidan.ba\/gc-analysis-oil-samples\/#primaryimage","url":"https:\/\/novidan.ba\/wp-content\/uploads\/2020\/01\/helichrysum-italicum-immortelle.jpg","contentUrl":"https:\/\/novidan.ba\/wp-content\/uploads\/2020\/01\/helichrysum-italicum-immortelle.jpg","width":1024,"height":683,"caption":"Helichrysum italicum novi dan immortelle farm"},{"@type":"BreadcrumbList","@id":"https:\/\/novidan.ba\/gc-analysis-oil-samples\/#breadcrumb","itemListElement":[{"@type":"ListItem","position":1,"name":"Home","item":"https:\/\/novidan.ba\/"},{"@type":"ListItem","position":2,"name":"HELICHRYSUM OIL GC\/MS ANALYSIS"}]},{"@type":"WebSite","@id":"https:\/\/novidan.ba\/#website","url":"https:\/\/novidan.ba\/","name":"Helichrysum italicum \u00d6l","description":"Helichrysum Italicum oil Farm and Distillery","publisher":{"@id":"https:\/\/novidan.ba\/#organization"},"alternateName":"Helichrysum oil","potentialAction":[{"@type":"SearchAction","target":{"@type":"EntryPoint","urlTemplate":"https:\/\/novidan.ba\/?s={search_term_string}"},"query-input":{"@type":"PropertyValueSpecification","valueRequired":true,"valueName":"search_term_string"}}],"inLanguage":"de"},{"@type":"Organization","@id":"https:\/\/novidan.ba\/#organization","name":"Helichrysum essential oil farm","alternateName":"Essential oil distillery - New Day","url":"https:\/\/novidan.ba\/","logo":{"@type":"ImageObject","inLanguage":"de","@id":"https:\/\/novidan.ba\/#\/schema\/logo\/image\/","url":"https:\/\/novidan.ba\/wp-content\/uploads\/2020\/03\/heichrysum_italicum.jpg","contentUrl":"https:\/\/novidan.ba\/wp-content\/uploads\/2020\/03\/heichrysum_italicum.jpg","width":200,"height":200,"caption":"Helichrysum essential oil farm"},"image":{"@id":"https:\/\/novidan.ba\/#\/schema\/logo\/image\/"},"sameAs":["https:\/\/www.facebook.com\/novidannn\/","https:\/\/x.com\/HelichrysumOrg","https:\/\/www.instagram.com\/helichrysum_italicum\/","https:\/\/www.linkedin.com\/in\/helichrysum-italicum\/","https:\/\/www.youtube.com\/channel\/UCOhCOan0gVq1RFDPZDDo9Pw"]}]}},"_links":{"self":[{"href":"https:\/\/novidan.ba\/de\/wp-json\/wp\/v2\/pages\/242","targetHints":{"allow":["GET"]}}],"collection":[{"href":"https:\/\/novidan.ba\/de\/wp-json\/wp\/v2\/pages"}],"about":[{"href":"https:\/\/novidan.ba\/de\/wp-json\/wp\/v2\/types\/page"}],"author":[{"embeddable":true,"href":"https:\/\/novidan.ba\/de\/wp-json\/wp\/v2\/users\/2"}],"replies":[{"embeddable":true,"href":"https:\/\/novidan.ba\/de\/wp-json\/wp\/v2\/comments?post=242"}],"version-history":[{"count":11,"href":"https:\/\/novidan.ba\/de\/wp-json\/wp\/v2\/pages\/242\/revisions"}],"predecessor-version":[{"id":8445,"href":"https:\/\/novidan.ba\/de\/wp-json\/wp\/v2\/pages\/242\/revisions\/8445"}],"wp:featuredmedia":[{"embeddable":true,"href":"https:\/\/novidan.ba\/de\/wp-json\/wp\/v2\/media\/4303"}],"wp:attachment":[{"href":"https:\/\/novidan.ba\/de\/wp-json\/wp\/v2\/media?parent=242"}],"curies":[{"name":"wp","href":"https:\/\/api.w.org\/{rel}","templated":true}]}}