{"id":1315,"date":"2019-01-23T23:19:58","date_gmt":"2019-01-23T22:19:58","guid":{"rendered":"http:\/\/novidan.ba\/?page_id=1315"},"modified":"2024-01-20T02:16:54","modified_gmt":"2024-01-20T01:16:54","slug":"shipping-return-refund-policy","status":"publish","type":"page","link":"https:\/\/novidan.ba\/de\/shipping-return-refund-policy\/","title":{"rendered":"Versand-, R\u00fcckgabe- und R\u00fcckerstattungsrichtlinie"},"content":{"rendered":"<p style=\"text-align:center\" class=\"has-medium-font-size\">Vielen Dank f\u00fcr Ihren Einkauf bei Novidan.ba. <\/p>\n\n\n\n<p class=\"has-medium-font-size\"><br><strong>Wenn Sie mit Ihrem Kauf nicht ganz zufrieden sind, helfen wir Ihnen gerne weiter.<\/strong><\/p>\n\n\n\n<h4 class=\"wp-block-heading\"><strong>Kehrt zur\u00fcck<\/strong><\/h4>\n\n\n\n<p>Wir akzeptieren gerne R\u00fcckgaben, Umtausch und Stornierungen.<br>Kontaktieren Sie uns innerhalb von: 14 Tagen nach Lieferung<br>Versenden Sie Artikel innerhalb von: 21 Tagen nach Lieferung<br>Beantragen Sie eine Stornierung innerhalb von: 1 Stunde nach dem Kauf  <\/p>\n\n\n\n<h4 class=\"wp-block-heading\"><strong>R\u00fcckgabebedingungen<\/strong>         <\/h4>\n\n\n\n<p>K\u00e4ufer sind f\u00fcr die R\u00fccksendekosten verantwortlich. Wenn der Artikel nicht im Originalzustand zur\u00fcckgegeben wird, tr\u00e4gt der K\u00e4ufer den Wertverlust.<\/p>\n\n\n\n<h4 class=\"wp-block-heading\"><strong>Versand<\/strong><\/h4>\n\n\n\n<p>Bearbeitungszeit: Die Zeit, die ich ben\u00f6tige, um eine Bestellung f\u00fcr den Versand vorzubereiten 1 \u2013 2 Werktage.<\/p>\n\n\n\n<h4 class=\"wp-block-heading\"><strong>Gesch\u00e4tzte Lieferzeiten<\/strong>  <\/h4>\n\n\n\n<p>                                                                                                                                                     Nordamerika: 7-21 Werktage Europa: 7-15 Werktage     <\/p>\n\n\n\n<h4 class=\"wp-block-heading\"><strong>Zoll und Einfuhrsteuern<\/strong> <\/h4>\n\n\n\n<p>K\u00e4ufer sind f\u00fcr eventuell anfallende Zoll- und Einfuhrsteuern verantwortlich. Ich bin nicht verantwortlich f\u00fcr Verz\u00f6gerungen aufgrund des Zolls.               <\/p>\n\n\n\n<h4 class=\"wp-block-heading\"><strong> Fragen zu Ihrer Bestellung? <\/strong><br><\/h4>\n\n\n\n<p>Bitte <a href=\"mailto:novidan365@gmail.com\">kontaktiere uns<\/a> wenn Sie Probleme mit Ihrer Bestellung haben.<\/p>\n\n\n\n<p><a href=\"http:\/\/novidan.ba\/de\/#contact\">KONTAKT FORMULAR<\/a><\/p>","protected":false},"excerpt":{"rendered":"<p>Thanks for shopping at \u200bNovidan.ba \u200b. If you are not entirely satisfied with your purchase, we&#8217;re here to help. Returns We gladly accept returns, exchanges, and cancellations.Contact us within: 14 days of deliverShip items back within: 21 days of deliverRequest a cancellation within: 1 hour of purchase Conditions of return [&hellip;]<\/p>\n","protected":false},"author":2,"featured_media":0,"parent":0,"menu_order":0,"comment_status":"closed","ping_status":"closed","template":"","meta":{"_monsterinsights_skip_tracking":false,"_monsterinsights_sitenote_active":false,"_monsterinsights_sitenote_note":"","_monsterinsights_sitenote_category":0,"_joinchat":[],"footnotes":""},"class_list":["post-1315","page","type-page","status-publish","hentry"],"yoast_head":"<!-- This site is optimized with the Yoast SEO plugin v27.5 - https:\/\/yoast.com\/product\/yoast-seo-wordpress\/ -->\n<title>Shipping, Return &amp; Refund Policy - Helichrysum italicum oil<\/title>\n<meta name=\"description\" content=\"Thanks for shopping at \u200bNovidan.ba \u200b. If you are not entirely satisfied with your purchase, we&#039;re here to help. Returns We gladly accept returns,\" \/>\n<meta name=\"robots\" content=\"index, follow, max-snippet:-1, max-image-preview:large, max-video-preview:-1\" \/>\n<link rel=\"canonical\" href=\"https:\/\/novidan.ba\/de\/shipping-return-refund-policy\/\" \/>\n<meta property=\"og:locale\" content=\"de_DE\" \/>\n<meta property=\"og:type\" content=\"article\" \/>\n<meta property=\"og:title\" content=\"Shipping, Return &amp; Refund Policy - Helichrysum italicum oil\" \/>\n<meta property=\"og:description\" content=\"Thanks for shopping at \u200bNovidan.ba \u200b. If you are not entirely satisfied with your purchase, we&#039;re here to help. Returns We gladly accept returns,\" \/>\n<meta property=\"og:url\" content=\"https:\/\/novidan.ba\/de\/shipping-return-refund-policy\/\" \/>\n<meta property=\"og:site_name\" content=\"Helichrysum italicum oil\" \/>\n<meta property=\"article:publisher\" content=\"https:\/\/www.facebook.com\/novidannn\/\" \/>\n<meta property=\"article:modified_time\" content=\"2024-01-20T01:16:54+00:00\" \/>\n<meta property=\"og:image\" content=\"https:\/\/novidan.ba\/wp-content\/uploads\/2024\/01\/beautifull-helichrysum-italicum-oil-plant-1.jpg\" \/>\n\t<meta property=\"og:image:width\" content=\"712\" \/>\n\t<meta property=\"og:image:height\" content=\"733\" \/>\n\t<meta property=\"og:image:type\" content=\"image\/jpeg\" \/>\n<meta name=\"twitter:card\" content=\"summary_large_image\" \/>\n<meta name=\"twitter:site\" content=\"@HelichrysumOrg\" \/>\n<meta name=\"twitter:label1\" content=\"Gesch\u00e4tzte Lesezeit\" \/>\n\t<meta name=\"twitter:data1\" content=\"1\u00a0Minute\" \/>\n<script type=\"application\/ld+json\" class=\"yoast-schema-graph\">{\"@context\":\"https:\\\/\\\/schema.org\",\"@graph\":[{\"@type\":[\"WebPage\",\"FAQPage\"],\"@id\":\"https:\\\/\\\/novidan.ba\\\/shipping-return-refund-policy\\\/\",\"url\":\"https:\\\/\\\/novidan.ba\\\/shipping-return-refund-policy\\\/\",\"name\":\"Shipping, Return & Refund Policy - Helichrysum italicum oil\",\"isPartOf\":{\"@id\":\"https:\\\/\\\/novidan.ba\\\/#website\"},\"datePublished\":\"2019-01-23T22:19:58+00:00\",\"dateModified\":\"2024-01-20T01:16:54+00:00\",\"description\":\"Thanks for shopping at \u200bNovidan.ba \u200b. If you are not entirely satisfied with your purchase, we're here to help. Returns We gladly accept returns,\",\"breadcrumb\":{\"@id\":\"https:\\\/\\\/novidan.ba\\\/shipping-return-refund-policy\\\/#breadcrumb\"},\"inLanguage\":\"de\",\"potentialAction\":[{\"@type\":\"ReadAction\",\"target\":[\"https:\\\/\\\/novidan.ba\\\/shipping-return-refund-policy\\\/\"]}]},{\"@type\":\"BreadcrumbList\",\"@id\":\"https:\\\/\\\/novidan.ba\\\/shipping-return-refund-policy\\\/#breadcrumb\",\"itemListElement\":[{\"@type\":\"ListItem\",\"position\":1,\"name\":\"Home\",\"item\":\"https:\\\/\\\/novidan.ba\\\/\"},{\"@type\":\"ListItem\",\"position\":2,\"name\":\"Shipping, Return &#038; Refund Policy\"}]},{\"@type\":\"WebSite\",\"@id\":\"https:\\\/\\\/novidan.ba\\\/#website\",\"url\":\"https:\\\/\\\/novidan.ba\\\/\",\"name\":\"Helichrysum italicum oil\",\"description\":\"Helichrysum Italicum oil Farm and Distillery\",\"publisher\":{\"@id\":\"https:\\\/\\\/novidan.ba\\\/#organization\"},\"alternateName\":\"Helichrysum oil\",\"potentialAction\":[{\"@type\":\"SearchAction\",\"target\":{\"@type\":\"EntryPoint\",\"urlTemplate\":\"https:\\\/\\\/novidan.ba\\\/?s={search_term_string}\"},\"query-input\":{\"@type\":\"PropertyValueSpecification\",\"valueRequired\":true,\"valueName\":\"search_term_string\"}}],\"inLanguage\":\"de\"},{\"@type\":\"Organization\",\"@id\":\"https:\\\/\\\/novidan.ba\\\/#organization\",\"name\":\"Helichrysum essential oil farm\",\"alternateName\":\"Essential oil distillery - New Day\",\"url\":\"https:\\\/\\\/novidan.ba\\\/\",\"logo\":{\"@type\":\"ImageObject\",\"inLanguage\":\"de\",\"@id\":\"https:\\\/\\\/novidan.ba\\\/#\\\/schema\\\/logo\\\/image\\\/\",\"url\":\"https:\\\/\\\/novidan.ba\\\/wp-content\\\/uploads\\\/2020\\\/03\\\/heichrysum_italicum.jpg\",\"contentUrl\":\"https:\\\/\\\/novidan.ba\\\/wp-content\\\/uploads\\\/2020\\\/03\\\/heichrysum_italicum.jpg\",\"width\":200,\"height\":200,\"caption\":\"Helichrysum essential oil farm\"},\"image\":{\"@id\":\"https:\\\/\\\/novidan.ba\\\/#\\\/schema\\\/logo\\\/image\\\/\"},\"sameAs\":[\"https:\\\/\\\/www.facebook.com\\\/novidannn\\\/\",\"https:\\\/\\\/x.com\\\/HelichrysumOrg\",\"https:\\\/\\\/www.instagram.com\\\/helichrysum_italicum\\\/\",\"https:\\\/\\\/www.linkedin.com\\\/in\\\/helichrysum-italicum\\\/\",\"https:\\\/\\\/www.youtube.com\\\/channel\\\/UCOhCOan0gVq1RFDPZDDo9Pw\"]}]}<\/script>\n<!-- \/ Yoast SEO plugin. -->","yoast_head_json":{"title":"Shipping, Return & Refund Policy - Helichrysum italicum oil","description":"Thanks for shopping at \u200bNovidan.ba \u200b. If you are not entirely satisfied with your purchase, we're here to help. Returns We gladly accept returns,","robots":{"index":"index","follow":"follow","max-snippet":"max-snippet:-1","max-image-preview":"max-image-preview:large","max-video-preview":"max-video-preview:-1"},"canonical":"https:\/\/novidan.ba\/de\/shipping-return-refund-policy\/","og_locale":"de_DE","og_type":"article","og_title":"Shipping, Return & Refund Policy - Helichrysum italicum oil","og_description":"Thanks for shopping at \u200bNovidan.ba \u200b. If you are not entirely satisfied with your purchase, we're here to help. Returns We gladly accept returns,","og_url":"https:\/\/novidan.ba\/de\/shipping-return-refund-policy\/","og_site_name":"Helichrysum italicum oil","article_publisher":"https:\/\/www.facebook.com\/novidannn\/","article_modified_time":"2024-01-20T01:16:54+00:00","og_image":[{"width":712,"height":733,"url":"https:\/\/novidan.ba\/wp-content\/uploads\/2024\/01\/beautifull-helichrysum-italicum-oil-plant-1.jpg","type":"image\/jpeg"}],"twitter_card":"summary_large_image","twitter_site":"@HelichrysumOrg","twitter_misc":{"Gesch\u00e4tzte Lesezeit":"1\u00a0Minute"},"schema":{"@context":"https:\/\/schema.org","@graph":[{"@type":["WebPage","FAQPage"],"@id":"https:\/\/novidan.ba\/shipping-return-refund-policy\/","url":"https:\/\/novidan.ba\/shipping-return-refund-policy\/","name":"Shipping, Return & Refund Policy - Helichrysum italicum oil","isPartOf":{"@id":"https:\/\/novidan.ba\/#website"},"datePublished":"2019-01-23T22:19:58+00:00","dateModified":"2024-01-20T01:16:54+00:00","description":"Thanks for shopping at \u200bNovidan.ba \u200b. If you are not entirely satisfied with your purchase, we're here to help. Returns We gladly accept returns,","breadcrumb":{"@id":"https:\/\/novidan.ba\/shipping-return-refund-policy\/#breadcrumb"},"inLanguage":"de","potentialAction":[{"@type":"ReadAction","target":["https:\/\/novidan.ba\/shipping-return-refund-policy\/"]}]},{"@type":"BreadcrumbList","@id":"https:\/\/novidan.ba\/shipping-return-refund-policy\/#breadcrumb","itemListElement":[{"@type":"ListItem","position":1,"name":"Home","item":"https:\/\/novidan.ba\/"},{"@type":"ListItem","position":2,"name":"Shipping, Return &#038; Refund Policy"}]},{"@type":"WebSite","@id":"https:\/\/novidan.ba\/#website","url":"https:\/\/novidan.ba\/","name":"Helichrysum italicum \u00d6l","description":"Helichrysum Italicum oil Farm and Distillery","publisher":{"@id":"https:\/\/novidan.ba\/#organization"},"alternateName":"Helichrysum oil","potentialAction":[{"@type":"SearchAction","target":{"@type":"EntryPoint","urlTemplate":"https:\/\/novidan.ba\/?s={search_term_string}"},"query-input":{"@type":"PropertyValueSpecification","valueRequired":true,"valueName":"search_term_string"}}],"inLanguage":"de"},{"@type":"Organization","@id":"https:\/\/novidan.ba\/#organization","name":"Helichrysum essential oil farm","alternateName":"Essential oil distillery - New Day","url":"https:\/\/novidan.ba\/","logo":{"@type":"ImageObject","inLanguage":"de","@id":"https:\/\/novidan.ba\/#\/schema\/logo\/image\/","url":"https:\/\/novidan.ba\/wp-content\/uploads\/2020\/03\/heichrysum_italicum.jpg","contentUrl":"https:\/\/novidan.ba\/wp-content\/uploads\/2020\/03\/heichrysum_italicum.jpg","width":200,"height":200,"caption":"Helichrysum essential oil farm"},"image":{"@id":"https:\/\/novidan.ba\/#\/schema\/logo\/image\/"},"sameAs":["https:\/\/www.facebook.com\/novidannn\/","https:\/\/x.com\/HelichrysumOrg","https:\/\/www.instagram.com\/helichrysum_italicum\/","https:\/\/www.linkedin.com\/in\/helichrysum-italicum\/","https:\/\/www.youtube.com\/channel\/UCOhCOan0gVq1RFDPZDDo9Pw"]}]}},"_links":{"self":[{"href":"https:\/\/novidan.ba\/de\/wp-json\/wp\/v2\/pages\/1315","targetHints":{"allow":["GET"]}}],"collection":[{"href":"https:\/\/novidan.ba\/de\/wp-json\/wp\/v2\/pages"}],"about":[{"href":"https:\/\/novidan.ba\/de\/wp-json\/wp\/v2\/types\/page"}],"author":[{"embeddable":true,"href":"https:\/\/novidan.ba\/de\/wp-json\/wp\/v2\/users\/2"}],"replies":[{"embeddable":true,"href":"https:\/\/novidan.ba\/de\/wp-json\/wp\/v2\/comments?post=1315"}],"version-history":[{"count":1,"href":"https:\/\/novidan.ba\/de\/wp-json\/wp\/v2\/pages\/1315\/revisions"}],"predecessor-version":[{"id":8372,"href":"https:\/\/novidan.ba\/de\/wp-json\/wp\/v2\/pages\/1315\/revisions\/8372"}],"wp:attachment":[{"href":"https:\/\/novidan.ba\/de\/wp-json\/wp\/v2\/media?parent=1315"}],"curies":[{"name":"wp","href":"https:\/\/api.w.org\/{rel}","templated":true}]}}